{"id":4505,"date":"2024-05-20T07:12:58","date_gmt":"2024-05-20T07:12:58","guid":{"rendered":"https:\/\/divasbcn.com\/nosotros\/"},"modified":"2024-06-18T17:02:05","modified_gmt":"2024-06-18T17:02:05","slug":"nos","status":"publish","type":"page","link":"https:\/\/divasbcn.com\/pt-pt\/nos\/","title":{"rendered":"N\u00f3s"},"content":{"rendered":"<section class=\"l-section wpb_row height_medium color_footer-bottom with_img parallax_ver parallax_xpos_left with_shape\"><div class=\"l-section-img lazyload\" role=\"img\" data-img-width=\"950\" data-img-height=\"634\" style=\"background-image:inherit;background-position: center left;\" data-bg-image=\"url(https:\/\/divasbcn.com\/wp-content\/uploads\/2021\/11\/8.jpeg)\"><\/div><div class=\"l-section-overlay\" style=\"background:rgba(26,26,26,0.65)\"><\/div><div class=\"l-section-shape type_triangle pos_bottom\" style=\"height:15vmin;\"><svg xmlns=\"http:\/\/www.w3.org\/2000\/svg\" viewBox=\"0 0 64 8\" preserveAspectRatio=\"none\" width=\"100%\" height=\"100%\">\r\n\t<path fill=\"currentColor\" d=\"M64 8 L0 8 L0 0 L32 7.9 L64 0 Z\"\/>\r\n<\/svg><\/div><div class=\"l-section-h i-cf\"><div class=\"g-cols vc_row via_grid cols_1 laptops-cols_inherit tablets-cols_inherit mobiles-cols_1 valign_top type_default stacking_default\"><div class=\"wpb_column vc_column_container\"><div class=\"vc_column-inner\"><div class=\"w-separator size_custom\" style=\"height:150px\" id=\"fe53\"><style><\/style><\/div><div class=\"wpb_text_column us_custom_e2aee182\"><div class=\"wpb_wrapper\"><h1 style=\"text-align: center;\">Sobre <strong>n\u00f3s<\/strong><\/h1>\n<\/div><\/div><div class=\"w-separator size_custom\" style=\"height:150px\" id=\"u1e8\"><style><\/style><\/div><\/div><\/div><\/div><\/div><\/section><section class=\"l-section wpb_row height_large\"><div class=\"l-section-h i-cf\"><div class=\"g-cols vc_row via_grid cols_1 laptops-cols_inherit tablets-cols_inherit mobiles-cols_1 valign_top type_default stacking_default\"><div class=\"wpb_column vc_column_container\"><div class=\"vc_column-inner\"><div class=\"wpb_text_column us_custom_77f343dd\"><div class=\"wpb_wrapper\"><p style=\"text-align: center;\"><strong>Divas BCN<\/strong><\/p>\n<\/div><\/div><div class=\"w-separator size_custom\" style=\"height:50px\" id=\"s7f9\"><style><\/style><\/div><div class=\"wpb_text_column\"><div class=\"wpb_wrapper\"><p style=\"text-align: center;\">Bem-vindo a <a href=\"https:\/\/divasbcn.com\/pt-pt\/\">Divas BCN<\/a>; ag\u00eancia de acompanhantes de luxo situada em Barcelona. Na nossa ag\u00eancia de acompanhantes encontrar\u00e1s apenas as acompanhantes mais exclusivas, transbordantes de sensualidade e beleza natural.<\/p>\n<p style=\"text-align: center;\">Todas as acompanhantes s\u00e3o de alto n\u00edvel intelectual, dispostas e imaginativas para realizar todas as tuas fantasias e oferecer-te uma experi\u00eancia inesquec\u00edvel. Realizamos castings exaustivos para selecionar as acompanhantes de luxo perfeitas para os teus eventos, reuni\u00f5es, jantares e viagens.<\/p>\n<\/div><\/div><\/div><\/div><\/div><\/div><\/section><section class=\"l-section wpb_row height_custom\"><div class=\"l-section-overlay\" style=\"background:linear-gradient(135deg,#d1a84f,#362605)\"><\/div><div class=\"l-section-h i-cf\"><div class=\"g-cols vc_row via_grid cols_1 laptops-cols_inherit tablets-cols_inherit mobiles-cols_1 valign_top type_default stacking_default\"><div class=\"wpb_column vc_column_container\"><div class=\"vc_column-inner\"><\/div><\/div><\/div><\/div><\/section><section class=\"l-section wpb_row height_large color_footer-bottom with_img parallax_ver with_shape\"><div class=\"l-section-img lazyload\" role=\"img\" data-img-width=\"950\" data-img-height=\"634\" style=\"background-image:inherit;\" data-bg-image=\"url(https:\/\/divasbcn.com\/wp-content\/uploads\/2021\/11\/5.jpeg)\"><\/div><div class=\"l-section-overlay\" style=\"background:rgba(26,26,26,0.65)\"><\/div><div class=\"l-section-shape type_triangle pos_bottom\" style=\"height:15vmin;\"><svg xmlns=\"http:\/\/www.w3.org\/2000\/svg\" viewBox=\"0 0 64 8\" preserveAspectRatio=\"none\" width=\"100%\" height=\"100%\">\r\n\t<path fill=\"currentColor\" d=\"M64 8 L0 8 L0 0 L32 7.9 L64 0 Z\"\/>\r\n<\/svg><\/div><div class=\"l-section-h i-cf\"><div class=\"g-cols vc_row via_grid cols_1 laptops-cols_inherit tablets-cols_inherit mobiles-cols_1 valign_top type_boxes stacking_default\" style=\"--columns-gap:0rem;\"><div class=\"wpb_column vc_column_container\"><div class=\"vc_column-inner\"><div class=\"wpb_text_column us_custom_77f343dd\"><div class=\"wpb_wrapper\"><p style=\"text-align: center;\"><strong>Os nossos valores<\/strong><\/p>\n<\/div><\/div><div class=\"w-separator size_custom\" style=\"height:50px\" id=\"q58d\"><style><\/style><\/div><div class=\"g-cols wpb_row via_grid cols_2 laptops-cols_inherit tablets-cols_inherit mobiles-cols_1 valign_top type_default stacking_default\" style=\"--columns-gap:3rem;\"><div class=\"wpb_column vc_column_container\"><div class=\"vc_column-inner\"><div class=\"w-image align_center\"><div class=\"w-image-h\"><img decoding=\"async\" width=\"1024\" height=\"683\" data-src=\"https:\/\/divasbcn.com\/wp-content\/uploads\/2021\/11\/11-1024x683.jpeg\" class=\"attachment-large size-large lazyload\" alt=\"\" data-srcset=\"https:\/\/divasbcn.com\/wp-content\/uploads\/2021\/11\/11-1024x683.jpeg 1024w, https:\/\/divasbcn.com\/wp-content\/uploads\/2021\/11\/11-300x200.jpeg 300w, https:\/\/divasbcn.com\/wp-content\/uploads\/2021\/11\/11-450x300.jpeg 450w, https:\/\/divasbcn.com\/wp-content\/uploads\/2021\/11\/11-600x400.jpeg 600w, https:\/\/divasbcn.com\/wp-content\/uploads\/2021\/11\/11-scaled.jpeg 950w\" data-sizes=\"auto, (max-width: 1024px) 100vw, 1024px\" src=\"data:image\/gif;base64,R0lGODlhAQABAAAAACH5BAEKAAEALAAAAAABAAEAAAICTAEAOw==\" style=\"--smush-placeholder-width: 1024px; --smush-placeholder-aspect-ratio: 1024\/683;\" \/><\/div><\/div><\/div><\/div><div class=\"wpb_column vc_column_container\"><div class=\"vc_column-inner\"><div class=\"wpb_text_column\"><div class=\"wpb_wrapper\"><ul>\n<li>Discri\u00e7\u00e3o<\/li>\n<li>Confidencialidade<\/li>\n<li>Transpar\u00eancia<\/li>\n<li>Verdade<\/li>\n<\/ul>\n<p>Oferecemos absoluta confidencialidade a todos os nossos clientes, proporcionando tranquilidade e confian\u00e7a em todas as nossas conversas e reservas.<\/p>\n<p>Transpar\u00eancia e veracidade, todas as fotografias dos modelos s\u00e3o 100% reais, actualizadas e tiradas da forma mais natural poss\u00edvel. O modelo com quem fizeres a reserva atrav\u00e9s do nosso site ser\u00e1 o mesmo modelo com quem far\u00e1s a marca\u00e7\u00e3o.<\/p>\n<\/div><\/div><\/div><\/div><\/div><div class=\"w-separator size_custom\" style=\"height:50px\" id=\"k1d9\"><style><\/style><\/div><\/div><\/div><\/div><\/div><\/section><section class=\"l-section wpb_row height_large\"><div class=\"l-section-h i-cf\"><div class=\"g-cols vc_row via_grid cols_1 laptops-cols_inherit tablets-cols_inherit mobiles-cols_1 valign_top type_default stacking_default\"><div class=\"wpb_column vc_column_container\"><div class=\"vc_column-inner\"><div class=\"wpb_text_column us_custom_77f343dd\"><div class=\"wpb_wrapper\"><p style=\"text-align: center;\"><strong>Contacto e reservas<\/strong><\/p>\n<\/div><\/div><div class=\"w-separator size_custom\" style=\"height:50px\" id=\"g886\"><style><\/style><\/div><div class=\"w-separator size_custom\" style=\"height:50px\" id=\"d933\"><style><\/style><\/div><div class=\"g-cols wpb_row via_grid cols_3 laptops-cols_inherit tablets-cols_inherit mobiles-cols_1 valign_top type_default stacking_default\" style=\"--columns-gap:3rem;\"><div class=\"wpb_column vc_column_container\"><div class=\"vc_column-inner\"><div class=\"w-iconbox us_custom_db0242dc iconpos_top style_circle color_primary align_center no_text\"><div class=\"w-iconbox-icon\" style=\"font-size:1.7rem;\"><i class=\"fas fa-heart\"><\/i><\/div><div class=\"w-iconbox-meta\"><span class=\"w-iconbox-title\">Prazer ilimitado<\/span><\/div><\/div><\/div><\/div><div class=\"wpb_column vc_column_container\"><div class=\"vc_column-inner\"><div class=\"w-iconbox us_custom_67a1de59 iconpos_top style_circle color_primary align_center no_text\"><div class=\"w-iconbox-icon\" style=\"font-size:1.7rem;\"><i class=\"fas fa-star\"><\/i><\/div><div class=\"w-iconbox-meta\"><span class=\"w-iconbox-title\">Experi\u00eancias de luxo<\/span><\/div><\/div><\/div><\/div><div class=\"wpb_column vc_column_container\"><div class=\"vc_column-inner\"><div class=\"w-iconbox us_custom_67a1de59 iconpos_top style_circle color_primary align_center no_text\"><div class=\"w-iconbox-icon\" style=\"font-size:1.7rem;\"><i class=\"fas fa-lock\"><\/i><\/div><div class=\"w-iconbox-meta\"><span class=\"w-iconbox-title\">Privacidade<\/span><\/div><\/div><\/div><\/div><\/div><div class=\"w-separator size_custom\" style=\"height:50px\" id=\"d240\"><style><\/style><\/div><div class=\"w-separator size_custom\" style=\"height:50px\" id=\"n2eb\"><style><\/style><\/div><div class=\"wpb_text_column .grecaptcha-badge { visibility: hidden; }\"><div class=\"wpb_wrapper\"><p style=\"text-align: center;\">Se quiseres contactar-nos para fazer um pedido de informa\u00e7\u00e3o ou marcar uma consulta, podes <a href=\"tel:+34665113659\">telefonar<\/a> ou enviar um <a href=\"https:\/\/wa.me\/+34665113659?text=Ol\u00e1+DivasBcn,+preciso+de+informa\u00e7\u00f5es\">WhatsApp<\/a> para <span class=\"w-text-value\">+34 665 113 659<\/span> ou podes tamb\u00e9m escrever-nos um e-mail ou preencher o seguinte formul\u00e1rio de contacto.<\/p>\n<p style=\"text-align: center;\">Teremos todo o prazer em ajudar-te sem qualquer compromisso.<\/p>\n<\/div><\/div><div class=\"w-separator size_custom\" style=\"height:50px\" id=\"f52b\"><style><\/style><\/div><div class=\"w-separator size_custom with_line width_50 thick_1 style_solid color_text align_center\" style=\"height:50px\" id=\"n5e0\"><style><\/style><div class=\"w-separator-h\"><\/div><\/div><div class=\"w-separator size_custom\" style=\"height:50px\" id=\"a68a\"><style><\/style><\/div><div class=\"g-cols wpb_row via_grid cols_1-2-1 laptops-cols_inherit tablets-cols_inherit mobiles-cols_1 valign_top type_default stacking_default\" style=\"--columns-gap:3rem;\"><div class=\"wpb_column vc_column_container\"><div class=\"vc_column-inner\"><\/div><\/div><div class=\"wpb_column vc_column_container\"><div class=\"vc_column-inner\">\n<div class=\"wpcf7 no-js\" id=\"wpcf7-f4463-o1\" lang=\"es-ES\" dir=\"ltr\" data-wpcf7-id=\"4463\">\n<div class=\"screen-reader-response\"><p role=\"status\" aria-live=\"polite\" aria-atomic=\"true\"><\/p> <ul><\/ul><\/div>\n<form action=\"\/pt-pt\/wp-json\/wp\/v2\/pages\/4505#wpcf7-f4463-o1\" method=\"post\" class=\"wpcf7-form init\" aria-label=\"Formulario de contacto\" novalidate=\"novalidate\" data-status=\"init\">\n<div style=\"display: none;\">\n<input type=\"hidden\" name=\"_wpcf7\" value=\"4463\" \/>\n<input type=\"hidden\" name=\"_wpcf7_version\" value=\"6.0.6\" \/>\n<input type=\"hidden\" name=\"_wpcf7_locale\" value=\"es_ES\" \/>\n<input type=\"hidden\" name=\"_wpcf7_unit_tag\" value=\"wpcf7-f4463-o1\" \/>\n<input type=\"hidden\" name=\"_wpcf7_container_post\" value=\"0\" \/>\n<input type=\"hidden\" name=\"_wpcf7_posted_data_hash\" value=\"\" \/>\n<input type=\"hidden\" name=\"_wpcf7_recaptcha_response\" value=\"\" \/>\n<\/div>\n<p><label> Nome (obrigat\u00f3rio)<br \/>\n<span class=\"wpcf7-form-control-wrap\" data-name=\"your-name\"><input size=\"40\" maxlength=\"400\" class=\"wpcf7-form-control wpcf7-text wpcf7-validates-as-required\" aria-required=\"true\" aria-invalid=\"false\" value=\"\" type=\"text\" name=\"your-name\" \/><\/span> <\/label>\n<\/p>\n<p><label> N\u00famero de telefone (opcional)<br \/>\n<span class=\"wpcf7-form-control-wrap\" data-name=\"tel-648\"><input size=\"40\" maxlength=\"400\" class=\"wpcf7-form-control wpcf7-tel wpcf7-text wpcf7-validates-as-tel\" aria-invalid=\"false\" value=\"\" type=\"tel\" name=\"tel-648\" \/><\/span> <\/label>\n<\/p>\n<p><label> E-mail (obrigat\u00f3rio)<br \/>\n<span class=\"wpcf7-form-control-wrap\" data-name=\"your-email\"><input size=\"40\" maxlength=\"400\" class=\"wpcf7-form-control wpcf7-email wpcf7-validates-as-required wpcf7-text wpcf7-validates-as-email\" aria-required=\"true\" aria-invalid=\"false\" value=\"\" type=\"email\" name=\"your-email\" \/><\/span> <\/label>\n<\/p>\n<p><label> Assunto (obrigat\u00f3rio)<br \/>\n<span class=\"wpcf7-form-control-wrap\" data-name=\"your-subject\"><input size=\"40\" maxlength=\"400\" class=\"wpcf7-form-control wpcf7-text wpcf7-validates-as-required\" aria-required=\"true\" aria-invalid=\"false\" value=\"\" type=\"text\" name=\"your-subject\" \/><\/span> <\/label>\n<\/p>\n<p><label> Mensagem (obrigat\u00f3rio)<br \/>\n<span class=\"wpcf7-form-control-wrap\" data-name=\"your-message\"><textarea cols=\"40\" rows=\"10\" maxlength=\"2000\" class=\"wpcf7-form-control wpcf7-textarea wpcf7-validates-as-required\" aria-required=\"true\" aria-invalid=\"false\" name=\"your-message\"><\/textarea><\/span> <\/label>\n<\/p>\n<p><input class=\"wpcf7-form-control wpcf7-submit has-spinner\" type=\"submit\" value=\"enviar\" \/>\n<\/p>\n<p>This site is protected by reCAPTCHA Enterprise and the Google <a href=\"https:\/\/policies.google.com\/privacy\" rel=\"nofollow\" rel=\"noopener\">Privacy Policy<\/a> and <a href=\"https:\/\/policies.google.com\/terms\" rel=\"noopener\" rel=\"nofollow\">Terms of Service<\/a> apply.\n<\/p><div class=\"wpcf7-response-output\" aria-hidden=\"true\"><\/div>\n<\/form>\n<\/div>\n<\/div><\/div><div class=\"wpb_column vc_column_container\"><div class=\"vc_column-inner\"><\/div><\/div><\/div><div class=\"w-separator size_custom\" style=\"height:50px\" id=\"gc0f\"><style><\/style><\/div><\/div><\/div><\/div><\/div><\/section>\n","protected":false},"excerpt":{"rendered":"Sobre n\u00f3s Divas BCN Bem-vindo a Divas BCN; ag\u00eancia de acompanhantes de luxo situada em Barcelona. Na nossa ag\u00eancia de acompanhantes encontrar\u00e1s apenas as acompanhantes mais exclusivas, transbordantes de sensualidade e beleza natural. Todas as acompanhantes s\u00e3o de alto n\u00edvel intelectual, dispostas e imaginativas para realizar todas as tuas fantasias e oferecer-te uma experi\u00eancia inesquec\u00edvel....","protected":false},"author":1,"featured_media":0,"parent":0,"menu_order":0,"comment_status":"closed","ping_status":"closed","template":"","meta":{"_joinchat":{"message_text":"Bem-vindo ao Divas BCN.\nComo podemos te ajudar?","message_send":"Ol\u00e1 Divas BCN, gostaria de mais informa\u00e7\u00f5es sobre seus servi\u00e7os"},"footnotes":""},"class_list":["post-4505","page","type-page","status-publish","hentry"],"yoast_head":"<!-- This site is optimized with the Yoast SEO plugin v25.3.1 - https:\/\/yoast.com\/wordpress\/plugins\/seo\/ -->\n<title>Sobre n\u00f3s - Divas BCN<\/title>\n<meta name=\"description\" content=\"Bem-vindo a Divas BCN; ag\u00eancia de acompanhantes de luxo situada em Barcelona. Na nossa ag\u00eancia s\u00f3 encontras acompanhantes.\" \/>\n<meta name=\"robots\" content=\"index, follow, max-snippet:-1, max-image-preview:large, max-video-preview:-1\" \/>\n<link rel=\"canonical\" href=\"https:\/\/divasbcn.com\/pt-pt\/nos\/\" \/>\n<meta property=\"og:locale\" content=\"pt_PT\" \/>\n<meta property=\"og:type\" content=\"article\" \/>\n<meta property=\"og:title\" content=\"Sobre n\u00f3s - Divas BCN\" \/>\n<meta property=\"og:description\" content=\"Bem-vindo a Divas BCN; ag\u00eancia de acompanhantes de luxo situada em Barcelona. Na nossa ag\u00eancia s\u00f3 encontras acompanhantes.\" \/>\n<meta property=\"og:url\" content=\"https:\/\/divasbcn.com\/pt-pt\/nos\/\" \/>\n<meta property=\"og:site_name\" content=\"Divas BCN\" \/>\n<meta property=\"article:modified_time\" content=\"2024-06-18T17:02:05+00:00\" \/>\n<meta name=\"twitter:card\" content=\"summary_large_image\" \/>\n<meta name=\"twitter:label1\" content=\"Tempo estimado de leitura\" \/>\n\t<meta name=\"twitter:data1\" content=\"5 minutos\" \/>\n<script type=\"application\/ld+json\" class=\"yoast-schema-graph\">{\"@context\":\"https:\/\/schema.org\",\"@graph\":[{\"@type\":\"WebPage\",\"@id\":\"https:\/\/divasbcn.com\/pt-pt\/nos\/\",\"url\":\"https:\/\/divasbcn.com\/pt-pt\/nos\/\",\"name\":\"Sobre n\u00f3s - Divas BCN\",\"isPartOf\":{\"@id\":\"https:\/\/divasbcn.com\/pt-pt\/#website\"},\"datePublished\":\"2024-05-20T07:12:58+00:00\",\"dateModified\":\"2024-06-18T17:02:05+00:00\",\"description\":\"Bem-vindo a Divas BCN; ag\u00eancia de acompanhantes de luxo situada em Barcelona. Na nossa ag\u00eancia s\u00f3 encontras acompanhantes.\",\"breadcrumb\":{\"@id\":\"https:\/\/divasbcn.com\/pt-pt\/nos\/#breadcrumb\"},\"inLanguage\":\"pt-PT\",\"potentialAction\":[{\"@type\":\"ReadAction\",\"target\":[\"https:\/\/divasbcn.com\/pt-pt\/nos\/\"]}]},{\"@type\":\"BreadcrumbList\",\"@id\":\"https:\/\/divasbcn.com\/pt-pt\/nos\/#breadcrumb\",\"itemListElement\":[{\"@type\":\"ListItem\",\"position\":1,\"name\":\"Portada\",\"item\":\"https:\/\/divasbcn.com\/pt-pt\/\"},{\"@type\":\"ListItem\",\"position\":2,\"name\":\"N\u00f3s\"}]},{\"@type\":\"WebSite\",\"@id\":\"https:\/\/divasbcn.com\/pt-pt\/#website\",\"url\":\"https:\/\/divasbcn.com\/pt-pt\/\",\"name\":\"Divas BCN\",\"description\":\"Escorts de lujo Barcelona\",\"publisher\":{\"@id\":\"https:\/\/divasbcn.com\/pt-pt\/#organization\"},\"potentialAction\":[{\"@type\":\"SearchAction\",\"target\":{\"@type\":\"EntryPoint\",\"urlTemplate\":\"https:\/\/divasbcn.com\/pt-pt\/?s={search_term_string}\"},\"query-input\":{\"@type\":\"PropertyValueSpecification\",\"valueRequired\":true,\"valueName\":\"search_term_string\"}}],\"inLanguage\":\"pt-PT\"},{\"@type\":\"Organization\",\"@id\":\"https:\/\/divasbcn.com\/pt-pt\/#organization\",\"name\":\"Divas BCN\",\"url\":\"https:\/\/divasbcn.com\/pt-pt\/\",\"logo\":{\"@type\":\"ImageObject\",\"inLanguage\":\"pt-PT\",\"@id\":\"https:\/\/divasbcn.com\/pt-pt\/#\/schema\/logo\/image\/\",\"url\":\"https:\/\/divasbcn.com\/wp-content\/uploads\/2021\/12\/Logotipo-Divas-BCN-2.png\",\"contentUrl\":\"https:\/\/divasbcn.com\/wp-content\/uploads\/2021\/12\/Logotipo-Divas-BCN-2.png\",\"width\":416,\"height\":371,\"caption\":\"Divas BCN\"},\"image\":{\"@id\":\"https:\/\/divasbcn.com\/pt-pt\/#\/schema\/logo\/image\/\"}}]}<\/script>\n<!-- \/ Yoast SEO plugin. -->","yoast_head_json":{"title":"Sobre n\u00f3s - Divas BCN","description":"Bem-vindo a Divas BCN; ag\u00eancia de acompanhantes de luxo situada em Barcelona. Na nossa ag\u00eancia s\u00f3 encontras acompanhantes.","robots":{"index":"index","follow":"follow","max-snippet":"max-snippet:-1","max-image-preview":"max-image-preview:large","max-video-preview":"max-video-preview:-1"},"canonical":"https:\/\/divasbcn.com\/pt-pt\/nos\/","og_locale":"pt_PT","og_type":"article","og_title":"Sobre n\u00f3s - Divas BCN","og_description":"Bem-vindo a Divas BCN; ag\u00eancia de acompanhantes de luxo situada em Barcelona. Na nossa ag\u00eancia s\u00f3 encontras acompanhantes.","og_url":"https:\/\/divasbcn.com\/pt-pt\/nos\/","og_site_name":"Divas BCN","article_modified_time":"2024-06-18T17:02:05+00:00","twitter_card":"summary_large_image","twitter_misc":{"Tempo estimado de leitura":"5 minutos"},"schema":{"@context":"https:\/\/schema.org","@graph":[{"@type":"WebPage","@id":"https:\/\/divasbcn.com\/pt-pt\/nos\/","url":"https:\/\/divasbcn.com\/pt-pt\/nos\/","name":"Sobre n\u00f3s - Divas BCN","isPartOf":{"@id":"https:\/\/divasbcn.com\/pt-pt\/#website"},"datePublished":"2024-05-20T07:12:58+00:00","dateModified":"2024-06-18T17:02:05+00:00","description":"Bem-vindo a Divas BCN; ag\u00eancia de acompanhantes de luxo situada em Barcelona. Na nossa ag\u00eancia s\u00f3 encontras acompanhantes.","breadcrumb":{"@id":"https:\/\/divasbcn.com\/pt-pt\/nos\/#breadcrumb"},"inLanguage":"pt-PT","potentialAction":[{"@type":"ReadAction","target":["https:\/\/divasbcn.com\/pt-pt\/nos\/"]}]},{"@type":"BreadcrumbList","@id":"https:\/\/divasbcn.com\/pt-pt\/nos\/#breadcrumb","itemListElement":[{"@type":"ListItem","position":1,"name":"Portada","item":"https:\/\/divasbcn.com\/pt-pt\/"},{"@type":"ListItem","position":2,"name":"N\u00f3s"}]},{"@type":"WebSite","@id":"https:\/\/divasbcn.com\/pt-pt\/#website","url":"https:\/\/divasbcn.com\/pt-pt\/","name":"Divas BCN","description":"Escorts de lujo Barcelona","publisher":{"@id":"https:\/\/divasbcn.com\/pt-pt\/#organization"},"potentialAction":[{"@type":"SearchAction","target":{"@type":"EntryPoint","urlTemplate":"https:\/\/divasbcn.com\/pt-pt\/?s={search_term_string}"},"query-input":{"@type":"PropertyValueSpecification","valueRequired":true,"valueName":"search_term_string"}}],"inLanguage":"pt-PT"},{"@type":"Organization","@id":"https:\/\/divasbcn.com\/pt-pt\/#organization","name":"Divas BCN","url":"https:\/\/divasbcn.com\/pt-pt\/","logo":{"@type":"ImageObject","inLanguage":"pt-PT","@id":"https:\/\/divasbcn.com\/pt-pt\/#\/schema\/logo\/image\/","url":"https:\/\/divasbcn.com\/wp-content\/uploads\/2021\/12\/Logotipo-Divas-BCN-2.png","contentUrl":"https:\/\/divasbcn.com\/wp-content\/uploads\/2021\/12\/Logotipo-Divas-BCN-2.png","width":416,"height":371,"caption":"Divas BCN"},"image":{"@id":"https:\/\/divasbcn.com\/pt-pt\/#\/schema\/logo\/image\/"}}]}},"_links":{"self":[{"href":"https:\/\/divasbcn.com\/pt-pt\/wp-json\/wp\/v2\/pages\/4505","targetHints":{"allow":["GET"]}}],"collection":[{"href":"https:\/\/divasbcn.com\/pt-pt\/wp-json\/wp\/v2\/pages"}],"about":[{"href":"https:\/\/divasbcn.com\/pt-pt\/wp-json\/wp\/v2\/types\/page"}],"author":[{"embeddable":true,"href":"https:\/\/divasbcn.com\/pt-pt\/wp-json\/wp\/v2\/users\/1"}],"replies":[{"embeddable":true,"href":"https:\/\/divasbcn.com\/pt-pt\/wp-json\/wp\/v2\/comments?post=4505"}],"version-history":[{"count":0,"href":"https:\/\/divasbcn.com\/pt-pt\/wp-json\/wp\/v2\/pages\/4505\/revisions"}],"wp:attachment":[{"href":"https:\/\/divasbcn.com\/pt-pt\/wp-json\/wp\/v2\/media?parent=4505"}],"curies":[{"name":"wp","href":"https:\/\/api.w.org\/{rel}","templated":true}]}}