{"id":4464,"date":"2024-05-16T15:25:31","date_gmt":"2024-05-16T15:25:31","guid":{"rendered":"https:\/\/divasbcn.com\/fundicao\/"},"modified":"2024-06-18T17:02:53","modified_gmt":"2024-06-18T17:02:53","slug":"casting","status":"publish","type":"page","link":"https:\/\/divasbcn.com\/pt-pt\/casting\/","title":{"rendered":"Casting"},"content":{"rendered":"<section class=\"l-section wpb_row height_medium color_footer-bottom with_img parallax_ver with_shape\"><div class=\"l-section-img lazyload\" role=\"img\" data-img-width=\"950\" data-img-height=\"633\" style=\"background-image:inherit;\" data-bg-image=\"url(https:\/\/divasbcn.com\/wp-content\/uploads\/2021\/11\/11-scaled.jpeg)\"><\/div><div class=\"l-section-overlay\" style=\"background:rgba(26,26,26,0.65)\"><\/div><div class=\"l-section-shape type_triangle pos_bottom\" style=\"height:15vmin;\"><svg xmlns=\"http:\/\/www.w3.org\/2000\/svg\" viewBox=\"0 0 64 8\" preserveAspectRatio=\"none\" width=\"100%\" height=\"100%\">\r\n\t<path fill=\"currentColor\" d=\"M64 8 L0 8 L0 0 L32 7.9 L64 0 Z\"\/>\r\n<\/svg><\/div><div class=\"l-section-h i-cf\"><div class=\"g-cols vc_row via_grid cols_1 laptops-cols_inherit tablets-cols_inherit mobiles-cols_1 valign_top type_default stacking_default\"><div class=\"wpb_column vc_column_container\"><div class=\"vc_column-inner\"><div class=\"w-separator size_custom\" style=\"height:150px\" id=\"t330\"><style><\/style><\/div><div class=\"wpb_text_column us_custom_e2aee182\"><div class=\"wpb_wrapper\"><h1 style=\"text-align: center;\">Trabalhar como acompanhante <strong>Barcelona<\/strong><\/h1>\n<\/div><\/div><div class=\"w-separator size_custom\" style=\"height:150px\" id=\"g69b\"><style><\/style><\/div><\/div><\/div><\/div><\/div><\/section><section class=\"l-section wpb_row height_large\"><div class=\"l-section-h i-cf\"><div class=\"g-cols vc_row via_grid cols_1 laptops-cols_inherit tablets-cols_inherit mobiles-cols_1 valign_top type_default stacking_default\"><div class=\"wpb_column vc_column_container\"><div class=\"vc_column-inner\"><div class=\"wpb_text_column us_custom_77f343dd\"><div class=\"wpb_wrapper\"><p style=\"text-align: center;\"><strong>Fa\u00e7a parte do Divas BCN<br \/>\n<\/strong><\/p>\n<\/div><\/div><div class=\"w-separator size_custom\" style=\"height:50px\" id=\"gd98\"><style><\/style><\/div><div class=\"w-separator size_custom\" style=\"height:50px\" id=\"te4a\"><style><\/style><\/div><div class=\"g-cols wpb_row via_grid cols_3 laptops-cols_inherit tablets-cols_inherit mobiles-cols_1 valign_top type_default stacking_default\" style=\"--columns-gap:3rem;\"><div class=\"wpb_column vc_column_container\"><div class=\"vc_column-inner\"><div class=\"w-iconbox us_custom_67a1de59 iconpos_top style_circle color_primary align_center no_text\"><div class=\"w-iconbox-icon\" style=\"font-size:1.7rem;\"><i class=\"fas fa-euro-sign\"><\/i><\/div><div class=\"w-iconbox-meta\"><span class=\"w-iconbox-title\">Aumente sua renda<\/span><\/div><\/div><\/div><\/div><div class=\"wpb_column vc_column_container\"><div class=\"vc_column-inner\"><div class=\"w-iconbox us_custom_67a1de59 iconpos_top style_circle color_primary align_center no_text\"><div class=\"w-iconbox-icon\" style=\"font-size:1.7rem;\"><i class=\"fas fa-star\"><\/i><\/div><div class=\"w-iconbox-meta\"><span class=\"w-iconbox-title\">experi\u00eancias de luxo<\/span><\/div><\/div><\/div><\/div><div class=\"wpb_column vc_column_container\"><div class=\"vc_column-inner\"><div class=\"w-iconbox us_custom_67a1de59 iconpos_top style_circle color_primary align_center no_text\"><div class=\"w-iconbox-icon\" style=\"font-size:1.7rem;\"><i class=\"fas fa-lock\"><\/i><\/div><div class=\"w-iconbox-meta\"><span class=\"w-iconbox-title\">Privacidade<\/span><\/div><\/div><\/div><\/div><\/div><div class=\"w-separator size_custom\" style=\"height:50px\" id=\"b804\"><style><\/style><\/div><div class=\"w-separator size_custom\" style=\"height:50px\" id=\"u8b1\"><style><\/style><\/div><div class=\"wpb_text_column\"><div class=\"wpb_wrapper\"><p style=\"text-align: center;\">Se voc\u00ea deseja fazer parte de nossa ag\u00eancia de acompanhantes exclusiva, dever\u00e1 preencher o seguinte formul\u00e1rio. Entraremos em contato com voc\u00ea e informaremos se voc\u00ea atende aos requisitos para aparecer em nosso site.<\/p>\n<p style=\"text-align: center;\"><strong>Todos os dados enviados ser\u00e3o tratados com total confidencialidade e privacidade.<\/strong><\/p>\n<p style=\"text-align: center;\">Se voc\u00ea \u00e9 uma garota atraente, elegante e atende aos nossos requisitos, entre em contato conosco para entrar no processo seletivo.<\/p>\n<p style=\"text-align: center;\"><strong>Nossos requisitos s\u00e3o:<\/strong><\/p>\n<p style=\"text-align: center;\">Voc\u00ea \u00e9 ou foi modelo\/aeromo\u00e7a.<br \/>\nTer entre 18 e 35 anos, ter cultura, beleza e eleg\u00e2ncia.<br \/>\nRealize o servi\u00e7o de acompanhante livremente.<\/p>\n<h2 style=\"text-align: center;\"><strong>Voc\u00ea quer trabalhar como acompanhante de luxo em Barcelona?<\/strong><\/h2>\n<p style=\"text-align: center;\">Voc\u00ea gostaria de poder trabalhar como acompanhante de luxo? Na nossa ag\u00eancia Divas BCN procuramos garotas atraentes, de grande beleza, seletas, sensuais e discretas. A Divas BCN gerir\u00e1 todos os seus agendamentos com profissionalismo, seguran\u00e7a e nas melhores condi\u00e7\u00f5es.<\/p>\n<p style=\"text-align: center;\">Dever\u00e1 estar dispon\u00edvel para prestar servi\u00e7os de acompanhantes em eventos e viagens de neg\u00f3cios\/lazer, para homens, mulheres e casais de alto n\u00edvel, sempre com a m\u00e1xima privacidade. Divas BCN oferece-lhe a m\u00e1xima discri\u00e7\u00e3o, para que possa combinar a sua vida privada com servi\u00e7os de acompanhantes de luxo.<\/p>\n<p style=\"text-align: center;\">A privacidade e confidencialidade dos nossos clientes e modelos \u00e9 a nossa premissa. As informa\u00e7\u00f5es, fotografias e dados pessoais que nos enviar ser\u00e3o tratados com absoluta privacidade. Se voc\u00ea n\u00e3o for selecionado, seus dados ser\u00e3o exclu\u00eddos imediatamente.<\/p>\n<p style=\"text-align: center;\">Trabalhar como acompanhante lhe proporcionar\u00e1 descobrir novas experi\u00eancias e ganhar uma renda extra. Voc\u00ea \u00e9 o que procuramos? Inscreva-se no nosso casting!<\/p>\n<h3 style=\"text-align: center;\"><strong>O que oferecemos \u00e0s nossas acompanhantes de alta classe?<\/strong><\/h3>\n<p style=\"text-align: center;\">Privacidade, seguran\u00e7a, anonimato e profissionalismo.<br \/>\nAlta renda extra mensal, que lhe proporcionar\u00e1 grande estabilidade econ\u00f4mica para seus caprichos\/despesas.<br \/>\nOferecemos grande flexibilidade nos seus hor\u00e1rios, adaptamo-nos \u00e0s suas necessidades, vida privada ou profissional. Se voc\u00ea est\u00e1 procurando uma posi\u00e7\u00e3o de acompanhante em Barcelona, \u200b\u200b\u200b\u200bpode experimentar a liberdade que uma ag\u00eancia de alto n\u00edvel lhe oferece.<br \/>\nNossa ag\u00eancia est\u00e1 focada em clientes de alto n\u00edvel, selecionados, educados e respeitosos. Este ponto oferece total seguran\u00e7a e confian\u00e7a durante todos os seus compromissos.<\/p>\n<h3 style=\"text-align: center;\"><strong>Condi\u00e7\u00f5es de trabalho como acompanhante em Barcelona<\/strong><\/h3>\n<p style=\"text-align: center;\">Voc\u00ea deve ter mais de 18 anos.<br \/>\nVoc\u00ea deve saber estar em todos os tipos de situa\u00e7\u00f5es e eventos, ser educado e demonstrar interesse em todas as suas atividades.<br \/>\n\u00c9 essencial ter experi\u00eancia em momentos \u00edntimos.<br \/>\nSelecione suas melhores fotos, onde possamos valorizar sua beleza. Lembre-se, devem ser fotografias 100% reais e sem retoques.<br \/>\nAs vagas s\u00e3o limitadas.<\/p>\n<p style=\"text-align: center;\">Se re\u00fane cada uma destas condi\u00e7\u00f5es, pode <a href=\"tel:+34665113659\">ligar<\/a> , enviar um <a href=\"https:\/\/wa.me\/+34665113659?text=Ol\u00e1+DivasBcn,+Quero+informa\u00e7\u00f5es+sobre+acompanhante+trabalho\">WhatsApp<\/a> para <span class=\"w-text-value\">+34 665 113 659 ou<\/span> preencher o seguinte formul\u00e1rio de contacto. N\u00f3s responderemos o mais breve poss\u00edvel.<\/p>\n<\/div><\/div><div class=\"w-separator size_custom\" style=\"height:50px\" id=\"tbc8\"><style><\/style><\/div><div class=\"w-separator size_custom with_line width_50 thick_1 style_solid color_text align_center\" style=\"height:50px\" id=\"vc78\"><style><\/style><div class=\"w-separator-h\"><\/div><\/div><div class=\"w-separator size_custom\" style=\"height:50px\" id=\"jd1e\"><style><\/style><\/div><div class=\"g-cols wpb_row via_grid cols_1-2-1 laptops-cols_inherit tablets-cols_inherit mobiles-cols_1 valign_top type_default stacking_default\" style=\"--columns-gap:3rem;\"><div class=\"wpb_column vc_column_container\"><div class=\"vc_column-inner\"><\/div><\/div><div class=\"wpb_column vc_column_container\"><div class=\"vc_column-inner\">\n<div class=\"wpcf7 no-js\" id=\"wpcf7-f4462-o1\" lang=\"es-ES\" dir=\"ltr\" data-wpcf7-id=\"4462\">\n<div class=\"screen-reader-response\"><p role=\"status\" aria-live=\"polite\" aria-atomic=\"true\"><\/p> <ul><\/ul><\/div>\n<form action=\"\/pt-pt\/wp-json\/wp\/v2\/pages\/4464#wpcf7-f4462-o1\" method=\"post\" class=\"wpcf7-form init\" aria-label=\"Formulario de contacto\" enctype=\"multipart\/form-data\" novalidate=\"novalidate\" data-status=\"init\">\n<div style=\"display: none;\">\n<input type=\"hidden\" name=\"_wpcf7\" value=\"4462\" \/>\n<input type=\"hidden\" name=\"_wpcf7_version\" value=\"6.0.6\" \/>\n<input type=\"hidden\" name=\"_wpcf7_locale\" value=\"es_ES\" \/>\n<input type=\"hidden\" name=\"_wpcf7_unit_tag\" value=\"wpcf7-f4462-o1\" \/>\n<input type=\"hidden\" name=\"_wpcf7_container_post\" value=\"0\" \/>\n<input type=\"hidden\" name=\"_wpcf7_posted_data_hash\" value=\"\" \/>\n<input type=\"hidden\" name=\"_wpcf7_recaptcha_response\" value=\"\" \/>\n<\/div>\n<p><label> Nome (obrigat\u00f3rio)<br \/>\n<span class=\"wpcf7-form-control-wrap\" data-name=\"your-name\"><input size=\"40\" maxlength=\"400\" class=\"wpcf7-form-control wpcf7-text wpcf7-validates-as-required\" aria-required=\"true\" aria-invalid=\"false\" value=\"\" type=\"text\" name=\"your-name\" \/><\/span> <\/label>\n<\/p>\n<p><label> N\u00famero de telefone (obrigat\u00f3rio)<br \/>\n<span class=\"wpcf7-form-control-wrap\" data-name=\"tel-377\"><input size=\"40\" maxlength=\"400\" class=\"wpcf7-form-control wpcf7-tel wpcf7-text wpcf7-validates-as-tel\" aria-invalid=\"false\" value=\"\" type=\"tel\" name=\"tel-377\" \/><\/span> <\/label>\n<\/p>\n<p><label> E-mail (obrigat\u00f3rio)<br \/>\n<span class=\"wpcf7-form-control-wrap\" data-name=\"your-email\"><input size=\"40\" maxlength=\"400\" class=\"wpcf7-form-control wpcf7-email wpcf7-validates-as-required wpcf7-text wpcf7-validates-as-email\" aria-required=\"true\" aria-invalid=\"false\" value=\"\" type=\"email\" name=\"your-email\" \/><\/span> <\/label>\n<\/p>\n<p><label> Assunto<br \/>\n<span class=\"wpcf7-form-control-wrap\" data-name=\"your-subject\"><input size=\"40\" maxlength=\"400\" class=\"wpcf7-form-control wpcf7-text\" aria-invalid=\"false\" value=\"\" type=\"text\" name=\"your-subject\" \/><\/span> <\/label>\n<\/p>\n<p><label> Mensagem<br \/>\n<span class=\"wpcf7-form-control-wrap\" data-name=\"your-message\"><textarea cols=\"40\" rows=\"10\" maxlength=\"2000\" class=\"wpcf7-form-control wpcf7-textarea\" aria-invalid=\"false\" name=\"your-message\"><\/textarea><\/span> <\/label>\n<\/p>\n<p>Foto do rosto (obrigat\u00f3rio) <span class=\"wpcf7-form-control-wrap\" data-name=\"file-599\"><input size=\"40\" class=\"wpcf7-form-control wpcf7-file wpcf7-validates-as-required\" accept=\"audio\/*,video\/*,image\/*\" aria-required=\"true\" aria-invalid=\"false\" type=\"file\" name=\"file-599\" \/><\/span><br \/>\nFoto do corpo (obrigat\u00f3rio) <span class=\"wpcf7-form-control-wrap\" data-name=\"file-600\"><input size=\"40\" class=\"wpcf7-form-control wpcf7-file wpcf7-validates-as-required\" accept=\"audio\/*,video\/*,image\/*\" aria-required=\"true\" aria-invalid=\"false\" type=\"file\" name=\"file-600\" \/><\/span><br \/>\nFoto do corpo (obrigat\u00f3rio) <span class=\"wpcf7-form-control-wrap\" data-name=\"file-601\"><input size=\"40\" class=\"wpcf7-form-control wpcf7-file wpcf7-validates-as-required\" accept=\"audio\/*,video\/*,image\/*\" aria-required=\"true\" aria-invalid=\"false\" type=\"file\" name=\"file-601\" \/><\/span>\n<\/p>\n<p><input class=\"wpcf7-form-control wpcf7-submit has-spinner\" type=\"submit\" value=\"enviar\" \/>\n<\/p>\n<p>This site is protected by reCAPTCHA Enterprise and the Google <a href=\"https:\/\/policies.google.com\/privacy\" rel=\"nofollow\" rel=\"noopener\">Privacy Policy<\/a> and <a href=\"https:\/\/policies.google.com\/terms\" rel=\"noopener\" rel=\"nofollow\">Terms of Service<\/a> apply.\n<\/p><div class=\"wpcf7-response-output\" aria-hidden=\"true\"><\/div>\n<\/form>\n<\/div>\n<\/div><\/div><div class=\"wpb_column vc_column_container\"><div class=\"vc_column-inner\"><\/div><\/div><\/div><div class=\"w-separator size_custom\" style=\"height:50px\" id=\"n1fe\"><style><\/style><\/div><\/div><\/div><\/div><\/div><\/section>\n","protected":false},"excerpt":{"rendered":"Trabalhar como acompanhante Barcelona Fa\u00e7a parte do Divas BCN Aumente sua rendaexperi\u00eancias de luxoPrivacidadeSe voc\u00ea deseja fazer parte de nossa ag\u00eancia de acompanhantes exclusiva, dever\u00e1 preencher o seguinte formul\u00e1rio. Entraremos em contato com voc\u00ea e informaremos se voc\u00ea atende aos requisitos para aparecer em nosso site. Todos os dados enviados ser\u00e3o tratados com total confidencialidade...","protected":false},"author":1,"featured_media":0,"parent":0,"menu_order":0,"comment_status":"closed","ping_status":"closed","template":"","meta":{"_joinchat":{"message_text":"Ol\u00e1 Divas BCN, gostaria de mais informa\u00e7\u00f5es sobre seus servi\u00e7os","message_send":"Ol\u00e1 Casting, estou procurando trabalho como acompanhante"},"footnotes":""},"class_list":["post-4464","page","type-page","status-publish","hentry"],"yoast_head":"<!-- This site is optimized with the Yoast SEO plugin v25.3.1 - https:\/\/yoast.com\/wordpress\/plugins\/seo\/ -->\n<title>Trabalho de acompanhante em Barcelona, \u200b\u200b\u200b\u200bComo ser um acompanhante de luxo - Casting<\/title>\n<meta name=\"description\" content=\"Voc\u00ea est\u00e1 procurando trabalho como acompanhante de luxo em Barcelona? Trabalhe em nossa ag\u00eancia de acompanhantes DivasBCN. Inscreva-se no nosso casting de meninas.\" \/>\n<meta name=\"robots\" content=\"index, follow, max-snippet:-1, max-image-preview:large, max-video-preview:-1\" \/>\n<link rel=\"canonical\" href=\"https:\/\/divasbcn.com\/pt-pt\/casting\/\" \/>\n<meta property=\"og:locale\" content=\"pt_PT\" \/>\n<meta property=\"og:type\" content=\"article\" \/>\n<meta property=\"og:title\" content=\"Trabalho de acompanhante em Barcelona, \u200b\u200b\u200b\u200bComo ser um acompanhante de luxo - Casting\" \/>\n<meta property=\"og:description\" content=\"Voc\u00ea est\u00e1 procurando trabalho como acompanhante de luxo em Barcelona? Trabalhe em nossa ag\u00eancia de acompanhantes DivasBCN. Inscreva-se no nosso casting de meninas.\" \/>\n<meta property=\"og:url\" content=\"https:\/\/divasbcn.com\/pt-pt\/casting\/\" \/>\n<meta property=\"og:site_name\" content=\"Divas BCN\" \/>\n<meta property=\"article:modified_time\" content=\"2024-06-18T17:02:53+00:00\" \/>\n<meta name=\"twitter:card\" content=\"summary_large_image\" \/>\n<meta name=\"twitter:label1\" content=\"Tempo estimado de leitura\" \/>\n\t<meta name=\"twitter:data1\" content=\"5 minutos\" \/>\n<script type=\"application\/ld+json\" class=\"yoast-schema-graph\">{\"@context\":\"https:\/\/schema.org\",\"@graph\":[{\"@type\":\"WebPage\",\"@id\":\"https:\/\/divasbcn.com\/pt-pt\/casting\/\",\"url\":\"https:\/\/divasbcn.com\/pt-pt\/casting\/\",\"name\":\"Trabalho de acompanhante em Barcelona, \u200b\u200b\u200b\u200bComo ser um acompanhante de luxo - Casting\",\"isPartOf\":{\"@id\":\"https:\/\/divasbcn.com\/pt-pt\/#website\"},\"datePublished\":\"2024-05-16T15:25:31+00:00\",\"dateModified\":\"2024-06-18T17:02:53+00:00\",\"description\":\"Voc\u00ea est\u00e1 procurando trabalho como acompanhante de luxo em Barcelona? Trabalhe em nossa ag\u00eancia de acompanhantes DivasBCN. Inscreva-se no nosso casting de meninas.\",\"breadcrumb\":{\"@id\":\"https:\/\/divasbcn.com\/pt-pt\/casting\/#breadcrumb\"},\"inLanguage\":\"pt-PT\",\"potentialAction\":[{\"@type\":\"ReadAction\",\"target\":[\"https:\/\/divasbcn.com\/pt-pt\/casting\/\"]}]},{\"@type\":\"BreadcrumbList\",\"@id\":\"https:\/\/divasbcn.com\/pt-pt\/casting\/#breadcrumb\",\"itemListElement\":[{\"@type\":\"ListItem\",\"position\":1,\"name\":\"Portada\",\"item\":\"https:\/\/divasbcn.com\/pt-pt\/\"},{\"@type\":\"ListItem\",\"position\":2,\"name\":\"Casting\"}]},{\"@type\":\"WebSite\",\"@id\":\"https:\/\/divasbcn.com\/pt-pt\/#website\",\"url\":\"https:\/\/divasbcn.com\/pt-pt\/\",\"name\":\"Divas BCN\",\"description\":\"Escorts de lujo Barcelona\",\"publisher\":{\"@id\":\"https:\/\/divasbcn.com\/pt-pt\/#organization\"},\"potentialAction\":[{\"@type\":\"SearchAction\",\"target\":{\"@type\":\"EntryPoint\",\"urlTemplate\":\"https:\/\/divasbcn.com\/pt-pt\/?s={search_term_string}\"},\"query-input\":{\"@type\":\"PropertyValueSpecification\",\"valueRequired\":true,\"valueName\":\"search_term_string\"}}],\"inLanguage\":\"pt-PT\"},{\"@type\":\"Organization\",\"@id\":\"https:\/\/divasbcn.com\/pt-pt\/#organization\",\"name\":\"Divas BCN\",\"url\":\"https:\/\/divasbcn.com\/pt-pt\/\",\"logo\":{\"@type\":\"ImageObject\",\"inLanguage\":\"pt-PT\",\"@id\":\"https:\/\/divasbcn.com\/pt-pt\/#\/schema\/logo\/image\/\",\"url\":\"https:\/\/divasbcn.com\/wp-content\/uploads\/2021\/12\/Logotipo-Divas-BCN-2.png\",\"contentUrl\":\"https:\/\/divasbcn.com\/wp-content\/uploads\/2021\/12\/Logotipo-Divas-BCN-2.png\",\"width\":416,\"height\":371,\"caption\":\"Divas BCN\"},\"image\":{\"@id\":\"https:\/\/divasbcn.com\/pt-pt\/#\/schema\/logo\/image\/\"}}]}<\/script>\n<!-- \/ Yoast SEO plugin. -->","yoast_head_json":{"title":"Trabalho de acompanhante em Barcelona, \u200b\u200b\u200b\u200bComo ser um acompanhante de luxo - Casting","description":"Voc\u00ea est\u00e1 procurando trabalho como acompanhante de luxo em Barcelona? Trabalhe em nossa ag\u00eancia de acompanhantes DivasBCN. Inscreva-se no nosso casting de meninas.","robots":{"index":"index","follow":"follow","max-snippet":"max-snippet:-1","max-image-preview":"max-image-preview:large","max-video-preview":"max-video-preview:-1"},"canonical":"https:\/\/divasbcn.com\/pt-pt\/casting\/","og_locale":"pt_PT","og_type":"article","og_title":"Trabalho de acompanhante em Barcelona, \u200b\u200b\u200b\u200bComo ser um acompanhante de luxo - Casting","og_description":"Voc\u00ea est\u00e1 procurando trabalho como acompanhante de luxo em Barcelona? Trabalhe em nossa ag\u00eancia de acompanhantes DivasBCN. Inscreva-se no nosso casting de meninas.","og_url":"https:\/\/divasbcn.com\/pt-pt\/casting\/","og_site_name":"Divas BCN","article_modified_time":"2024-06-18T17:02:53+00:00","twitter_card":"summary_large_image","twitter_misc":{"Tempo estimado de leitura":"5 minutos"},"schema":{"@context":"https:\/\/schema.org","@graph":[{"@type":"WebPage","@id":"https:\/\/divasbcn.com\/pt-pt\/casting\/","url":"https:\/\/divasbcn.com\/pt-pt\/casting\/","name":"Trabalho de acompanhante em Barcelona, \u200b\u200b\u200b\u200bComo ser um acompanhante de luxo - Casting","isPartOf":{"@id":"https:\/\/divasbcn.com\/pt-pt\/#website"},"datePublished":"2024-05-16T15:25:31+00:00","dateModified":"2024-06-18T17:02:53+00:00","description":"Voc\u00ea est\u00e1 procurando trabalho como acompanhante de luxo em Barcelona? Trabalhe em nossa ag\u00eancia de acompanhantes DivasBCN. Inscreva-se no nosso casting de meninas.","breadcrumb":{"@id":"https:\/\/divasbcn.com\/pt-pt\/casting\/#breadcrumb"},"inLanguage":"pt-PT","potentialAction":[{"@type":"ReadAction","target":["https:\/\/divasbcn.com\/pt-pt\/casting\/"]}]},{"@type":"BreadcrumbList","@id":"https:\/\/divasbcn.com\/pt-pt\/casting\/#breadcrumb","itemListElement":[{"@type":"ListItem","position":1,"name":"Portada","item":"https:\/\/divasbcn.com\/pt-pt\/"},{"@type":"ListItem","position":2,"name":"Casting"}]},{"@type":"WebSite","@id":"https:\/\/divasbcn.com\/pt-pt\/#website","url":"https:\/\/divasbcn.com\/pt-pt\/","name":"Divas BCN","description":"Escorts de lujo Barcelona","publisher":{"@id":"https:\/\/divasbcn.com\/pt-pt\/#organization"},"potentialAction":[{"@type":"SearchAction","target":{"@type":"EntryPoint","urlTemplate":"https:\/\/divasbcn.com\/pt-pt\/?s={search_term_string}"},"query-input":{"@type":"PropertyValueSpecification","valueRequired":true,"valueName":"search_term_string"}}],"inLanguage":"pt-PT"},{"@type":"Organization","@id":"https:\/\/divasbcn.com\/pt-pt\/#organization","name":"Divas BCN","url":"https:\/\/divasbcn.com\/pt-pt\/","logo":{"@type":"ImageObject","inLanguage":"pt-PT","@id":"https:\/\/divasbcn.com\/pt-pt\/#\/schema\/logo\/image\/","url":"https:\/\/divasbcn.com\/wp-content\/uploads\/2021\/12\/Logotipo-Divas-BCN-2.png","contentUrl":"https:\/\/divasbcn.com\/wp-content\/uploads\/2021\/12\/Logotipo-Divas-BCN-2.png","width":416,"height":371,"caption":"Divas BCN"},"image":{"@id":"https:\/\/divasbcn.com\/pt-pt\/#\/schema\/logo\/image\/"}}]}},"_links":{"self":[{"href":"https:\/\/divasbcn.com\/pt-pt\/wp-json\/wp\/v2\/pages\/4464","targetHints":{"allow":["GET"]}}],"collection":[{"href":"https:\/\/divasbcn.com\/pt-pt\/wp-json\/wp\/v2\/pages"}],"about":[{"href":"https:\/\/divasbcn.com\/pt-pt\/wp-json\/wp\/v2\/types\/page"}],"author":[{"embeddable":true,"href":"https:\/\/divasbcn.com\/pt-pt\/wp-json\/wp\/v2\/users\/1"}],"replies":[{"embeddable":true,"href":"https:\/\/divasbcn.com\/pt-pt\/wp-json\/wp\/v2\/comments?post=4464"}],"version-history":[{"count":0,"href":"https:\/\/divasbcn.com\/pt-pt\/wp-json\/wp\/v2\/pages\/4464\/revisions"}],"wp:attachment":[{"href":"https:\/\/divasbcn.com\/pt-pt\/wp-json\/wp\/v2\/media?parent=4464"}],"curies":[{"name":"wp","href":"https:\/\/api.w.org\/{rel}","templated":true}]}}