{"id":570,"date":"2022-01-18T16:08:58","date_gmt":"2022-01-18T16:08:58","guid":{"rendered":"https:\/\/divasbcn.com\/casting\/"},"modified":"2024-06-18T16:32:52","modified_gmt":"2024-06-18T16:32:52","slug":"casting","status":"publish","type":"page","link":"https:\/\/divasbcn.com\/fr\/casting\/","title":{"rendered":"Casting"},"content":{"rendered":"<section class=\"l-section wpb_row height_medium color_footer-bottom with_img parallax_ver with_shape\"><div class=\"l-section-img lazyload\" role=\"img\" data-img-width=\"950\" data-img-height=\"633\" style=\"background-image:inherit;\" data-bg-image=\"url(https:\/\/divasbcn.com\/wp-content\/uploads\/2021\/11\/11-scaled.jpeg)\"><\/div><div class=\"l-section-overlay\" style=\"background:rgba(26,26,26,0.65)\"><\/div><div class=\"l-section-shape type_triangle pos_bottom\" style=\"height:15vmin;\"><svg xmlns=\"http:\/\/www.w3.org\/2000\/svg\" viewBox=\"0 0 64 8\" preserveAspectRatio=\"none\" width=\"100%\" height=\"100%\">\r\n\t<path fill=\"currentColor\" d=\"M64 8 L0 8 L0 0 L32 7.9 L64 0 Z\"\/>\r\n<\/svg><\/div><div class=\"l-section-h i-cf\"><div class=\"g-cols vc_row via_grid cols_1 laptops-cols_inherit tablets-cols_inherit mobiles-cols_1 valign_top type_default stacking_default\"><div class=\"wpb_column vc_column_container\"><div class=\"vc_column-inner\"><div class=\"w-separator size_custom\" style=\"height:150px\" id=\"i4b9\"><style><\/style><\/div><div class=\"wpb_text_column us_custom_e2aee182\"><div class=\"wpb_wrapper\"><h1 style=\"text-align: center;\">Travailler comme escorte \u00e0 <strong>Barcelone<\/strong><\/h1>\n<\/div><\/div><div class=\"w-separator size_custom\" style=\"height:150px\" id=\"o82e\"><style><\/style><\/div><\/div><\/div><\/div><\/div><\/section><section class=\"l-section wpb_row height_large\"><div class=\"l-section-h i-cf\"><div class=\"g-cols vc_row via_grid cols_1 laptops-cols_inherit tablets-cols_inherit mobiles-cols_1 valign_top type_default stacking_default\"><div class=\"wpb_column vc_column_container\"><div class=\"vc_column-inner\"><div class=\"wpb_text_column us_custom_2cb0234b\"><div class=\"wpb_wrapper\"><p style=\"text-align: center;\"><strong>Faites partie de Divas BCN<br \/>\n<\/strong><\/p>\n<\/div><\/div><div class=\"w-separator size_custom\" style=\"height:50px\" id=\"pf4b\"><style><\/style><\/div><div class=\"w-separator size_custom\" style=\"height:50px\" id=\"iffc\"><style><\/style><\/div><div class=\"g-cols wpb_row via_grid cols_3 laptops-cols_inherit tablets-cols_inherit mobiles-cols_1 valign_top type_default stacking_default\" style=\"--columns-gap:3rem;\"><div class=\"wpb_column vc_column_container\"><div class=\"vc_column-inner\"><div class=\"w-iconbox us_custom_db0242dc iconpos_top style_circle color_primary align_center no_text\"><div class=\"w-iconbox-icon\" style=\"font-size:1.7rem;\"><i class=\"fas fa-euro-sign\"><\/i><\/div><div class=\"w-iconbox-meta\"><span class=\"w-iconbox-title\">Augmentez vos revenus<\/span><\/div><\/div><\/div><\/div><div class=\"wpb_column vc_column_container\"><div class=\"vc_column-inner\"><div class=\"w-iconbox us_custom_db0242dc iconpos_top style_circle color_primary align_center no_text\"><div class=\"w-iconbox-icon\" style=\"font-size:1.7rem;\"><i class=\"fas fa-star\"><\/i><\/div><div class=\"w-iconbox-meta\"><span class=\"w-iconbox-title\">Exp\u00e9riences de luxe<\/span><\/div><\/div><\/div><\/div><div class=\"wpb_column vc_column_container\"><div class=\"vc_column-inner\"><div class=\"w-iconbox us_custom_db0242dc iconpos_top style_circle color_primary align_center no_text\"><div class=\"w-iconbox-icon\" style=\"font-size:1.7rem;\"><i class=\"fas fa-lock\"><\/i><\/div><div class=\"w-iconbox-meta\"><span class=\"w-iconbox-title\">Confidentialit\u00e9<\/span><\/div><\/div><\/div><\/div><\/div><div class=\"w-separator size_custom\" style=\"height:50px\" id=\"ha2a\"><style><\/style><\/div><div class=\"w-separator size_custom\" style=\"height:50px\" id=\"padc\"><style><\/style><\/div><div class=\"wpb_text_column\"><div class=\"wpb_wrapper\"><p style=\"text-align: center;\">Si vous souhaitez faire partie de notre exclusive agence d\u2019accompagnement, veuillez remplir le formulaire suivant. Nous vous contacterons et vous dirons si vous remplissez les conditions pour appara\u00eetre sur notre site.<\/p>\n<p style=\"text-align: center;\"><strong><b>Toutes les donn\u00e9es envoy\u00e9es seront trait\u00e9es en toute confidentialit\u00e9<\/b>.<\/strong><\/p>\n<p style=\"text-align: center;\">Si vous \u00eates une fille attractive, qui a de la classe et que vous remplissez nos conditions, contactez-nous pour entrer dans le processus de s\u00e9lection.<\/p>\n<p style=\"text-align: center;\"><strong><b>Nos conditions sont<\/b> :<\/strong><\/p>\n<p style=\"text-align: center;\">\u00catre ou avoir \u00e9t\u00e9 mannequin\/h\u00f4tesse.<br \/>\nAvoir entre 18 et 35 ans, \u00eatre cultiv\u00e9e, belle et \u00e9l\u00e9gante.<br \/>\nR\u00e9aliser le service de demoiselle de compagnie librement.<\/p>\n<h2 style=\"text-align: center;\"><strong>Voulez-vous travailler comme escorte de luxe \u00e0 Barcelone ?<\/strong><\/h2>\n<p style=\"text-align: center;\">Vous aimeriez travailler comme escort de luxe ? Notre agence Divas BCN cherche des filles attractives, de grande beaut\u00e9, rac\u00e9es, sensuelles et discr\u00e8tes. Divas BCN g\u00e8rera tous vos rendez-vous avec professionnalisme, s\u00e9curit\u00e9 et dans les meilleures conditions.<\/p>\n<p style=\"text-align: center;\">Vous devez avoir de la disponibilit\u00e9 pour r\u00e9aliser des services de compagnie pour des \u00e9v\u00e9nements et voyages d\u2019affaires\/d\u2019agr\u00e9ment, pour des hommes, des femmes et des couples de haut niveau, toujours avec la plus grande confidentialit\u00e9. Divas BCN vous offre la plus grande discr\u00e9tion pour que vous puissiez combiner votre vie priv\u00e9e et les services d\u2019accompagnement de luxe.<\/p>\n<p style=\"text-align: center;\">La confidentialit\u00e9 de nos clients et demoiselles est notre devise. L\u2019information, les photographies et les donn\u00e9es personnelles que vous nous enverrez seront trait\u00e9es en toute confidentialit\u00e9. Si vous n\u2019\u00eates pas retenue, vos donn\u00e9es seront supprim\u00e9es imm\u00e9diatement.<\/p>\n<p style=\"text-align: center;\">Travailler comme demoiselle de compagnie vous permettra de d\u00e9couvrir de nouvelles exp\u00e9riences et d\u2019obtenir des revenus suppl\u00e9mentaires. Vous \u00eates ce que nous cherchons ? Inscrivez-vous \u00e0 notre casting !<\/p>\n<h3 style=\"text-align: center;\"><strong>Que proposons-nous \u00e0 nos escortes de haut niveau ?<\/strong><\/h3>\n<p style=\"text-align: center;\">Confidentialit\u00e9, s\u00e9curit\u00e9, anonymat et professionnalisme.<br \/>\nRevenus suppl\u00e9mentaires mensuels \u00e9lev\u00e9s, qui vous procureront une grande stabilit\u00e9 \u00e9conomique pour vos caprices\/frais.<br \/>\nNous offrons une grande flexibilit\u00e9 d\u2019horaires, nous nous adaptons \u00e0 vos besoins, votre vie priv\u00e9e ou professionnelle.<br \/>\nNotre agence s\u2019adresse \u00e0 des clients de haut standing, s\u00e9lects, polis et respectueux. Cela procure une s\u00e9curit\u00e9 et une confiance totale lors de tous vos rendez-vous.<\/p>\n<h3 style=\"text-align: center;\"><strong>Conditions de travail d&rsquo;une escorte \u00e0 Barcelone<\/strong><\/h3>\n<p style=\"text-align: center;\">Avoir plus de 18 ans.<br \/>\nSavoir se comporter dans toutes sortes de situations et \u00e9v\u00e9nements, \u00eatre polie et afficher un int\u00e9r\u00eat dans toutes les activit\u00e9s.<br \/>\nIl est indispensable d\u2019avoir de l\u2019exp\u00e9rience dans les moments intimes.<br \/>\nS\u00e9lectionnez vos meilleures photos, o\u00f9 nous pourrons \u00e9valuer votre beaut\u00e9. N\u2019oubliez pas qu\u2019il doit s\u2019agir de photographies r\u00e9elles \u00e0 100 % et sans retouches.<br \/>\nLes places sont limit\u00e9es.<\/p>\n<p style=\"text-align: center;\">Si vous remplissez toutes ces conditions, vous pouvez <a href=\"tel:+34665113659\">appeler<\/a>, envoyer un <a href=\"https:\/\/wa.me\/+34665113659?text=Bonjour+DivasBcn,+je+veux+des+informations+sur+l'escorte+au+travail\">WhatsApp<\/a> au <span class=\"w-text-value\">+34 665 113 659 ou <\/span>remplir le formulaire de contact suivant. Nous vous contacterons dans les plus brefs d\u00e9lais.<\/p>\n<\/div><\/div><div class=\"w-separator size_custom\" style=\"height:50px\" id=\"iddc\"><style><\/style><\/div><div class=\"w-separator size_custom with_line width_50 thick_1 style_solid color_text align_center\" style=\"height:50px\" id=\"ve8f\"><style><\/style><div class=\"w-separator-h\"><\/div><\/div><div class=\"w-separator size_custom\" style=\"height:50px\" id=\"uf39\"><style><\/style><\/div><div class=\"g-cols wpb_row via_grid cols_1-2-1 laptops-cols_inherit tablets-cols_inherit mobiles-cols_1 valign_top type_default stacking_default\" style=\"--columns-gap:3rem;\"><div class=\"wpb_column vc_column_container\"><div class=\"vc_column-inner\"><\/div><\/div><div class=\"wpb_column vc_column_container\"><div class=\"vc_column-inner\">\n<div class=\"wpcf7 no-js\" id=\"wpcf7-f569-o1\" lang=\"es-ES\" dir=\"ltr\" data-wpcf7-id=\"569\">\n<div class=\"screen-reader-response\"><p role=\"status\" aria-live=\"polite\" aria-atomic=\"true\"><\/p> <ul><\/ul><\/div>\n<form action=\"\/fr\/wp-json\/wp\/v2\/pages\/570#wpcf7-f569-o1\" method=\"post\" class=\"wpcf7-form init\" aria-label=\"Formulario de contacto\" enctype=\"multipart\/form-data\" novalidate=\"novalidate\" data-status=\"init\">\n<div style=\"display: none;\">\n<input type=\"hidden\" name=\"_wpcf7\" value=\"569\" \/>\n<input type=\"hidden\" name=\"_wpcf7_version\" value=\"6.0.6\" \/>\n<input type=\"hidden\" name=\"_wpcf7_locale\" value=\"es_ES\" \/>\n<input type=\"hidden\" name=\"_wpcf7_unit_tag\" value=\"wpcf7-f569-o1\" \/>\n<input type=\"hidden\" name=\"_wpcf7_container_post\" value=\"0\" \/>\n<input type=\"hidden\" name=\"_wpcf7_posted_data_hash\" value=\"\" \/>\n<input type=\"hidden\" name=\"_wpcf7_recaptcha_response\" value=\"\" \/>\n<\/div>\n<p><label> Nom (obligatoire)<br \/>\n<span class=\"wpcf7-form-control-wrap\" data-name=\"your-name\"><input size=\"40\" maxlength=\"400\" class=\"wpcf7-form-control wpcf7-text wpcf7-validates-as-required\" aria-required=\"true\" aria-invalid=\"false\" value=\"\" type=\"text\" name=\"your-name\" \/><\/span> <\/label>\n<\/p>\n<p><label> Num\u00e9ro de t\u00e9l\u00e9phone (obligatoire)<br \/>\n<span class=\"wpcf7-form-control-wrap\" data-name=\"tel-377\"><input size=\"40\" maxlength=\"400\" class=\"wpcf7-form-control wpcf7-tel wpcf7-text wpcf7-validates-as-tel\" aria-invalid=\"false\" value=\"\" type=\"tel\" name=\"tel-377\" \/><\/span> <\/label>\n<\/p>\n<p><label> E-mail (obligatoire)<br \/>\n<span class=\"wpcf7-form-control-wrap\" data-name=\"your-email\"><input size=\"40\" maxlength=\"400\" class=\"wpcf7-form-control wpcf7-email wpcf7-validates-as-required wpcf7-text wpcf7-validates-as-email\" aria-required=\"true\" aria-invalid=\"false\" value=\"\" type=\"email\" name=\"your-email\" \/><\/span> <\/label>\n<\/p>\n<p><label> Objet<br \/>\n<span class=\"wpcf7-form-control-wrap\" data-name=\"your-subject\"><input size=\"40\" maxlength=\"400\" class=\"wpcf7-form-control wpcf7-text\" aria-invalid=\"false\" value=\"\" type=\"text\" name=\"your-subject\" \/><\/span> <\/label>\n<\/p>\n<p><label> Message<br \/>\n<span class=\"wpcf7-form-control-wrap\" data-name=\"your-message\"><textarea cols=\"40\" rows=\"10\" maxlength=\"2000\" class=\"wpcf7-form-control wpcf7-textarea\" aria-invalid=\"false\" name=\"your-message\"><\/textarea><\/span> <\/label>\n<\/p>\n<p>Photo du visage (obligatoire) <span class=\"wpcf7-form-control-wrap\" data-name=\"file-599\"><input size=\"40\" class=\"wpcf7-form-control wpcf7-file wpcf7-validates-as-required\" accept=\"audio\/*,video\/*,image\/*\" aria-required=\"true\" aria-invalid=\"false\" type=\"file\" name=\"file-599\" \/><\/span><br \/>\nPhoto du corps (obligatoire) <span class=\"wpcf7-form-control-wrap\" data-name=\"file-600\"><input size=\"40\" class=\"wpcf7-form-control wpcf7-file wpcf7-validates-as-required\" accept=\"audio\/*,video\/*,image\/*\" aria-required=\"true\" aria-invalid=\"false\" type=\"file\" name=\"file-600\" \/><\/span><br \/>\nPhoto du corps (obligatoire) <span class=\"wpcf7-form-control-wrap\" data-name=\"file-601\"><input size=\"40\" class=\"wpcf7-form-control wpcf7-file wpcf7-validates-as-required\" accept=\"audio\/*,video\/*,image\/*\" aria-required=\"true\" aria-invalid=\"false\" type=\"file\" name=\"file-601\" \/><\/span>\n<\/p>\n<p><input class=\"wpcf7-form-control wpcf7-submit has-spinner\" type=\"submit\" value=\"Envoyer\" \/>\n<\/p>\n<p>This site is protected by reCAPTCHA Enterprise and the Google <a href=\"https:\/\/policies.google.com\/privacy\" rel=\"nofollow\" rel=\"noopener\">Privacy Policy<\/a> and <a href=\"https:\/\/policies.google.com\/terms\" rel=\"noopener\" rel=\"nofollow\">Terms of Service<\/a> apply.\n<\/p><div class=\"wpcf7-response-output\" aria-hidden=\"true\"><\/div>\n<\/form>\n<\/div>\n<\/div><\/div><div class=\"wpb_column vc_column_container\"><div class=\"vc_column-inner\"><\/div><\/div><\/div><div class=\"w-separator size_custom\" style=\"height:50px\" id=\"b4ae\"><style><\/style><\/div><\/div><\/div><\/div><\/div><\/section>\n","protected":false},"excerpt":{"rendered":"Travailler comme escorte \u00e0 Barcelone Faites partie de Divas BCN Augmentez vos revenusExp\u00e9riences de luxeConfidentialit\u00e9Si vous souhaitez faire partie de notre exclusive agence d\u2019accompagnement, veuillez remplir le formulaire suivant. Nous vous contacterons et vous dirons si vous remplissez les conditions pour appara\u00eetre sur notre site. Toutes les donn\u00e9es envoy\u00e9es seront trait\u00e9es en toute confidentialit\u00e9. Si...","protected":false},"author":1,"featured_media":0,"parent":0,"menu_order":0,"comment_status":"closed","ping_status":"closed","template":"","meta":{"_joinchat":{"message_text":"Bienvenue chez Divas BCN.\nComment pouvons-nous vous aider?","message_send":"Bonjour Casting, je recherche un travail d'escorte"},"footnotes":""},"class_list":["post-570","page","type-page","status-publish","hentry"],"yoast_head":"<!-- This site is optimized with the Yoast SEO plugin v25.3.1 - https:\/\/yoast.com\/wordpress\/plugins\/seo\/ -->\n<title>Travailler d&#039;escorte \u00e0 Barcelone - Casting Divas<\/title>\n<meta name=\"description\" content=\"Vous cherchez un emploi en tant qu&#039;escorte de luxe? Travaillez dans notre agence d&#039;escorte DivasBCN. Inscrivez-vous \u00e0 notre casting de filles \u00e0 Barcelone.\" \/>\n<meta name=\"robots\" content=\"index, follow, max-snippet:-1, max-image-preview:large, max-video-preview:-1\" \/>\n<link rel=\"canonical\" href=\"https:\/\/divasbcn.com\/fr\/casting\/\" \/>\n<meta property=\"og:locale\" content=\"fr_FR\" \/>\n<meta property=\"og:type\" content=\"article\" \/>\n<meta property=\"og:title\" content=\"Travailler d&#039;escorte \u00e0 Barcelone - Casting Divas\" \/>\n<meta property=\"og:description\" content=\"Vous cherchez un emploi en tant qu&#039;escorte de luxe? Travaillez dans notre agence d&#039;escorte DivasBCN. Inscrivez-vous \u00e0 notre casting de filles \u00e0 Barcelone.\" \/>\n<meta property=\"og:url\" content=\"https:\/\/divasbcn.com\/fr\/casting\/\" \/>\n<meta property=\"og:site_name\" content=\"Divas BCN\" \/>\n<meta property=\"article:modified_time\" content=\"2024-06-18T16:32:52+00:00\" \/>\n<meta name=\"twitter:card\" content=\"summary_large_image\" \/>\n<meta name=\"twitter:label1\" content=\"Dur\u00e9e de lecture estim\u00e9e\" \/>\n\t<meta name=\"twitter:data1\" content=\"5 minutes\" \/>\n<script type=\"application\/ld+json\" class=\"yoast-schema-graph\">{\"@context\":\"https:\/\/schema.org\",\"@graph\":[{\"@type\":\"WebPage\",\"@id\":\"https:\/\/divasbcn.com\/fr\/casting\/\",\"url\":\"https:\/\/divasbcn.com\/fr\/casting\/\",\"name\":\"Travailler d'escorte \u00e0 Barcelone - Casting Divas\",\"isPartOf\":{\"@id\":\"https:\/\/divasbcn.com\/fr\/#website\"},\"datePublished\":\"2022-01-18T16:08:58+00:00\",\"dateModified\":\"2024-06-18T16:32:52+00:00\",\"description\":\"Vous cherchez un emploi en tant qu'escorte de luxe? Travaillez dans notre agence d'escorte DivasBCN. Inscrivez-vous \u00e0 notre casting de filles \u00e0 Barcelone.\",\"breadcrumb\":{\"@id\":\"https:\/\/divasbcn.com\/fr\/casting\/#breadcrumb\"},\"inLanguage\":\"fr-FR\",\"potentialAction\":[{\"@type\":\"ReadAction\",\"target\":[\"https:\/\/divasbcn.com\/fr\/casting\/\"]}]},{\"@type\":\"BreadcrumbList\",\"@id\":\"https:\/\/divasbcn.com\/fr\/casting\/#breadcrumb\",\"itemListElement\":[{\"@type\":\"ListItem\",\"position\":1,\"name\":\"Portada\",\"item\":\"https:\/\/divasbcn.com\/fr\/\"},{\"@type\":\"ListItem\",\"position\":2,\"name\":\"Casting\"}]},{\"@type\":\"WebSite\",\"@id\":\"https:\/\/divasbcn.com\/fr\/#website\",\"url\":\"https:\/\/divasbcn.com\/fr\/\",\"name\":\"Divas BCN\",\"description\":\"Escorts de lujo Barcelona\",\"publisher\":{\"@id\":\"https:\/\/divasbcn.com\/fr\/#organization\"},\"potentialAction\":[{\"@type\":\"SearchAction\",\"target\":{\"@type\":\"EntryPoint\",\"urlTemplate\":\"https:\/\/divasbcn.com\/fr\/?s={search_term_string}\"},\"query-input\":{\"@type\":\"PropertyValueSpecification\",\"valueRequired\":true,\"valueName\":\"search_term_string\"}}],\"inLanguage\":\"fr-FR\"},{\"@type\":\"Organization\",\"@id\":\"https:\/\/divasbcn.com\/fr\/#organization\",\"name\":\"Divas BCN\",\"url\":\"https:\/\/divasbcn.com\/fr\/\",\"logo\":{\"@type\":\"ImageObject\",\"inLanguage\":\"fr-FR\",\"@id\":\"https:\/\/divasbcn.com\/fr\/#\/schema\/logo\/image\/\",\"url\":\"https:\/\/divasbcn.com\/wp-content\/uploads\/2021\/12\/Logotipo-Divas-BCN-2.png\",\"contentUrl\":\"https:\/\/divasbcn.com\/wp-content\/uploads\/2021\/12\/Logotipo-Divas-BCN-2.png\",\"width\":416,\"height\":371,\"caption\":\"Divas BCN\"},\"image\":{\"@id\":\"https:\/\/divasbcn.com\/fr\/#\/schema\/logo\/image\/\"}}]}<\/script>\n<!-- \/ Yoast SEO plugin. -->","yoast_head_json":{"title":"Travailler d'escorte \u00e0 Barcelone - Casting Divas","description":"Vous cherchez un emploi en tant qu'escorte de luxe? Travaillez dans notre agence d'escorte DivasBCN. Inscrivez-vous \u00e0 notre casting de filles \u00e0 Barcelone.","robots":{"index":"index","follow":"follow","max-snippet":"max-snippet:-1","max-image-preview":"max-image-preview:large","max-video-preview":"max-video-preview:-1"},"canonical":"https:\/\/divasbcn.com\/fr\/casting\/","og_locale":"fr_FR","og_type":"article","og_title":"Travailler d'escorte \u00e0 Barcelone - Casting Divas","og_description":"Vous cherchez un emploi en tant qu'escorte de luxe? Travaillez dans notre agence d'escorte DivasBCN. Inscrivez-vous \u00e0 notre casting de filles \u00e0 Barcelone.","og_url":"https:\/\/divasbcn.com\/fr\/casting\/","og_site_name":"Divas BCN","article_modified_time":"2024-06-18T16:32:52+00:00","twitter_card":"summary_large_image","twitter_misc":{"Dur\u00e9e de lecture estim\u00e9e":"5 minutes"},"schema":{"@context":"https:\/\/schema.org","@graph":[{"@type":"WebPage","@id":"https:\/\/divasbcn.com\/fr\/casting\/","url":"https:\/\/divasbcn.com\/fr\/casting\/","name":"Travailler d'escorte \u00e0 Barcelone - Casting Divas","isPartOf":{"@id":"https:\/\/divasbcn.com\/fr\/#website"},"datePublished":"2022-01-18T16:08:58+00:00","dateModified":"2024-06-18T16:32:52+00:00","description":"Vous cherchez un emploi en tant qu'escorte de luxe? Travaillez dans notre agence d'escorte DivasBCN. Inscrivez-vous \u00e0 notre casting de filles \u00e0 Barcelone.","breadcrumb":{"@id":"https:\/\/divasbcn.com\/fr\/casting\/#breadcrumb"},"inLanguage":"fr-FR","potentialAction":[{"@type":"ReadAction","target":["https:\/\/divasbcn.com\/fr\/casting\/"]}]},{"@type":"BreadcrumbList","@id":"https:\/\/divasbcn.com\/fr\/casting\/#breadcrumb","itemListElement":[{"@type":"ListItem","position":1,"name":"Portada","item":"https:\/\/divasbcn.com\/fr\/"},{"@type":"ListItem","position":2,"name":"Casting"}]},{"@type":"WebSite","@id":"https:\/\/divasbcn.com\/fr\/#website","url":"https:\/\/divasbcn.com\/fr\/","name":"Divas BCN","description":"Escorts de lujo Barcelona","publisher":{"@id":"https:\/\/divasbcn.com\/fr\/#organization"},"potentialAction":[{"@type":"SearchAction","target":{"@type":"EntryPoint","urlTemplate":"https:\/\/divasbcn.com\/fr\/?s={search_term_string}"},"query-input":{"@type":"PropertyValueSpecification","valueRequired":true,"valueName":"search_term_string"}}],"inLanguage":"fr-FR"},{"@type":"Organization","@id":"https:\/\/divasbcn.com\/fr\/#organization","name":"Divas BCN","url":"https:\/\/divasbcn.com\/fr\/","logo":{"@type":"ImageObject","inLanguage":"fr-FR","@id":"https:\/\/divasbcn.com\/fr\/#\/schema\/logo\/image\/","url":"https:\/\/divasbcn.com\/wp-content\/uploads\/2021\/12\/Logotipo-Divas-BCN-2.png","contentUrl":"https:\/\/divasbcn.com\/wp-content\/uploads\/2021\/12\/Logotipo-Divas-BCN-2.png","width":416,"height":371,"caption":"Divas BCN"},"image":{"@id":"https:\/\/divasbcn.com\/fr\/#\/schema\/logo\/image\/"}}]}},"_links":{"self":[{"href":"https:\/\/divasbcn.com\/fr\/wp-json\/wp\/v2\/pages\/570","targetHints":{"allow":["GET"]}}],"collection":[{"href":"https:\/\/divasbcn.com\/fr\/wp-json\/wp\/v2\/pages"}],"about":[{"href":"https:\/\/divasbcn.com\/fr\/wp-json\/wp\/v2\/types\/page"}],"author":[{"embeddable":true,"href":"https:\/\/divasbcn.com\/fr\/wp-json\/wp\/v2\/users\/1"}],"replies":[{"embeddable":true,"href":"https:\/\/divasbcn.com\/fr\/wp-json\/wp\/v2\/comments?post=570"}],"version-history":[{"count":0,"href":"https:\/\/divasbcn.com\/fr\/wp-json\/wp\/v2\/pages\/570\/revisions"}],"wp:attachment":[{"href":"https:\/\/divasbcn.com\/fr\/wp-json\/wp\/v2\/media?parent=570"}],"curies":[{"name":"wp","href":"https:\/\/api.w.org\/{rel}","templated":true}]}}