{"id":567,"date":"2022-01-18T16:06:11","date_gmt":"2022-01-18T16:06:11","guid":{"rendered":"https:\/\/divasbcn.com\/un-peu-sur-nous\/"},"modified":"2025-02-21T12:12:33","modified_gmt":"2025-02-21T12:12:33","slug":"nous","status":"publish","type":"page","link":"https:\/\/divasbcn.com\/fr\/nous\/","title":{"rendered":"Nous"},"content":{"rendered":"<section class=\"l-section wpb_row height_medium color_footer-bottom with_img parallax_ver parallax_xpos_left with_shape\"><div class=\"l-section-img lazyload\" role=\"img\" data-img-width=\"950\" data-img-height=\"634\" style=\"background-image:inherit;background-position: center left;\" data-bg-image=\"url(https:\/\/divasbcn.com\/wp-content\/uploads\/2021\/11\/8.jpeg)\"><\/div><div class=\"l-section-overlay\" style=\"background:rgba(26,26,26,0.65)\"><\/div><div class=\"l-section-shape type_triangle pos_bottom\" style=\"height:15vmin;\"><svg xmlns=\"http:\/\/www.w3.org\/2000\/svg\" viewBox=\"0 0 64 8\" preserveAspectRatio=\"none\" width=\"100%\" height=\"100%\">\r\n\t<path fill=\"currentColor\" d=\"M64 8 L0 8 L0 0 L32 7.9 L64 0 Z\"\/>\r\n<\/svg><\/div><div class=\"l-section-h i-cf\"><div class=\"g-cols vc_row via_grid cols_1 laptops-cols_inherit tablets-cols_inherit mobiles-cols_1 valign_top type_default stacking_default\"><div class=\"wpb_column vc_column_container\"><div class=\"vc_column-inner\"><div class=\"w-separator size_custom\" style=\"height:150px\" id=\"of85\"><style><\/style><\/div><div class=\"wpb_text_column us_custom_e2aee182\"><div class=\"wpb_wrapper\"><h1 style=\"text-align: center;\">A propos de <strong>nous<\/strong><\/h1>\n<\/div><\/div><div class=\"w-separator size_custom\" style=\"height:150px\" id=\"o2f9\"><style><\/style><\/div><\/div><\/div><\/div><\/div><\/section><section class=\"l-section wpb_row height_large\"><div class=\"l-section-h i-cf\"><div class=\"g-cols vc_row via_grid cols_1 laptops-cols_inherit tablets-cols_inherit mobiles-cols_1 valign_top type_default stacking_default\"><div class=\"wpb_column vc_column_container\"><div class=\"vc_column-inner\"><div class=\"wpb_text_column us_custom_77f343dd\"><div class=\"wpb_wrapper\"><p style=\"text-align: center;\"><strong>Divas BCN<\/strong><\/p>\n<\/div><\/div><div class=\"w-separator size_custom\" style=\"height:50px\" id=\"u8fc\"><style><\/style><\/div><div class=\"wpb_text_column\"><div class=\"wpb_wrapper\"><p style=\"text-align: center;\">Bienvenue chez <a href=\"https:\/\/divasbcn.com\/fr\/\">Divas BCN<\/a>, agence d&rsquo;escortes de luxe situ\u00e9e \u00e0 Barcelone. Dans notre agence d&rsquo;escortes, vous ne trouverez que les escortes les plus exclusives, d\u00e9bordantes de sensualit\u00e9 et de beaut\u00e9 naturelle.<\/p>\n<p style=\"text-align: center;\">Toutes les escortes sont de haut niveau intellectuel, volontaires et imaginatives pour r\u00e9aliser tous vos fantasmes et vous offrir une exp\u00e9rience inoubliable. Nous proc\u00e9dons \u00e0 des castings exhaustifs afin de s\u00e9lectionner les escortes de luxe parfaites pour vos \u00e9v\u00e9nements, r\u00e9unions, d\u00eeners et voyages.<\/p>\n<\/div><\/div><\/div><\/div><\/div><\/div><\/section><section class=\"l-section wpb_row height_custom\"><div class=\"l-section-overlay\" style=\"background:linear-gradient(135deg,#d1a84f,#362605)\"><\/div><div class=\"l-section-h i-cf\"><div class=\"g-cols vc_row via_grid cols_1 laptops-cols_inherit tablets-cols_inherit mobiles-cols_1 valign_top type_default stacking_default\"><div class=\"wpb_column vc_column_container\"><div class=\"vc_column-inner\"><\/div><\/div><\/div><\/div><\/section><section class=\"l-section wpb_row height_large color_footer-bottom with_img parallax_ver with_shape\"><div class=\"l-section-img lazyload\" role=\"img\" data-img-width=\"950\" data-img-height=\"634\" style=\"background-image:inherit;\" data-bg-image=\"url(https:\/\/divasbcn.com\/wp-content\/uploads\/2021\/11\/5.jpeg)\"><\/div><div class=\"l-section-overlay\" style=\"background:rgba(26,26,26,0.65)\"><\/div><div class=\"l-section-shape type_triangle pos_bottom\" style=\"height:15vmin;\"><svg xmlns=\"http:\/\/www.w3.org\/2000\/svg\" viewBox=\"0 0 64 8\" preserveAspectRatio=\"none\" width=\"100%\" height=\"100%\">\r\n\t<path fill=\"currentColor\" d=\"M64 8 L0 8 L0 0 L32 7.9 L64 0 Z\"\/>\r\n<\/svg><\/div><div class=\"l-section-h i-cf\"><div class=\"g-cols vc_row via_grid cols_1 laptops-cols_inherit tablets-cols_inherit mobiles-cols_1 valign_top type_boxes stacking_default\" style=\"--columns-gap:0rem;\"><div class=\"wpb_column vc_column_container\"><div class=\"vc_column-inner\"><div class=\"wpb_text_column us_custom_77f343dd\"><div class=\"wpb_wrapper\"><p style=\"text-align: center;\"><strong>Nos valeurs<\/strong><\/p>\n<\/div><\/div><div class=\"w-separator size_custom\" style=\"height:50px\" id=\"w6e3\"><style><\/style><\/div><div class=\"g-cols wpb_row via_grid cols_2 laptops-cols_inherit tablets-cols_inherit mobiles-cols_1 valign_top type_default stacking_default\" style=\"--columns-gap:3rem;\"><div class=\"wpb_column vc_column_container\"><div class=\"vc_column-inner\"><div class=\"w-image align_center\"><div class=\"w-image-h\"><img decoding=\"async\" width=\"1024\" height=\"683\" data-src=\"https:\/\/divasbcn.com\/wp-content\/uploads\/2021\/11\/11-1024x683.jpeg\" class=\"attachment-large size-large lazyload\" alt=\"\" data-srcset=\"https:\/\/divasbcn.com\/wp-content\/uploads\/2021\/11\/11-1024x683.jpeg 1024w, https:\/\/divasbcn.com\/wp-content\/uploads\/2021\/11\/11-300x200.jpeg 300w, https:\/\/divasbcn.com\/wp-content\/uploads\/2021\/11\/11-450x300.jpeg 450w, https:\/\/divasbcn.com\/wp-content\/uploads\/2021\/11\/11-600x400.jpeg 600w, https:\/\/divasbcn.com\/wp-content\/uploads\/2021\/11\/11-scaled.jpeg 1200w\" data-sizes=\"auto, (max-width: 1024px) 100vw, 1024px\" src=\"data:image\/gif;base64,R0lGODlhAQABAAAAACH5BAEKAAEALAAAAAABAAEAAAICTAEAOw==\" style=\"--smush-placeholder-width: 1024px; --smush-placeholder-aspect-ratio: 1024\/683;\" \/><\/div><\/div><\/div><\/div><div class=\"wpb_column vc_column_container\"><div class=\"vc_column-inner\"><div class=\"wpb_text_column\"><div class=\"wpb_wrapper\"><ul>\n<li>Discr\u00e9tion<\/li>\n<li>Confidentialit\u00e9<\/li>\n<li>Transparence<\/li>\n<li>La v\u00e9racit\u00e9<\/li>\n<\/ul>\n<p>Nous offrons une confidentialit\u00e9 absolue \u00e0 tous nos clients, ce qui garantit la tranquillit\u00e9 d&rsquo;esprit et la confiance dans toutes nos conversations et nos r\u00e9servations.<\/p>\n<p>Transparence et v\u00e9racit\u00e9, toutes les photos des mod\u00e8les sont 100% r\u00e9elles, mises \u00e0 jour et prises le plus naturellement possible. Le mod\u00e8le avec lequel vous r\u00e9servez par le biais de notre site web sera le m\u00eame que celui avec lequel vous aurez le rendez-vous.<\/p>\n<\/div><\/div><\/div><\/div><\/div><div class=\"w-separator size_custom\" style=\"height:50px\" id=\"x395\"><style><\/style><\/div><\/div><\/div><\/div><\/div><\/section><section class=\"l-section wpb_row height_large\"><div class=\"l-section-h i-cf\"><div class=\"g-cols vc_row via_grid cols_1 laptops-cols_inherit tablets-cols_inherit mobiles-cols_1 valign_top type_default stacking_default\"><div class=\"wpb_column vc_column_container\"><div class=\"vc_column-inner\"><div class=\"wpb_text_column us_custom_77f343dd\"><div class=\"wpb_wrapper\"><p style=\"text-align: center;\"><strong>Contact &amp; R\u00e9servations<\/strong><\/p>\n<\/div><\/div><div class=\"w-separator size_custom\" style=\"height:50px\" id=\"da73\"><style><\/style><\/div><div class=\"w-separator size_custom\" style=\"height:50px\" id=\"nb22\"><style><\/style><\/div><div class=\"g-cols wpb_row via_grid cols_3 laptops-cols_inherit tablets-cols_inherit mobiles-cols_1 valign_top type_default stacking_default\" style=\"--columns-gap:3rem;\"><div class=\"wpb_column vc_column_container\"><div class=\"vc_column-inner\"><div class=\"w-iconbox us_custom_67a1de59 iconpos_top style_circle color_primary align_center no_text\"><div class=\"w-iconbox-icon\" style=\"font-size:1.7rem;\"><i class=\"fas fa-heart\"><\/i><\/div><div class=\"w-iconbox-meta\"><span class=\"w-iconbox-title\">Plaisir sans limites<\/span><\/div><\/div><\/div><\/div><div class=\"wpb_column vc_column_container\"><div class=\"vc_column-inner\"><div class=\"w-iconbox us_custom_67a1de59 iconpos_top style_circle color_primary align_center no_text\"><div class=\"w-iconbox-icon\" style=\"font-size:1.7rem;\"><i class=\"fas fa-star\"><\/i><\/div><div class=\"w-iconbox-meta\"><span class=\"w-iconbox-title\">Exp\u00e9riences de luxe<\/span><\/div><\/div><\/div><\/div><div class=\"wpb_column vc_column_container\"><div class=\"vc_column-inner\"><div class=\"w-iconbox us_custom_67a1de59 iconpos_top style_circle color_primary align_center no_text\"><div class=\"w-iconbox-icon\" style=\"font-size:1.7rem;\"><i class=\"fas fa-lock\"><\/i><\/div><div class=\"w-iconbox-meta\"><span class=\"w-iconbox-title\">Confidentialit\u00e9<\/span><\/div><\/div><\/div><\/div><\/div><div class=\"w-separator size_custom\" style=\"height:50px\" id=\"e3a8\"><style><\/style><\/div><div class=\"w-separator size_custom\" style=\"height:50px\" id=\"p45a\"><style><\/style><\/div><div class=\"wpb_text_column .grecaptcha-badge { visibility: hidden; }\"><div class=\"wpb_wrapper\"><p style=\"text-align: center;\">Si vous souhaitez nous contacter pour poser une question ou prendre un rendez-vous, vous pouvez nous <a href=\"tel:+34665113659\">appeler<\/a> ou nous envoyer un <a href=\"https:\/\/wa.me\/+34665113659?text=Bonjour+DivasBcn,+j'ai+besoin+d'informations\">WhatsApp<\/a> au <span class=\"w-text-value\">+34 665 113 659<\/span> ou nous \u00e9crire un courriel ou remplir le formulaire de contact suivant.<\/p>\n<p style=\"text-align: center;\">Nous serons enchant\u00e9s de vous r\u00e9pondre, sans aucun engagement de votre part.<\/p>\n<\/div><\/div><div class=\"w-separator size_custom\" style=\"height:50px\" id=\"f6a1\"><style><\/style><\/div><div class=\"w-separator size_custom with_line width_50 thick_1 style_solid color_text align_center\" style=\"height:50px\" id=\"x74e\"><style><\/style><div class=\"w-separator-h\"><\/div><\/div><div class=\"w-separator size_custom\" style=\"height:50px\" id=\"j7f3\"><style><\/style><\/div><div class=\"g-cols wpb_row via_grid cols_1-2-1 laptops-cols_inherit tablets-cols_inherit mobiles-cols_1 valign_top type_default stacking_default\" style=\"--columns-gap:3rem;\"><div class=\"wpb_column vc_column_container\"><div class=\"vc_column-inner\"><\/div><\/div><div class=\"wpb_column vc_column_container\"><div class=\"vc_column-inner\">\n<div class=\"wpcf7 no-js\" id=\"wpcf7-f6-o1\" lang=\"es-ES\" dir=\"ltr\" data-wpcf7-id=\"6\">\n<div class=\"screen-reader-response\"><p role=\"status\" aria-live=\"polite\" aria-atomic=\"true\"><\/p> <ul><\/ul><\/div>\n<form action=\"\/fr\/wp-json\/wp\/v2\/pages\/567#wpcf7-f6-o1\" method=\"post\" class=\"wpcf7-form init\" aria-label=\"Formulario de contacto\" novalidate=\"novalidate\" data-status=\"init\">\n<div style=\"display: none;\">\n<input type=\"hidden\" name=\"_wpcf7\" value=\"6\" \/>\n<input type=\"hidden\" name=\"_wpcf7_version\" value=\"6.0.6\" \/>\n<input type=\"hidden\" name=\"_wpcf7_locale\" value=\"es_ES\" \/>\n<input type=\"hidden\" name=\"_wpcf7_unit_tag\" value=\"wpcf7-f6-o1\" \/>\n<input type=\"hidden\" name=\"_wpcf7_container_post\" value=\"0\" \/>\n<input type=\"hidden\" name=\"_wpcf7_posted_data_hash\" value=\"\" \/>\n<input type=\"hidden\" name=\"_wpcf7_recaptcha_response\" value=\"\" \/>\n<\/div>\n<p><label> Nom (obligatoire)<br \/>\n<span class=\"wpcf7-form-control-wrap\" data-name=\"your-name\"><input size=\"40\" maxlength=\"400\" class=\"wpcf7-form-control wpcf7-text wpcf7-validates-as-required\" aria-required=\"true\" aria-invalid=\"false\" value=\"\" type=\"text\" name=\"your-name\" \/><\/span> <\/label>\n<\/p>\n<p><label> Num\u00e9ro de t\u00e9l\u00e9phone (optionnel)<br \/>\n<span class=\"wpcf7-form-control-wrap\" data-name=\"tel-648\"><input size=\"40\" maxlength=\"400\" class=\"wpcf7-form-control wpcf7-tel wpcf7-text wpcf7-validates-as-tel\" aria-invalid=\"false\" value=\"\" type=\"tel\" name=\"tel-648\" \/><\/span> <\/label>\n<\/p>\n<p><label> E-mail (obligatoire)<br \/>\n<span class=\"wpcf7-form-control-wrap\" data-name=\"your-email\"><input size=\"40\" maxlength=\"400\" class=\"wpcf7-form-control wpcf7-email wpcf7-validates-as-required wpcf7-text wpcf7-validates-as-email\" aria-required=\"true\" aria-invalid=\"false\" value=\"\" type=\"email\" name=\"your-email\" \/><\/span> <\/label>\n<\/p>\n<p><label> Objet (obligatoire)<br \/>\n<span class=\"wpcf7-form-control-wrap\" data-name=\"your-subject\"><input size=\"40\" maxlength=\"400\" class=\"wpcf7-form-control wpcf7-text wpcf7-validates-as-required\" aria-required=\"true\" aria-invalid=\"false\" value=\"\" type=\"text\" name=\"your-subject\" \/><\/span> <\/label>\n<\/p>\n<p><label> Message (obligatoire)<br \/>\n<span class=\"wpcf7-form-control-wrap\" data-name=\"your-message\"><textarea cols=\"40\" rows=\"10\" maxlength=\"2000\" class=\"wpcf7-form-control wpcf7-textarea wpcf7-validates-as-required\" aria-required=\"true\" aria-invalid=\"false\" name=\"your-message\"><\/textarea><\/span> <\/label>\n<\/p>\n<p><input class=\"wpcf7-form-control wpcf7-submit has-spinner\" type=\"submit\" value=\"Envoyer\" \/>\n<\/p>\n<p>This site is protected by reCAPTCHA Enterprise and the Google <a href=\"https:\/\/policies.google.com\/privacy\" rel=\"nofollow\" rel=\"noopener\">Privacy Policy<\/a> and <a href=\"https:\/\/policies.google.com\/terms\" rel=\"noopener\" rel=\"nofollow\">Terms of Service<\/a> apply.\n<\/p><div class=\"wpcf7-response-output\" aria-hidden=\"true\"><\/div>\n<\/form>\n<\/div>\n<\/div><\/div><div class=\"wpb_column vc_column_container\"><div class=\"vc_column-inner\"><\/div><\/div><\/div><div class=\"w-separator size_custom\" style=\"height:50px\" id=\"n251\"><style><\/style><\/div><\/div><\/div><\/div><\/div><\/section>\n","protected":false},"excerpt":{"rendered":"A propos de nous Divas BCN Bienvenue chez Divas BCN, agence d&rsquo;escortes de luxe situ\u00e9e \u00e0 Barcelone. Dans notre agence d&rsquo;escortes, vous ne trouverez que les escortes les plus exclusives, d\u00e9bordantes de sensualit\u00e9 et de beaut\u00e9 naturelle. Toutes les escortes sont de haut niveau intellectuel, volontaires et imaginatives pour r\u00e9aliser tous vos fantasmes et vous...","protected":false},"author":1,"featured_media":0,"parent":0,"menu_order":0,"comment_status":"closed","ping_status":"closed","template":"","meta":{"_joinchat":{"message_text":"Bienvenue chez Divas BCN.\nComment pouvons-nous vous aider?","message_send":"Bonjour Divas BCN, je souhaite plus d'informations sur vos services"},"footnotes":""},"class_list":["post-567","page","type-page","status-publish","hentry"],"yoast_head":"<!-- This site is optimized with the Yoast SEO plugin v25.3.1 - https:\/\/yoast.com\/wordpress\/plugins\/seo\/ -->\n<title>\u00c0 propos de nous - Divas BCN<\/title>\n<meta name=\"description\" content=\"Bienvenue chez Divas BCN, agence d&#039;escortes de luxe situ\u00e9e \u00e0 Barcelone. Dans notre agence, vous ne trouverez que des escort girls.\" \/>\n<meta name=\"robots\" content=\"index, follow, max-snippet:-1, max-image-preview:large, max-video-preview:-1\" \/>\n<link rel=\"canonical\" href=\"https:\/\/divasbcn.com\/fr\/nous\/\" \/>\n<meta property=\"og:locale\" content=\"fr_FR\" \/>\n<meta property=\"og:type\" content=\"article\" \/>\n<meta property=\"og:title\" content=\"\u00c0 propos de nous - Divas BCN\" \/>\n<meta property=\"og:description\" content=\"Bienvenue chez Divas BCN, agence d&#039;escortes de luxe situ\u00e9e \u00e0 Barcelone. Dans notre agence, vous ne trouverez que des escort girls.\" \/>\n<meta property=\"og:url\" content=\"https:\/\/divasbcn.com\/fr\/nous\/\" \/>\n<meta property=\"og:site_name\" content=\"Divas BCN\" \/>\n<meta property=\"article:modified_time\" content=\"2025-02-21T12:12:33+00:00\" \/>\n<meta name=\"twitter:card\" content=\"summary_large_image\" \/>\n<meta name=\"twitter:label1\" content=\"Dur\u00e9e de lecture estim\u00e9e\" \/>\n\t<meta name=\"twitter:data1\" content=\"5 minutes\" \/>\n<script type=\"application\/ld+json\" class=\"yoast-schema-graph\">{\"@context\":\"https:\/\/schema.org\",\"@graph\":[{\"@type\":\"WebPage\",\"@id\":\"https:\/\/divasbcn.com\/fr\/nous\/\",\"url\":\"https:\/\/divasbcn.com\/fr\/nous\/\",\"name\":\"\u00c0 propos de nous - Divas BCN\",\"isPartOf\":{\"@id\":\"https:\/\/divasbcn.com\/fr\/#website\"},\"datePublished\":\"2022-01-18T16:06:11+00:00\",\"dateModified\":\"2025-02-21T12:12:33+00:00\",\"description\":\"Bienvenue chez Divas BCN, agence d'escortes de luxe situ\u00e9e \u00e0 Barcelone. Dans notre agence, vous ne trouverez que des escort girls.\",\"breadcrumb\":{\"@id\":\"https:\/\/divasbcn.com\/fr\/nous\/#breadcrumb\"},\"inLanguage\":\"fr-FR\",\"potentialAction\":[{\"@type\":\"ReadAction\",\"target\":[\"https:\/\/divasbcn.com\/fr\/nous\/\"]}]},{\"@type\":\"BreadcrumbList\",\"@id\":\"https:\/\/divasbcn.com\/fr\/nous\/#breadcrumb\",\"itemListElement\":[{\"@type\":\"ListItem\",\"position\":1,\"name\":\"Portada\",\"item\":\"https:\/\/divasbcn.com\/fr\/\"},{\"@type\":\"ListItem\",\"position\":2,\"name\":\"Nous\"}]},{\"@type\":\"WebSite\",\"@id\":\"https:\/\/divasbcn.com\/fr\/#website\",\"url\":\"https:\/\/divasbcn.com\/fr\/\",\"name\":\"Divas BCN\",\"description\":\"Escorts de lujo Barcelona\",\"publisher\":{\"@id\":\"https:\/\/divasbcn.com\/fr\/#organization\"},\"potentialAction\":[{\"@type\":\"SearchAction\",\"target\":{\"@type\":\"EntryPoint\",\"urlTemplate\":\"https:\/\/divasbcn.com\/fr\/?s={search_term_string}\"},\"query-input\":{\"@type\":\"PropertyValueSpecification\",\"valueRequired\":true,\"valueName\":\"search_term_string\"}}],\"inLanguage\":\"fr-FR\"},{\"@type\":\"Organization\",\"@id\":\"https:\/\/divasbcn.com\/fr\/#organization\",\"name\":\"Divas BCN\",\"url\":\"https:\/\/divasbcn.com\/fr\/\",\"logo\":{\"@type\":\"ImageObject\",\"inLanguage\":\"fr-FR\",\"@id\":\"https:\/\/divasbcn.com\/fr\/#\/schema\/logo\/image\/\",\"url\":\"https:\/\/divasbcn.com\/wp-content\/uploads\/2021\/12\/Logotipo-Divas-BCN-2.png\",\"contentUrl\":\"https:\/\/divasbcn.com\/wp-content\/uploads\/2021\/12\/Logotipo-Divas-BCN-2.png\",\"width\":416,\"height\":371,\"caption\":\"Divas BCN\"},\"image\":{\"@id\":\"https:\/\/divasbcn.com\/fr\/#\/schema\/logo\/image\/\"}}]}<\/script>\n<!-- \/ Yoast SEO plugin. -->","yoast_head_json":{"title":"\u00c0 propos de nous - Divas BCN","description":"Bienvenue chez Divas BCN, agence d'escortes de luxe situ\u00e9e \u00e0 Barcelone. Dans notre agence, vous ne trouverez que des escort girls.","robots":{"index":"index","follow":"follow","max-snippet":"max-snippet:-1","max-image-preview":"max-image-preview:large","max-video-preview":"max-video-preview:-1"},"canonical":"https:\/\/divasbcn.com\/fr\/nous\/","og_locale":"fr_FR","og_type":"article","og_title":"\u00c0 propos de nous - Divas BCN","og_description":"Bienvenue chez Divas BCN, agence d'escortes de luxe situ\u00e9e \u00e0 Barcelone. Dans notre agence, vous ne trouverez que des escort girls.","og_url":"https:\/\/divasbcn.com\/fr\/nous\/","og_site_name":"Divas BCN","article_modified_time":"2025-02-21T12:12:33+00:00","twitter_card":"summary_large_image","twitter_misc":{"Dur\u00e9e de lecture estim\u00e9e":"5 minutes"},"schema":{"@context":"https:\/\/schema.org","@graph":[{"@type":"WebPage","@id":"https:\/\/divasbcn.com\/fr\/nous\/","url":"https:\/\/divasbcn.com\/fr\/nous\/","name":"\u00c0 propos de nous - Divas BCN","isPartOf":{"@id":"https:\/\/divasbcn.com\/fr\/#website"},"datePublished":"2022-01-18T16:06:11+00:00","dateModified":"2025-02-21T12:12:33+00:00","description":"Bienvenue chez Divas BCN, agence d'escortes de luxe situ\u00e9e \u00e0 Barcelone. Dans notre agence, vous ne trouverez que des escort girls.","breadcrumb":{"@id":"https:\/\/divasbcn.com\/fr\/nous\/#breadcrumb"},"inLanguage":"fr-FR","potentialAction":[{"@type":"ReadAction","target":["https:\/\/divasbcn.com\/fr\/nous\/"]}]},{"@type":"BreadcrumbList","@id":"https:\/\/divasbcn.com\/fr\/nous\/#breadcrumb","itemListElement":[{"@type":"ListItem","position":1,"name":"Portada","item":"https:\/\/divasbcn.com\/fr\/"},{"@type":"ListItem","position":2,"name":"Nous"}]},{"@type":"WebSite","@id":"https:\/\/divasbcn.com\/fr\/#website","url":"https:\/\/divasbcn.com\/fr\/","name":"Divas BCN","description":"Escorts de lujo Barcelona","publisher":{"@id":"https:\/\/divasbcn.com\/fr\/#organization"},"potentialAction":[{"@type":"SearchAction","target":{"@type":"EntryPoint","urlTemplate":"https:\/\/divasbcn.com\/fr\/?s={search_term_string}"},"query-input":{"@type":"PropertyValueSpecification","valueRequired":true,"valueName":"search_term_string"}}],"inLanguage":"fr-FR"},{"@type":"Organization","@id":"https:\/\/divasbcn.com\/fr\/#organization","name":"Divas BCN","url":"https:\/\/divasbcn.com\/fr\/","logo":{"@type":"ImageObject","inLanguage":"fr-FR","@id":"https:\/\/divasbcn.com\/fr\/#\/schema\/logo\/image\/","url":"https:\/\/divasbcn.com\/wp-content\/uploads\/2021\/12\/Logotipo-Divas-BCN-2.png","contentUrl":"https:\/\/divasbcn.com\/wp-content\/uploads\/2021\/12\/Logotipo-Divas-BCN-2.png","width":416,"height":371,"caption":"Divas BCN"},"image":{"@id":"https:\/\/divasbcn.com\/fr\/#\/schema\/logo\/image\/"}}]}},"_links":{"self":[{"href":"https:\/\/divasbcn.com\/fr\/wp-json\/wp\/v2\/pages\/567","targetHints":{"allow":["GET"]}}],"collection":[{"href":"https:\/\/divasbcn.com\/fr\/wp-json\/wp\/v2\/pages"}],"about":[{"href":"https:\/\/divasbcn.com\/fr\/wp-json\/wp\/v2\/types\/page"}],"author":[{"embeddable":true,"href":"https:\/\/divasbcn.com\/fr\/wp-json\/wp\/v2\/users\/1"}],"replies":[{"embeddable":true,"href":"https:\/\/divasbcn.com\/fr\/wp-json\/wp\/v2\/comments?post=567"}],"version-history":[{"count":1,"href":"https:\/\/divasbcn.com\/fr\/wp-json\/wp\/v2\/pages\/567\/revisions"}],"predecessor-version":[{"id":11718,"href":"https:\/\/divasbcn.com\/fr\/wp-json\/wp\/v2\/pages\/567\/revisions\/11718"}],"wp:attachment":[{"href":"https:\/\/divasbcn.com\/fr\/wp-json\/wp\/v2\/media?parent=567"}],"curies":[{"name":"wp","href":"https:\/\/api.w.org\/{rel}","templated":true}]}}