{"id":2717,"date":"2024-02-24T17:39:06","date_gmt":"2024-02-24T17:39:06","guid":{"rendered":"https:\/\/divasbcn.com\/cookie-richtlinie\/"},"modified":"2024-02-24T17:39:06","modified_gmt":"2024-02-24T17:39:06","slug":"cookie-richtlinie","status":"publish","type":"page","link":"https:\/\/divasbcn.com\/de\/cookie-richtlinie\/","title":{"rendered":"Cookies-Politik"},"content":{"rendered":"<section class=\"l-section wpb_row height_huge\"><div class=\"l-section-h i-cf\"><div class=\"g-cols vc_row via_grid cols_1 laptops-cols_inherit tablets-cols_inherit mobiles-cols_1 valign_top type_default stacking_default\"><div class=\"wpb_column vc_column_container\"><div class=\"vc_column-inner\"><div class=\"wpb_text_column\"><div class=\"wpb_wrapper\"><h2><strong>COOKIES<\/strong><\/h2>\n<h3><strong>VERWENDUNG VON COOKIES<\/strong><\/h3>\n<p>Cookies sind Dateien, die von Websites auf Ihren Computer heruntergeladen werden k\u00f6nnen. Sie sind Instrumente, die eine wesentliche Rolle bei der Bereitstellung vieler Dienste der Informationsgesellschaft spielen. Sie erm\u00f6glichen es einer Website unter anderem, Informationen \u00fcber die Surfgewohnheiten eines Nutzers oder seines Ger\u00e4ts zu speichern und abzurufen, und k\u00f6nnen je nach den erhaltenen Informationen dazu verwendet werden, den Nutzer zu erkennen und den angebotenen Dienst zu verbessern.<\/p>\n<div class=\"cookies\">\n<h3><strong>ARTEN VON COOKIES<\/strong><\/h3>\n<p>Je nach der Einrichtung, die die Dom\u00e4ne verwaltet, von der die Cookies gesendet werden, und die die erhaltenen Daten verarbeitet, k\u00f6nnen zwei Arten von Cookies unterschieden werden: <strong>Erstanbieter-Cookies und Drittanbieter-Cookies<\/strong>.<\/p>\n<p>Es gibt noch eine zweite Klassifizierung nach der Dauer, die sie im Browser des Kunden gespeichert bleiben, n\u00e4mlich <strong>Sitzungscookies oder dauerhafte Cookies<\/strong>.<\/p>\n<p>Schlie\u00dflich gibt es eine weitere Klassifizierung mit f\u00fcnf Arten von Cookies, je nachdem, zu welchem Zweck die erhaltenen Daten verarbeitet werden: <strong>technische Cookies, Personalisierungs-Cookies, Analyse-Cookies, Werbe-Cookies und verhaltensbezogene Werbe-Cookies<\/strong>.<\/p>\n<p>F\u00fcr weitere Informationen zu diesem Thema konsultieren Sie bitte den <a href=\"http:\/\/www.agpd.es\/portalwebAGPD\/canaldocumentacion\/publicaciones\/common\/Guias\/Guia_Cookies.pdf\" target=\"_blank\" rel=\"noopener\"><br \/>\n  <strong>Leitfaden \u00fcber die Verwendung von Cookies der spanischen Datenschutzbeh\u00f6rde.<\/strong><br \/>\n<\/a>.<\/p>\n<p>Die Cookies, die auf dieser Website verwendet werden, sind im Folgenden aufgef\u00fchrt, ebenso wie ihre Art und Funktion:<\/p>\n<ol class=\"listaNumerica\">\n<li>Wir verwenden Cookies von Drittanbietern, insbesondere verwenden wir <strong>Google Translator<\/strong> f\u00fcr die automatische \u00dcbersetzung der Texte auf unserer Website in verschiedene Sprachen.<\/li>\n<li>Wir verwenden auch ein technisches Cookie von einem Dritten namens WordPress: Dieses Cookie ist technischer Natur und wird von WordPress verwendet, um die Interaktion mit dem Benutzer zu erleichtern und um Statistiken \u00fcber die erhaltenen Besuche zu erstellen. Der WordPress-Cookie ist verschl\u00fcsselt und speichert alle Sitzungsinformationen, sowohl f\u00fcr Besucher\/Kunden als auch f\u00fcr Mitarbeiter\/Administratoren.<\/li>\n<li>Au\u00dferdem wird ein drittes Cookie erzeugt, das anzeigt, ob der Nutzer Cookies akzeptiert hat oder nicht.<\/li>\n<\/ol>\n<h3><strong>ANNAHME DER COOKIE-POLITIK<\/strong><\/h3>\n<p><strong>divasbcn.com <\/strong>geht davon aus, dass Sie die Verwendung von Cookies akzeptieren. Die Informationen \u00fcber die Cookie-Richtlinie werden jedoch bei jeder Anmeldung oben auf der Seite angezeigt, so dass Sie sie zur Kenntnis nehmen k\u00f6nnen.<\/p>\n<p>Angesichts dieser Informationen sind folgende Ma\u00dfnahmen m\u00f6glich:<\/p>\n<p><strong>Cookies akzeptieren.  <\/strong>Dieser Hinweis wird beim Zugriff auf eine beliebige Seite des Portals w\u00e4hrend der aktuellen Sitzung nicht mehr angezeigt.<\/p>\n<p><strong>Schlie\u00dfen.  <\/strong>Der Hinweis ist auf dieser Seite ausgeblendet.<\/p>\n<p><strong>\u00c4ndern Sie Ihre Konfiguration.  <\/strong>Sie k\u00f6nnen weitere Informationen dar\u00fcber erhalten, was Cookies sind, sich \u00fcber die Cookie-Politik der Website informieren und Ihre Browsereinstellungen \u00e4ndern.<\/p>\n<h3><strong>WIE SIE IHRE COOKIE-EINSTELLUNGEN \u00c4NDERN K\u00d6NNEN<\/strong><\/h3>\n<p>Sie k\u00f6nnen die Cookies von divasbcn.com einschr\u00e4nken, blockieren oder l\u00f6schen.<strong> <\/strong>oder jede andere Website \u00fcber Ihren Browser. In jedem Browser ist die Bedienung anders, die &#8218;Hilfe&#8216;-Funktion zeigt Ihnen, wie das geht.<\/p>\n<ul class=\"listaPuntos\">\n<li><strong>Internet Explorer: <\/strong><a href=\"http:\/\/windows.microsoft.com\/es-xl\/internet-explorer\/delete-manage-cookies#ie=ie-10\" target=\"_blank\" rel=\"noopener\">windows.microsoft.com\/de-xl\/internet-explorer\/delete-manage-cookies#ie=&#8220;ie-10\u2033.<\/a><\/li>\n<li><strong>FireFox: <\/strong><a href=\"https:\/\/support.mozilla.org\/es\/kb\/Borrar%20cookies\" target=\"_blank\" rel=\"noopener\">support.mozilla.org\/kb\/Delete%20cookies<\/a><\/li>\n<li><strong>Chrome: <\/strong><a href=\"https:\/\/support.google.com\/chrome\/answer\/95647?hl=es\" target=\"_blank\" rel=\"noopener\">support.google.com\/chrome\/answer\/95647?hl=&#8220;de&#8220;<\/a><\/li>\n<li><strong>Safari: <\/strong><a href=\"http:\/\/www.apple.com\/es\/privacy\/use-of-cookies\/\" target=\"_blank\" rel=\"noopener\">www.apple.com\/es\/privacy\/use-of-cookies\/<\/a><\/li>\n<\/ul>\n<p>Dar\u00fcber hinaus k\u00f6nnen Sie die Speicherung von Cookies in Ihrem Browser mit Hilfe von Tools wie den folgenden verwalten:<\/p>\n<p>Ghostery: <a href=\"http:\/\/www.ghostery.com\/\" target=\"_blank\" rel=\"noopener\">www.ghostery.com\/<\/a><\/p>\n<p>Ihre Online-Auswahl: <a href=\"http:\/\/www.youronlinechoices.com\/es\/\" target=\"_blank\" rel=\"noopener\">www.youronlinechoices.com\/es\/<\/a><\/p>\n<\/div>\n<h3><strong>COOKIES-POLITIK<\/strong><\/h3>\n<p>Ein <em>Cookie<\/em> ist eine kleine Textdatei, die in Ihrem Browser gespeichert wird, wenn Sie eine beliebige Website besuchen. Es ist n\u00fctzlich f\u00fcr die Website, um sich an Ihren Besuch zu erinnern, wenn Sie zu dieser Seite zur\u00fcckkehren. <em>Cookies<\/em> speichern in der Regel Informationen technischer Art, pers\u00f6nliche Pr\u00e4ferenzen, die Personalisierung von Inhalten, Nutzungsstatistiken, Links zu sozialen Netzwerken, den Zugang zu Benutzerkonten usw. Der Zweck des <em>Cookies<\/em> besteht darin, den Inhalt der Website an Ihr Profil und Ihre Bed\u00fcrfnisse anzupassen, denn ohne <em>Cookies<\/em> w\u00fcrden die von einer Seite angebotenen Dienste erheblich eingeschr\u00e4nkt werden.<\/p>\n<div class=\"cookies\">\n<h3><strong>AUF DIESER WEBSITE VERWENDETE COOKIES<\/strong><\/h3>\n<p>Nach den Richtlinien der spanischen Datenschutzbeh\u00f6rde gehen wir auf die Verwendung von <em>Cookies<\/em>, dass diese Website, um Sie so genau wie m\u00f6glich zu informieren macht.<\/p>\n<p>Diese Website verwendet die folgenden <strong>eigenen Cookies<\/strong>:<\/p>\n<ul class=\"listaPuntos\">\n<li>Sitzungscookies, um sicherzustellen, dass es sich bei den Benutzern, die Kommentare im Blog abgeben, um Menschen und nicht um automatisierte Anwendungen handelt. Dies ist der Weg zur Bek\u00e4mpfung von <em>Spam<\/em>.<\/li>\n<\/ul>\n<p>Diese Website verwendet die folgenden <strong>Cookies von Dritten<\/strong>:<\/p>\n<ul class=\"listaPuntos\">\n<li>Google Analytics: speichert <em>Cookies<\/em>, um Statistiken \u00fcber den Verkehr und das Volumen der Besuche auf dieser Website zu erstellen. Durch die Nutzung dieser Website erkl\u00e4ren Sie sich mit der Bearbeitung der \u00fcber Sie erhobenen Daten durch Google einverstanden. Daher sollten Sie alle diesbez\u00fcglichen Rechte aus\u00fcben, indem Sie sich direkt an Google wenden.<\/li>\n<li>Soziale Netzwerke: Jedes soziale Netzwerk verwendet seine eigenen <em>Cookies<\/em>, damit Sie auf die Schaltfl\u00e4chen <em>&#8222;Gef\u00e4llt mir&#8220;<\/em> oder &#8220; <em>Teilen&#8220;<\/em> klicken k\u00f6nnen.<\/li>\n<\/ul>\n<h3><strong>DEAKTIVIERUNG ODER L\u00d6SCHUNG VON COOKIES<\/strong><\/h3>\n<p>Sie k\u00f6nnen jederzeit von Ihrem Recht Gebrauch machen, Cookies auf dieser Website zu deaktivieren oder zu l\u00f6schen. Diese Aktionen werden je nach dem von Ihnen verwendeten Browser unterschiedlich ausgef\u00fchrt.<\/p>\n<h3><strong>ZUS\u00c4TZLICHE BEMERKUNGEN<\/strong><\/h3>\n<ul class=\"listaPuntos\">\n<li>Weder diese Website noch ihre gesetzlichen Vertreter sind f\u00fcr den Inhalt oder die Richtigkeit der Datenschutzrichtlinien der in dieser <em>Cookie-Richtlinie<\/em> genannten Dritten verantwortlich.<\/li>\n<li>Webbrowser sind f\u00fcr die Speicherung von <em>Cookies<\/em> verantwortlich, und hier sollten Sie von Ihrem Recht Gebrauch machen, sie zu l\u00f6schen oder zu deaktivieren. Weder diese Website noch ihre gesetzlichen Vertreter k\u00f6nnen die korrekte oder inkorrekte Handhabung von <em>Cookies<\/em> durch die oben genannten Browser garantieren.<\/li>\n<li>In einigen F\u00e4llen ist es notwendig, <em>Cookies<\/em> zu installieren, damit der Browser Ihre Entscheidung, sie nicht zu akzeptieren, nicht vergisst.<\/li>\n<li>Im Falle der <em>Cookies<\/em> von Google Analytics speichert dieses Unternehmen die <em>Cookies<\/em> auf Servern in den Vereinigten Staaten und verpflichtet sich, sie nicht an Dritte weiterzugeben, es sei denn, dies ist f\u00fcr den Betrieb des Systems erforderlich oder gesetzlich vorgeschrieben. Nach Angaben von Google wird Ihre IP-Adresse nicht gespeichert. Google Inc. ist Mitglied des Safe-Harbour-Abkommens, das garantiert, dass alle \u00fcbermittelten Daten mit einem Schutzniveau behandelt werden, das den europ\u00e4ischen Vorschriften entspricht. Ausf\u00fchrliche Informationen finden Sie <a href=\"http:\/\/safeharbor.export.gov\/companyinfo.aspx?id=16626\" target=\"_blank\" rel=\"noopener\">unter diesem Link<\/a>. Wenn Sie mehr dar\u00fcber erfahren m\u00f6chten, wie Google Cookies verwendet, <a href=\"https:\/\/developers.google.com\/analytics\/devguides\/collection\/analyticsjs\/cookie-usage?hl=es&amp;csw=1\" target=\"_blank\" rel=\"noopener\">folgen Sie bitte diesem Link<\/a>.<\/li>\n<li>Sollten Sie irgendwelche Zweifel oder Fragen zu dieser <em>Cookie-Politik<\/em> haben, z\u00f6gern Sie bitte nicht, uns \u00fcber den Kontaktbereich zu kontaktieren.<\/li>\n<\/ul>\n<h3><strong>WAS IST EIN KEKS?<\/strong><\/h3>\n<p>Ein <em>Cookie<\/em> ist eine <b>harmlose<\/b> Textdatei, die in Ihrem Browser gespeichert wird, wenn Sie eine beliebige Website besuchen. Der Zweck des <em>Cookies<\/em> besteht darin, dass sich die Website an Ihren Besuch erinnert, wenn Sie zu dieser Seite zur\u00fcckkehren. Obwohl viele Menschen es nicht wissen, werden <em>Cookies<\/em> schon seit 20 Jahren verwendet, als die ersten Browser f\u00fcr das World Wide Web erschienen.<\/p>\n<h3><strong>WAS IST KEIN KEKS?<\/strong><\/h3>\n<p>Es handelt sich nicht um einen Virus, Trojaner, Wurm, Spam, Spyware oder Pop-up.<\/p>\n<h3><strong>WELCHE INFORMATIONEN WERDEN IN EINEM <em>COOKIE<\/em> GESPEICHERT?<\/strong><\/h3>\n<p><em>Cookies<\/em> speichern in der Regel keine sensiblen Informationen \u00fcber Sie, wie z. B. Kreditkarten- oder Bankdaten, Fotos, Ihren Personalausweis oder pers\u00f6nliche Informationen usw. Die gespeicherten Daten sind technischer Natur, pers\u00f6nliche Pr\u00e4ferenzen, Personalisierung von Inhalten usw.<\/p>\n<p>Der Webserver assoziiert nicht Sie als Person, sondern Ihren Webbrowser. Wenn Sie normalerweise mit dem Internet Explorer surfen und versuchen, dieselbe Website mit Firefox oder Chrome aufzurufen, werden Sie feststellen, dass die Website nicht erkennt, dass Sie dieselbe Person sind, da sie den Browser und nicht die Person assoziiert.<\/p>\n<h3><strong>WELCHE ARTEN VON <em>COOKIES<\/em> GIBT ES?<\/strong><\/h3>\n<ul class=\"listaPuntos\">\n<li>Technische <em>Cookies<\/em>: Diese sind die grundlegendsten und erm\u00f6glichen es unter anderem zu wissen, wann ein Mensch oder eine automatisierte Anwendung surft, wann ein anonymer und wann ein registrierter Benutzer surft, grundlegende Aufgaben f\u00fcr den Betrieb jeder dynamischen Website.<\/li>\n<li><em>Analyse-Cookies<\/em>: Sie sammeln Informationen \u00fcber die Art des Surfens, die von Ihnen am h\u00e4ufigsten genutzten Bereiche, die aufgerufenen Produkte, die Nutzungsdauer, die Sprache usw.<\/li>\n<li><em>Werbe-Cookies<\/em>: Diese zeigen Werbung an, die auf Ihren Surfgewohnheiten, Ihrem Herkunftsland, Ihrer Sprache usw. basiert.<\/li>\n<\/ul>\n<h3><strong>WAS SIND ERSTANBIETER- UND <em>DRITTANBIETER-COOKIES<\/em>?<\/strong><\/h3>\n<p><em>Erstanbieter-Cookies<\/em> sind Cookies, die von der von Ihnen besuchten Website erzeugt werden, und <em>Drittanbieter-Cookies<\/em> sind Cookies, die von externen Diensten oder Anbietern wie Facebook, Twitter, Google usw. erzeugt werden.<\/p>\n<h3><strong>WAS PASSIERT, WENN ICH <em>COOKIES<\/em> DEAKTIVIERE?<\/strong><\/h3>\n<p>Um Ihnen zu verdeutlichen, in welchem Umfang <em>Cookies<\/em> deaktiviert werden k\u00f6nnen, finden Sie hier einige Beispiele:<\/p>\n<ul class=\"listaPuntos\">\n<li>Sie d\u00fcrfen Inhalte dieser Website nicht auf Facebook, Twitter oder einem anderen sozialen Netzwerk teilen.<\/li>\n<li>Die Website ist nicht in der Lage, den Inhalt an Ihre pers\u00f6nlichen Vorlieben anzupassen, wie es bei Online-Shops oft der Fall ist.<\/li>\n<li>Sie k\u00f6nnen dann nicht auf den pers\u00f6nlichen Bereich dieser Website zugreifen, wie z. B. <em>Mein Konto<\/em>, <em>Mein Profil<\/em> oder <em>Meine Bestellungen<\/em>.<\/li>\n<li>Online-Shops: Sie k\u00f6nnen nicht online einkaufen, sondern m\u00fcssen dies telefonisch oder in einem Ladengesch\u00e4ft tun, falls Sie eines haben.<\/li>\n<li>Es wird nicht m\u00f6glich sein, Ihre geografischen Pr\u00e4ferenzen wie Zeitzone, W\u00e4hrung oder Sprache anzupassen.<\/li>\n<li>Die Website wird nicht in der Lage sein, Webanalysen \u00fcber die Besucher und den Webverkehr durchzuf\u00fchren, was es f\u00fcr die Website schwierig macht, wettbewerbsf\u00e4hig zu sein.<\/li>\n<li>Sie werden nicht in der Lage sein, im Blog zu schreiben, Fotos hochzuladen, Kommentare zu posten, Inhalte zu bewerten oder zu beurteilen. Die Website ist auch nicht in der Lage zu erkennen, ob Sie ein Mensch sind oder eine automatisierte Anwendung, die <em>Spam<\/em> verschickt.<\/li>\n<li>Es wird nicht m\u00f6glich sein, gezielte Werbung anzuzeigen, was die Werbeeinnahmen der Website verringern wird.<\/li>\n<li>Alle sozialen Netzwerke verwenden <em>Cookies<\/em>; wenn Sie diese deaktivieren, k\u00f6nnen Sie kein soziales Netzwerk nutzen.<\/li>\n<\/ul>\n<h3><strong>K\u00d6NNEN <em>COOKIES<\/em> GEL\u00d6SCHT WERDEN?<\/strong><\/h3>\n<p>Ja. Nicht nur l\u00f6schen, sondern auch sperren, entweder allgemein oder f\u00fcr einen bestimmten Bereich.<\/p>\n<p>Um <em>Cookies<\/em> von einer Website zu l\u00f6schen, m\u00fcssen Sie in den Einstellungen Ihres Browsers nach den Cookies suchen, die mit der betreffenden Domain verbunden sind, und diese l\u00f6schen.<\/p>\n<h3 id=\"navegadores\"><strong><em>COOKIE-EINSTELLUNGEN<\/em> F\u00dcR DIE G\u00c4NGIGSTEN BROWSER<\/strong><\/h3>\n<p>Hier erfahren Sie, wie Sie auf ein bestimmtes <em>Cookie<\/em> im <b>Chrome-Browser<\/b> zugreifen k\u00f6nnen. Hinweis: Diese Schritte k\u00f6nnen je nach Version Ihres Browsers variieren:<\/p>\n<ol class=\"listaNumerica\">\n<li>Gehen Sie \u00fcber das Men\u00fc Datei oder durch Klicken auf das Anpassungssymbol oben rechts zu Einstellungen oder Pr\u00e4ferenzen.<\/li>\n<li>Sie sehen verschiedene Abschnitte, klicken Sie auf die Option <em>Erweiterte Optionen anzeigen<\/em>.<\/li>\n<li>Gehen Sie zu <em>Datenschutz<\/em>, <em>Inhaltseinstellungen<\/em>.<\/li>\n<li>W\u00e4hlen Sie <em>Alle Cookies und Website-Daten<\/em>.<\/li>\n<li>Es erscheint eine Liste mit allen <em>Cookies<\/em>, sortiert nach Dom\u00e4ne. Um die Suche nach <em>Cookies<\/em> f\u00fcr eine bestimmte Domain zu erleichtern, geben Sie einen Teil oder die gesamte Adresse in das Feld <em>Cookies suchen<\/em> ein.<\/li>\n<li>Nachdem Sie diesen Filter gesetzt haben, erscheinen auf dem Bildschirm eine oder mehrere Zeilen mit den <em>Cookies<\/em> der gew\u00fcnschten Website. W\u00e4hlen Sie sie aus und dr\u00fccken Sie <em>X<\/em>, um sie zu l\u00f6schen.<\/li>\n<\/ol>\n<p>F\u00fchren Sie die folgenden Schritte aus, um auf die <em>Cookie-Einstellungen<\/em> Ihres <b>Internet Explorers<\/b> zuzugreifen (sie k\u00f6nnen je nach Browserversion variieren):<\/p>\n<ol class=\"listaNumerica\">\n<li>Gehen Sie zu <em>Extras<\/em>, <em>Internetoptionen<\/em><\/li>\n<li>Klicken Sie auf <em>Datenschutz<\/em>.<\/li>\n<li>Bewegen Sie den Schieberegler, um die gew\u00fcnschte Datenschutzstufe einzustellen.<\/li>\n<\/ol>\n<p>Um auf die <em>Cookie-Einstellungen<\/em> Ihres <b>Firefox-Browsers<\/b> zuzugreifen, f\u00fchren Sie die folgenden Schritte aus (sie k\u00f6nnen je nach Browser-Version variieren):<\/p>\n<ol class=\"listaNumerica\">\n<li>Gehen Sie je nach Betriebssystem zu <em>Optionen<\/em> oder <em>Voreinstellungen<\/em>.<\/li>\n<li>Klicken Sie auf <em>Datenschutz<\/em>.<\/li>\n<li>W\u00e4hlen Sie unter <em>Verlauf<\/em> die Option <em>Benutzerdefinierte Einstellungen f\u00fcr den Verlauf verwenden<\/em>.<\/li>\n<li>Sie sehen nun die Option <em>Cookies akzeptieren<\/em>, die Sie je nach Ihren W\u00fcnschen aktivieren oder deaktivieren k\u00f6nnen.<\/li>\n<\/ol>\n<p>Gehen Sie folgenderma\u00dfen vor, um auf die <em>Cookie-Einstellungen<\/em> im <b>Safari-Browser f\u00fcr OSX<\/b> zuzugreifen (kann je nach Browser-Version variieren):<\/p>\n<ol class=\"listaNumerica\">\n<li>Gehen Sie zu <em>Einstellungen<\/em> und dann zu <em>Datenschutz<\/em>.<\/li>\n<li>Hier sehen Sie die Option <em>Cookies blockieren<\/em>, mit der Sie die Art der Blockierung festlegen k\u00f6nnen.<\/li>\n<\/ol>\n<p>Gehen Sie folgenderma\u00dfen vor, um auf die <em>Cookie-Einstellungen<\/em> im <b>Safari-Browser f\u00fcr iOS<\/b> zuzugreifen (kann je nach Browser-Version variieren):<\/p>\n<ol class=\"listaNumerica\">\n<li>Gehen Sie zu <em>Einstellungen<\/em> und dann zu <em>Safari<\/em>.<\/li>\n<li>Unter <em>Datenschutz und Sicherheit<\/em> finden Sie die Option <em>Cookies blockieren<\/em>, mit der Sie die Art der Blockierung einstellen k\u00f6nnen.<\/li>\n<\/ol>\n<p>Gehen Sie folgenderma\u00dfen vor, um auf die <em>Cookie-Einstellungen<\/em> Ihres Browsers f\u00fcr <b>Android-Ger\u00e4te<\/b> zuzugreifen (kann je nach Browserversion variieren):<\/p>\n<ol class=\"listaNumerica\">\n<li>Starten Sie den Navigator und dr\u00fccken Sie die <em>Men\u00fctaste<\/em>, dann <em>Einstellungen<\/em>.<\/li>\n<li>Unter <em>Sicherheit und Datenschutz<\/em> finden Sie die Option <em>Cookies akzeptieren<\/em>, die Sie aktivieren oder deaktivieren k\u00f6nnen.<\/li>\n<\/ol>\n<p>Gehen Sie folgenderma\u00dfen vor, um auf die <em>Cookie-Einstellungen<\/em> Ihres Browsers f\u00fcr <b>Windows Phone-Ger\u00e4te<\/b> zuzugreifen (kann je nach Browserversion variieren):<\/p>\n<ol class=\"listaNumerica\">\n<li>\u00d6ffnen Sie <em>Internet Explorer<\/em>, dann <em>Mehr<\/em>, dann <em>Einstellungen<\/em><\/li>\n<li>Sie k\u00f6nnen nun das Kontrollk\u00e4stchen <em>Cookies zulassen<\/em> aktivieren oder deaktivieren.<\/li>\n<\/ol>\n<\/div>\n<\/div><\/div><\/div><\/div><\/div><\/div><\/section>\n","protected":false},"excerpt":{"rendered":"COOKIES VERWENDUNG VON COOKIES Cookies sind Dateien, die von Websites auf Ihren Computer heruntergeladen werden k\u00f6nnen. Sie sind Instrumente, die eine wesentliche Rolle bei der Bereitstellung vieler Dienste der Informationsgesellschaft spielen. Sie erm\u00f6glichen es einer Website unter anderem, Informationen \u00fcber die Surfgewohnheiten eines Nutzers oder seines Ger\u00e4ts zu speichern und abzurufen, und k\u00f6nnen je nach...","protected":false},"author":1,"featured_media":0,"parent":0,"menu_order":0,"comment_status":"closed","ping_status":"closed","template":"","meta":{"_joinchat":[],"footnotes":""},"class_list":["post-2717","page","type-page","status-publish","hentry"],"yoast_head":"<!-- This site is optimized with the Yoast SEO plugin v25.3.1 - https:\/\/yoast.com\/wordpress\/plugins\/seo\/ -->\n<title>Cookies-Politik - Divas BCN<\/title>\n<meta name=\"robots\" content=\"noindex, follow\" \/>\n<meta property=\"og:locale\" content=\"de_DE\" \/>\n<meta property=\"og:type\" content=\"article\" \/>\n<meta property=\"og:title\" content=\"Cookies-Politik - Divas BCN\" \/>\n<meta property=\"og:url\" content=\"https:\/\/divasbcn.com\/de\/cookie-richtlinie\/\" \/>\n<meta property=\"og:site_name\" content=\"Divas BCN\" \/>\n<meta name=\"twitter:card\" content=\"summary_large_image\" \/>\n<meta name=\"twitter:label1\" content=\"Gesch\u00e4tzte Lesezeit\" \/>\n\t<meta name=\"twitter:data1\" content=\"10\u00a0Minuten\" \/>\n<script type=\"application\/ld+json\" class=\"yoast-schema-graph\">{\"@context\":\"https:\/\/schema.org\",\"@graph\":[{\"@type\":\"WebPage\",\"@id\":\"https:\/\/divasbcn.com\/de\/cookie-richtlinie\/\",\"url\":\"https:\/\/divasbcn.com\/de\/cookie-richtlinie\/\",\"name\":\"Cookies-Politik - Divas BCN\",\"isPartOf\":{\"@id\":\"https:\/\/divasbcn.com\/de\/#website\"},\"datePublished\":\"2024-02-24T17:39:06+00:00\",\"breadcrumb\":{\"@id\":\"https:\/\/divasbcn.com\/de\/cookie-richtlinie\/#breadcrumb\"},\"inLanguage\":\"de\",\"potentialAction\":[{\"@type\":\"ReadAction\",\"target\":[\"https:\/\/divasbcn.com\/de\/cookie-richtlinie\/\"]}]},{\"@type\":\"BreadcrumbList\",\"@id\":\"https:\/\/divasbcn.com\/de\/cookie-richtlinie\/#breadcrumb\",\"itemListElement\":[{\"@type\":\"ListItem\",\"position\":1,\"name\":\"Portada\",\"item\":\"https:\/\/divasbcn.com\/de\/\"},{\"@type\":\"ListItem\",\"position\":2,\"name\":\"Cookies-Politik\"}]},{\"@type\":\"WebSite\",\"@id\":\"https:\/\/divasbcn.com\/de\/#website\",\"url\":\"https:\/\/divasbcn.com\/de\/\",\"name\":\"Divas BCN\",\"description\":\"Escorts de lujo Barcelona\",\"publisher\":{\"@id\":\"https:\/\/divasbcn.com\/de\/#organization\"},\"potentialAction\":[{\"@type\":\"SearchAction\",\"target\":{\"@type\":\"EntryPoint\",\"urlTemplate\":\"https:\/\/divasbcn.com\/de\/?s={search_term_string}\"},\"query-input\":{\"@type\":\"PropertyValueSpecification\",\"valueRequired\":true,\"valueName\":\"search_term_string\"}}],\"inLanguage\":\"de\"},{\"@type\":\"Organization\",\"@id\":\"https:\/\/divasbcn.com\/de\/#organization\",\"name\":\"Divas BCN\",\"url\":\"https:\/\/divasbcn.com\/de\/\",\"logo\":{\"@type\":\"ImageObject\",\"inLanguage\":\"de\",\"@id\":\"https:\/\/divasbcn.com\/de\/#\/schema\/logo\/image\/\",\"url\":\"https:\/\/divasbcn.com\/wp-content\/uploads\/2021\/12\/Logotipo-Divas-BCN-2.png\",\"contentUrl\":\"https:\/\/divasbcn.com\/wp-content\/uploads\/2021\/12\/Logotipo-Divas-BCN-2.png\",\"width\":416,\"height\":371,\"caption\":\"Divas BCN\"},\"image\":{\"@id\":\"https:\/\/divasbcn.com\/de\/#\/schema\/logo\/image\/\"}}]}<\/script>\n<!-- \/ Yoast SEO plugin. -->","yoast_head_json":{"title":"Cookies-Politik - Divas BCN","robots":{"index":"noindex","follow":"follow"},"og_locale":"de_DE","og_type":"article","og_title":"Cookies-Politik - Divas BCN","og_url":"https:\/\/divasbcn.com\/de\/cookie-richtlinie\/","og_site_name":"Divas BCN","twitter_card":"summary_large_image","twitter_misc":{"Gesch\u00e4tzte Lesezeit":"10\u00a0Minuten"},"schema":{"@context":"https:\/\/schema.org","@graph":[{"@type":"WebPage","@id":"https:\/\/divasbcn.com\/de\/cookie-richtlinie\/","url":"https:\/\/divasbcn.com\/de\/cookie-richtlinie\/","name":"Cookies-Politik - Divas BCN","isPartOf":{"@id":"https:\/\/divasbcn.com\/de\/#website"},"datePublished":"2024-02-24T17:39:06+00:00","breadcrumb":{"@id":"https:\/\/divasbcn.com\/de\/cookie-richtlinie\/#breadcrumb"},"inLanguage":"de","potentialAction":[{"@type":"ReadAction","target":["https:\/\/divasbcn.com\/de\/cookie-richtlinie\/"]}]},{"@type":"BreadcrumbList","@id":"https:\/\/divasbcn.com\/de\/cookie-richtlinie\/#breadcrumb","itemListElement":[{"@type":"ListItem","position":1,"name":"Portada","item":"https:\/\/divasbcn.com\/de\/"},{"@type":"ListItem","position":2,"name":"Cookies-Politik"}]},{"@type":"WebSite","@id":"https:\/\/divasbcn.com\/de\/#website","url":"https:\/\/divasbcn.com\/de\/","name":"Divas BCN","description":"Escorts de lujo Barcelona","publisher":{"@id":"https:\/\/divasbcn.com\/de\/#organization"},"potentialAction":[{"@type":"SearchAction","target":{"@type":"EntryPoint","urlTemplate":"https:\/\/divasbcn.com\/de\/?s={search_term_string}"},"query-input":{"@type":"PropertyValueSpecification","valueRequired":true,"valueName":"search_term_string"}}],"inLanguage":"de"},{"@type":"Organization","@id":"https:\/\/divasbcn.com\/de\/#organization","name":"Divas BCN","url":"https:\/\/divasbcn.com\/de\/","logo":{"@type":"ImageObject","inLanguage":"de","@id":"https:\/\/divasbcn.com\/de\/#\/schema\/logo\/image\/","url":"https:\/\/divasbcn.com\/wp-content\/uploads\/2021\/12\/Logotipo-Divas-BCN-2.png","contentUrl":"https:\/\/divasbcn.com\/wp-content\/uploads\/2021\/12\/Logotipo-Divas-BCN-2.png","width":416,"height":371,"caption":"Divas BCN"},"image":{"@id":"https:\/\/divasbcn.com\/de\/#\/schema\/logo\/image\/"}}]}},"_links":{"self":[{"href":"https:\/\/divasbcn.com\/de\/wp-json\/wp\/v2\/pages\/2717","targetHints":{"allow":["GET"]}}],"collection":[{"href":"https:\/\/divasbcn.com\/de\/wp-json\/wp\/v2\/pages"}],"about":[{"href":"https:\/\/divasbcn.com\/de\/wp-json\/wp\/v2\/types\/page"}],"author":[{"embeddable":true,"href":"https:\/\/divasbcn.com\/de\/wp-json\/wp\/v2\/users\/1"}],"replies":[{"embeddable":true,"href":"https:\/\/divasbcn.com\/de\/wp-json\/wp\/v2\/comments?post=2717"}],"version-history":[{"count":0,"href":"https:\/\/divasbcn.com\/de\/wp-json\/wp\/v2\/pages\/2717\/revisions"}],"wp:attachment":[{"href":"https:\/\/divasbcn.com\/de\/wp-json\/wp\/v2\/media?parent=2717"}],"curies":[{"name":"wp","href":"https:\/\/api.w.org\/{rel}","templated":true}]}}