{"id":2713,"date":"2024-02-24T17:38:59","date_gmt":"2024-02-24T17:38:59","guid":{"rendered":"https:\/\/divasbcn.com\/datenschutzbestimmungen\/"},"modified":"2024-02-24T17:39:01","modified_gmt":"2024-02-24T17:39:01","slug":"datenschutzbestimmungen","status":"publish","type":"page","link":"https:\/\/divasbcn.com\/de\/datenschutzbestimmungen\/","title":{"rendered":"Datenschutzbestimmungen"},"content":{"rendered":"<section class=\"l-section wpb_row height_huge\"><div class=\"l-section-h i-cf\"><div class=\"g-cols vc_row via_grid cols_1 laptops-cols_inherit tablets-cols_inherit mobiles-cols_1 valign_top type_default stacking_default\"><div class=\"wpb_column vc_column_container\"><div class=\"vc_column-inner\"><div class=\"wpb_text_column\"><div class=\"wpb_wrapper\"><section class=\"section-xl bg-periglacial-blue\">\n<div class=\"shell\">\n<div class=\"range range-md-center\">\n<div class=\"cell-md-12 cell-lg-12\">\n<h2><strong>RECHTLICHER HINWEIS<\/strong><\/h2>\n<h3><strong>NUTZUNG UND NAVIGATION DER WEBSITE<\/strong><\/h3>\n<p>Mit dem Besuch der Website (im Folgenden &#8222;Website&#8220;) erwerben Sie den Status eines Benutzers (im Folgenden &#8222;Benutzer&#8220;) und akzeptieren ohne jeglichen Vorbehalt alle Bedingungen der vorliegenden Mitteilung.<\/p>\n<p>Wir haften weder indirekt noch subsidi\u00e4r f\u00fcr Sch\u00e4den jeglicher Art, die sich aus der Nutzung der Website im Widerspruch zu den Bestimmungen dieses rechtlichen Hinweises ergeben.<\/p>\n<p>Wir k\u00f6nnen diese rechtlichen Hinweise jederzeit und ohne vorherige Ank\u00fcndigung \u00e4ndern, indem wir solche \u00c4nderungen auf der Website ver\u00f6ffentlichen, damit Sie davon Kenntnis nehmen k\u00f6nnen.<\/p>\n<h3><strong>RECHTE AN GEISTIGEM UND GEWERBLICHEM EIGENTUM<\/strong><\/h3>\n<p>Die Website, einschlie\u00dflich, aber nicht beschr\u00e4nkt auf ihre Programmierung, Bearbeitung, Zusammenstellung, Designs, Marken, Logos, Bilder, Texte und Grafiken, sind Eigentum von divasbcn.com und durch nationale und internationale Gesetze zum Schutz geistigen Eigentums gesch\u00fctzt. Der Zugriff des Nutzers auf die Website verleiht dem Nutzer keinerlei Eigentumsrechte an der Website.<\/p>\n<p>Sollten Sie auf der Website oder durch die Nutzung des Dienstes auf Inhalte sto\u00dfen, die geistige und gewerbliche Eigentumsrechte verletzen k\u00f6nnten, informieren Sie divasbcn.com bitte so schnell wie m\u00f6glich, indem Sie eine E-Mail an info@divasbcn.com senden.<\/p>\n<h3><strong>ZIVILRECHTLICHE HAFTUNG<\/strong><\/h3>\n<p>Der Inhalt der Website steht im Einklang mit dem spanischen Recht. Die Verantwortung von divasbcn.com kann nicht f\u00fcr Dienste geltend gemacht werden, die nicht mit der Gesetzgebung von Drittl\u00e4ndern \u00fcbereinstimmen. Es obliegt daher den Nutzern au\u00dferhalb Spaniens, die Rechtm\u00e4\u00dfigkeit unserer Inhalte in ihren jeweiligen L\u00e4ndern zu \u00fcberpr\u00fcfen.<\/p>\n<p>Wir haften nur f\u00fcr Sch\u00e4den, die Sie infolge der Nutzung der Website erleiden, wenn diese Sch\u00e4den direkt auf eine vors\u00e4tzliche oder fahrl\u00e4ssige Handlung von divasbcn.com zur\u00fcckzuf\u00fchren sind und bei den Handlungen des Nutzers kein Verschulden oder keine Fahrl\u00e4ssigkeit vorlag. In jedem Fall liegt keine betr\u00fcgerische oder fahrl\u00e4ssige Handlung seitens divasbcn.com vor, wenn sie nachweist, dass sie die gesetzlichen und beh\u00f6rdlichen Anforderungen und Vorschriften sowie die sonstige durch die Art der Dienstleistung gebotene Sorgfalt eingehalten hat.<\/p>\n<p>Wir haben im Allgemeinen keine Kontrolle \u00fcber die Nutzung der Website durch die Nutzer. Insbesondere garantieren wir in keiner Weise, dass die Nutzer diese Dienste in \u00dcbereinstimmung mit dem Gesetz, den vorliegenden rechtlichen Hinweisen, den allgemein anerkannten Moralvorstellungen und den guten Sitten sowie der \u00f6ffentlichen Ordnung nutzen oder dass sie dies in einer sorgf\u00e4ltigen und umsichtigen Weise tun werden.<\/p>\n<p>Wir haben keine Kontrolle \u00fcber Links oder Hyperlinks zu anderen Seiten im Internet. Unter keinen Umst\u00e4nden \u00fcbernimmt divasbcn.com die Verantwortung f\u00fcr den Inhalt eines Links, der zu einer externen Website geh\u00f6rt, und garantiert auch nicht die technische Verf\u00fcgbarkeit, Qualit\u00e4t und Richtigkeit des Materials oder der Informationen, die im Kopf der Hyperlinks oder auf anderen Internet-Sites enthalten sind.<\/p>\n<p>Wir sind eine auf Tantra-Massagen spezialisierte Werbeagentur, die R\u00e4ume an unsere Mitarbeiter vermietet. Unsere Masseurinnen sind v\u00f6llig unabh\u00e4ngig. Unsere Aufgabe ist es, ihre Agenda zu verwalten. Die Preise werden von den Masseurinnen selbst festgelegt und vereinbart. Wir sind nicht f\u00fcr alle Personen verantwortlich, die mit uns zusammenarbeiten und unsere Dienste in Anspruch nehmen, abgesehen von der Werbung und der Verwaltung der telefonischen Buchungen.<\/p>\n<h3><strong>AUSSCHLUSS DER GEW\u00c4HRLEISTUNG<\/strong><\/h3>\n<p>Wir garantieren nicht, dass das Surfen auf der Website ununterbrochen, rechtzeitig, zuverl\u00e4ssig oder fehlerfrei sein wird. Wir garantieren nicht, dass die Website und der Server frei von Viren sind, und wir sind nicht verantwortlich f\u00fcr eventuelle Sch\u00e4den, die durch St\u00f6rungen, Auslassungen, Unterbrechungen, Computerviren oder Unterbrechungen des Betriebssystems dieses elektronischen Systems entstehen k\u00f6nnen, die durch Gr\u00fcnde au\u00dferhalb der Kontrolle von divasbcn.com verursacht werden.<\/p>\n<p>Es liegt in der Verantwortung des Nutzers, alle geeigneten technischen Ma\u00dfnahmen zu ergreifen, um diese Risiken angemessen zu kontrollieren und Sch\u00e4den an seinen Ger\u00e4ten, Datenverluste und den Diebstahl vertraulicher Informationen zu verhindern. Zu diesem Zweck m\u00fcssen Sie \u00fcber aktuelle Systeme zur Erkennung von Schadsoftware wie Viren, Trojanern usw. sowie \u00fcber aktuelle Sicherheitspatches f\u00fcr die von Ihnen verwendeten Browser verf\u00fcgen.<\/p>\n<p>Wir verpflichten uns, unsere besten Anstrengungen zu unternehmen, um Fehler in den Inhalten der Website zu vermeiden. In jedem Fall sind wir von jeglicher Haftung f\u00fcr eventuelle inhaltliche Fehler befreit, die darin enthalten sind.<\/p>\n<p>Wir sind nicht verantwortlich f\u00fcr Inhalte Dritter, die wir \u00fcbermitteln, hosten oder zug\u00e4nglich machen, wenn wir nur als Vermittler auftreten. In jedem Fall verpflichten wir uns, illegale Inhalte unverz\u00fcglich von der Website oder dem Dienst zu entfernen, sobald wir davon Kenntnis erlangen.<\/p>\n<h3><strong>VERPFLICHTUNG DER NUTZER<\/strong><\/h3>\n<p>Der Nutzer verpflichtet sich beispielsweise, ohne dass dies eine Einschr\u00e4nkung oder einen Ausschluss darstellt, zu Folgendem<\/p>\n<p>&nbsp;<\/p>\n<ul>\n<li>Verwenden Sie Ihre wahre Identit\u00e4t in allen Formen auf der Website, im Blog und in den zugeh\u00f6rigen sozialen Netzwerken. Es ist verboten, sich als eine andere nat\u00fcrliche oder juristische Person auszugeben.<\/li>\n<li>keine Informationen auf oder von der Webseite einzugeben, zu speichern oder zu verbreiten, die diffamierend, verleumderisch, obsz\u00f6n, bedrohlich oder fremdenfeindlich sind, die zu Gewalt oder Diskriminierung aufgrund von Rasse, Geschlecht, Ideologie oder Religion aufrufen oder die in irgendeiner Weise gegen die Moral, die \u00f6ffentliche Ordnung, die Grundrechte, die \u00f6ffentlichen Freiheiten, die Ehre, die Privatsph\u00e4re oder das Ansehen Dritter und ganz allgemein gegen die geltende Gesetzgebung versto\u00dfen.<\/li>\n<li>keine Inhalte auf oder von der Website einzuf\u00fchren, zu speichern oder zu verbreiten, die gegen die Rechte des geistigen und gewerblichen Eigentums, das Kommunikationsgeheimnis und die Rechtsvorschriften zum Schutz personenbezogener Daten versto\u00dfen.<\/li>\n<li>Keine Computerprogramme, Daten, Viren, Codes, Hardware oder Telekommunikationsger\u00e4te oder andere elektronische oder physische Instrumente oder Vorrichtungen \u00fcber die Website einzuf\u00fchren, zu speichern oder zu verbreiten, die der Website, den Nutzern, den Lieferanten von divasbcn.com oder allgemein Dritten Schaden zuf\u00fcgen oder den normalen Betrieb derselben verhindern k\u00f6nnten.<\/li>\n<li>Die Daten, Informationen, Programme oder elektronischen Dokumente von divasbcn.com, seinen Lieferanten oder Dritten nicht zu zerst\u00f6ren, zu ver\u00e4ndern, f\u00fcr den Gebrauch zu verwenden, unbrauchbar zu machen oder zu besch\u00e4digen.<\/li>\n<li>Der Nutzer verpflichtet sich, keine Handlungen vorzunehmen, die eine unverh\u00e4ltnism\u00e4\u00dfige oder unn\u00f6tige S\u00e4ttigung der Infrastruktur der Website oder der Systeme oder Netzwerke von divasbcn.com sowie der mit der Website verbundenen Systeme und Netzwerke verursachen.<\/li>\n<\/ul>\n<p>&nbsp;<\/p>\n<h3><strong>MINOREN<\/strong><\/h3>\n<p>Alle auf unserer Website angebotenen Dienste sind ausschlie\u00dflich f\u00fcr vollj\u00e4hrige Personen bestimmt. Minderj\u00e4hrigen ist es ausdr\u00fccklich untersagt, unsere Website zu nutzen und jegliche Art von Anfragen oder Reservierungen vorzunehmen.<\/p>\n<h3><strong>COOKIES<\/strong><\/h3>\n<p>Ein Cookie ist eine Datei, die auf Ihren Computer heruntergeladen wird, wenn Sie bestimmte Webseiten aufrufen. Cookies erm\u00f6glichen es einer Website unter anderem, Informationen \u00fcber die Surfgewohnheiten eines Nutzers oder seines Ger\u00e4ts zu speichern und abzurufen, und je nach den enthaltenen Informationen und der Art und Weise, wie er sein Ger\u00e4t benutzt, k\u00f6nnen sie zur Wiedererkennung des Nutzers verwendet werden.<\/p>\n<p>Wir verwenden ausschlie\u00dflich Analyse-Cookies, d. h. Cookies, die entweder von uns oder von Dritten verarbeitet werden und die es uns erm\u00f6glichen, die Anzahl der Nutzer und die auf unserer Website verbrachte Zeit zu quantifizieren und somit die Nutzung des angebotenen Dienstes durch die Nutzer zu messen und statistisch zu analysieren. Zu diesem Zweck wird Ihr Surfverhalten auf unserer Website analysiert, um das Angebot an Produkten und Dienstleistungen f\u00fcr Sie zu verbessern.<\/p>\n<p>Sie k\u00f6nnen die auf Ihrem Computer installierten Cookies zulassen, blockieren oder l\u00f6schen, indem Sie die Optionen des auf Ihrem Computer installierten Browsers konfigurieren.<\/p>\n<h3><strong>DAUER UND BEENDIGUNG<\/strong><\/h3>\n<p>Die auf der Website angebotenen Dienste werden f\u00fcr einen unbestimmten Zeitraum bereitgestellt. Ungeachtet des Vorstehenden ist divasbcn.com berechtigt, jederzeit und ohne Vorank\u00fcndigung einen Dienst zur\u00fcckzuziehen, auszusetzen oder sein Angebot einseitig zu unterbrechen.<\/p>\n<h3><strong>ANWENDBARES RECHT UND GERICHTSBARKEIT<\/strong><\/h3>\n<p>Alle Angelegenheiten im Zusammenhang mit der Website unterliegen dem spanischen Recht und der Gerichtsbarkeit der zust\u00e4ndigen Gerichte am Ort des Verbrauchers.<\/p>\n<h2><strong>DATENSCHUTZPOLITIK<\/strong><\/h2>\n<p>divasbcn.com informiert die Interessenten, dass ihre Daten im Einklang mit den Beschr\u00e4nkungen, Rechten und Pflichten verwendet werden, die durch die Verordnung (EU) 2016\/679 des Europ\u00e4ischen Parlaments und des Rates vom 27. April 2016 zum Schutz nat\u00fcrlicher Personen bei der Verarbeitung personenbezogener Daten und zum freien Datenverkehr, bekannt als die Allgemeine Datenschutzverordnung (im Folgenden GDPR), festgelegt wurden.<\/p>\n<h3><strong>ZWECK DER DATENVERARBEITUNG<\/strong><\/h3>\n<p>Die von den interessierten Parteien zur Verf\u00fcgung gestellten Daten werden f\u00fcr die von divasbcn.com vorgesehenen legitimen Zwecke verwendet, die im Folgenden aufgef\u00fchrt sind:<\/p>\n<p>Kontaktaufnahme mit der betroffenen Person zur Beantwortung ihrer Antr\u00e4ge, Bitten oder Anfragen. Verwaltung der Buchhaltung, Rechnungsstellung und Inkasso der beauftragten Dienstleistungen. Verwaltung der von der betroffenen Person zur Verf\u00fcgung gestellten Informationen, um personalisierte Dienste anbieten zu k\u00f6nnen. Kontaktaufnahme mit dem Interessenten und Zusendung von Informationen und Werbung \u00fcber Dienstleistungen, die f\u00fcr ihn von Interesse sein k\u00f6nnten.<\/p>\n<h3><strong>LEGITIMATION F\u00dcR DIE DATENVERARBEITUNG<\/strong><\/h3>\n<p>Die Rechtsgrundlage f\u00fcr die Verarbeitung von Daten betroffener Personen f\u00fcr die Zwecke 1 bis 2 ist die Durchf\u00fchrung des entsprechenden Vertragsverh\u00e4ltnisses.<\/p>\n<p>Die \u00dcbermittlung von Angeboten und Dienstleistungen an die Kunden von divasbcn.com basiert auf der Befriedigung des berechtigten Gesch\u00e4ftsinteresses, das darin besteht, unseren Kunden die Inanspruchnahme weiterer Dienstleistungen mit dem Ziel ihrer Loyalit\u00e4t anbieten zu k\u00f6nnen. Das in der DSGVO vorgesehene berechtigte Interesse erlaubt ausdr\u00fccklich die Verarbeitung von personenbezogenen Daten zu diesem Zweck.<\/p>\n<p>Die Legitimationsgrundlage f\u00fcr die Zusendung kommerzieller Mitteilungen an Interessenten, die keine Kunden sind, ist die ausdr\u00fccklich und unmissverst\u00e4ndlich erteilte Zustimmung.<\/p>\n<p>In jedem Fall haben Sie das Recht, der Verarbeitung Ihrer Daten zu widersprechen, wie in dieser Erkl\u00e4rung beschrieben.<\/p>\n<h3><strong>EMPF\u00c4NGER UND \u00dcBERMITTLUNG VON DATEN<\/strong><\/h3>\n<p>Die Daten der betroffenen Personen werden nicht an Dritte weitergegeben. Die Daten d\u00fcrfen gegebenenfalls nur an die \u00f6ffentlichen Verwaltungen und in den in den geltenden Gesetzen vorgesehenen F\u00e4llen weitergegeben werden.<\/p>\n<h3><strong>DAUER DER DATENVERARBEITUNG<\/strong><\/h3>\n<p>Daten f\u00fcr die Verwaltung der Kundenbeziehungen, die Rechnungsstellung, Beschwerden usw. werden so lange aufbewahrt, wie der Vertrag in Kraft ist. Nach Beendigung des Vertragsverh\u00e4ltnisses m\u00fcssen die Daten so lange aufbewahrt werden, wie es die geltenden Rechtsvorschriften vorsehen, und bis alle Verpflichtungen aus dem Vertrag erloschen sind.<\/p>\n<p>Die Daten f\u00fcr die Zusendung von kommerziellen Mitteilungen, die Ausarbeitung von kommerziellen Profilen und Dienstleistungen werden auf unbestimmte Zeit aufbewahrt, bis gegebenenfalls der Wunsch nach ihrer L\u00f6schung ge\u00e4u\u00dfert wird.<\/p>\n<dl class=\"terms-list\">F\u00dcR DIE BEHANDLUNG VERANTWORTLICHE PERSON divasbcn.com BARCELONA info@divasbcn.com<\/dl>\n<h3><strong>RECHTE DER BETROFFENEN PARTEIEN<\/strong><\/h3>\n<p>divasbcn.com garantiert den Interessenten die Aus\u00fcbung der folgenden Rechte:<\/p>\n<p>Zugang und Berichtigung: das Recht, eine Best\u00e4tigung dar\u00fcber zu erhalten, ob wir Ihre personenbezogenen Daten verarbeiten, und auf Ihre personenbezogenen Daten zuzugreifen sowie die Berichtigung unrichtiger Daten zu verlangen.<\/p>\n<p>L\u00f6schung: Beantragen Sie die L\u00f6schung, wenn die Daten u. a. f\u00fcr die Zwecke, f\u00fcr die sie erhoben wurden, nicht mehr erforderlich sind.<\/p>\n<p>Einschr\u00e4nkung der Verarbeitung: Die betroffenen Personen k\u00f6nnen die Einschr\u00e4nkung der Verarbeitung ihrer Daten oder deren \u00dcbertragbarkeit verlangen; in diesem Fall werden wir die Daten nur zur Geltendmachung oder Verteidigung von Anspr\u00fcchen speichern.<\/p>\n<p>Widerspruch: Betroffene Personen k\u00f6nnen der Verarbeitung ihrer Daten in bestimmten, in der DSGVO vorgesehenen Situationen widersprechen. In solchen F\u00e4llen werden wir die Verarbeitung der Daten einstellen oder sie gegebenenfalls nicht mehr f\u00fcr den betreffenden Zweck verarbeiten, es sei denn, dies geschieht aus legitimen Gr\u00fcnden oder zur Geltendmachung oder Verteidigung etwaiger Anspr\u00fcche.<\/p>\n<p>\u00dcbertragbarkeit: Sie k\u00f6nnen beantragen, dass Ihre personenbezogenen Daten zum Zwecke der \u00dcbertragbarkeit heruntergeladen und an eine andere Einrichtung \u00fcbermittelt werden.<\/p>\n<p>Wie Sie Ihre Rechte aus\u00fcben k\u00f6nnen: Die beschriebenen Rechte k\u00f6nnen bei divasbcn.com \u00fcber die E-Mail-Adresse ausge\u00fcbt werden, die im Abschnitt &#8222;Verantwortlicher f\u00fcr die Datenverarbeitung&#8220; dieser Datenschutzrichtlinie angegeben ist und \u00fcber die Sie ordnungsgem\u00e4\u00df \u00fcber die Aus\u00fcbung der Rechte informiert werden.<\/p>\n<p>Schutz der Rechte: Im Falle einer Verletzung Ihrer Rechte, insbesondere wenn Sie bei der Aus\u00fcbung Ihrer Rechte keine Genugtuung erhalten haben, k\u00f6nnen Sie eine Beschwerde bei der spanischen Datenschutzbeh\u00f6rde (www.agpd.es) oder einer anderen zust\u00e4ndigen Aufsichtsbeh\u00f6rde einreichen. Sie k\u00f6nnen sich auch an diese Stellen wenden, um mehr \u00fcber Ihre Rechte zu erfahren.<\/p>\n<\/div>\n<\/div>\n<\/div>\n<\/section>\n<\/div><\/div><\/div><\/div><\/div><\/div><\/section>\n","protected":false},"excerpt":{"rendered":"RECHTLICHER HINWEIS NUTZUNG UND NAVIGATION DER WEBSITE Mit dem Besuch der Website (im Folgenden &#8222;Website&#8220;) erwerben Sie den Status eines Benutzers (im Folgenden &#8222;Benutzer&#8220;) und akzeptieren ohne jeglichen Vorbehalt alle Bedingungen der vorliegenden Mitteilung. Wir haften weder indirekt noch subsidi\u00e4r f\u00fcr Sch\u00e4den jeglicher Art, die sich aus der Nutzung der Website im Widerspruch zu den...","protected":false},"author":1,"featured_media":0,"parent":0,"menu_order":0,"comment_status":"closed","ping_status":"closed","template":"","meta":{"_joinchat":[],"footnotes":""},"class_list":["post-2713","page","type-page","status-publish","hentry"],"yoast_head":"<!-- This site is optimized with the Yoast SEO plugin v25.3.1 - https:\/\/yoast.com\/wordpress\/plugins\/seo\/ -->\n<title>Datenschutzbestimmungen - Divas BCN<\/title>\n<meta name=\"robots\" content=\"noindex, follow\" \/>\n<meta property=\"og:locale\" content=\"de_DE\" \/>\n<meta property=\"og:type\" content=\"article\" \/>\n<meta property=\"og:title\" content=\"Datenschutzbestimmungen - Divas BCN\" \/>\n<meta property=\"og:url\" content=\"https:\/\/divasbcn.com\/de\/datenschutzbestimmungen\/\" \/>\n<meta property=\"og:site_name\" content=\"Divas BCN\" \/>\n<meta property=\"article:modified_time\" content=\"2024-02-24T17:39:01+00:00\" \/>\n<meta name=\"twitter:card\" content=\"summary_large_image\" \/>\n<meta name=\"twitter:label1\" content=\"Gesch\u00e4tzte Lesezeit\" \/>\n\t<meta name=\"twitter:data1\" content=\"10\u00a0Minuten\" \/>\n<script type=\"application\/ld+json\" class=\"yoast-schema-graph\">{\"@context\":\"https:\/\/schema.org\",\"@graph\":[{\"@type\":\"WebPage\",\"@id\":\"https:\/\/divasbcn.com\/de\/datenschutzbestimmungen\/\",\"url\":\"https:\/\/divasbcn.com\/de\/datenschutzbestimmungen\/\",\"name\":\"Datenschutzbestimmungen - Divas BCN\",\"isPartOf\":{\"@id\":\"https:\/\/divasbcn.com\/de\/#website\"},\"datePublished\":\"2024-02-24T17:38:59+00:00\",\"dateModified\":\"2024-02-24T17:39:01+00:00\",\"breadcrumb\":{\"@id\":\"https:\/\/divasbcn.com\/de\/datenschutzbestimmungen\/#breadcrumb\"},\"inLanguage\":\"de\",\"potentialAction\":[{\"@type\":\"ReadAction\",\"target\":[\"https:\/\/divasbcn.com\/de\/datenschutzbestimmungen\/\"]}]},{\"@type\":\"BreadcrumbList\",\"@id\":\"https:\/\/divasbcn.com\/de\/datenschutzbestimmungen\/#breadcrumb\",\"itemListElement\":[{\"@type\":\"ListItem\",\"position\":1,\"name\":\"Portada\",\"item\":\"https:\/\/divasbcn.com\/de\/\"},{\"@type\":\"ListItem\",\"position\":2,\"name\":\"Datenschutzbestimmungen\"}]},{\"@type\":\"WebSite\",\"@id\":\"https:\/\/divasbcn.com\/de\/#website\",\"url\":\"https:\/\/divasbcn.com\/de\/\",\"name\":\"Divas BCN\",\"description\":\"Escorts de lujo Barcelona\",\"publisher\":{\"@id\":\"https:\/\/divasbcn.com\/de\/#organization\"},\"potentialAction\":[{\"@type\":\"SearchAction\",\"target\":{\"@type\":\"EntryPoint\",\"urlTemplate\":\"https:\/\/divasbcn.com\/de\/?s={search_term_string}\"},\"query-input\":{\"@type\":\"PropertyValueSpecification\",\"valueRequired\":true,\"valueName\":\"search_term_string\"}}],\"inLanguage\":\"de\"},{\"@type\":\"Organization\",\"@id\":\"https:\/\/divasbcn.com\/de\/#organization\",\"name\":\"Divas BCN\",\"url\":\"https:\/\/divasbcn.com\/de\/\",\"logo\":{\"@type\":\"ImageObject\",\"inLanguage\":\"de\",\"@id\":\"https:\/\/divasbcn.com\/de\/#\/schema\/logo\/image\/\",\"url\":\"https:\/\/divasbcn.com\/wp-content\/uploads\/2021\/12\/Logotipo-Divas-BCN-2.png\",\"contentUrl\":\"https:\/\/divasbcn.com\/wp-content\/uploads\/2021\/12\/Logotipo-Divas-BCN-2.png\",\"width\":416,\"height\":371,\"caption\":\"Divas BCN\"},\"image\":{\"@id\":\"https:\/\/divasbcn.com\/de\/#\/schema\/logo\/image\/\"}}]}<\/script>\n<!-- \/ Yoast SEO plugin. -->","yoast_head_json":{"title":"Datenschutzbestimmungen - Divas BCN","robots":{"index":"noindex","follow":"follow"},"og_locale":"de_DE","og_type":"article","og_title":"Datenschutzbestimmungen - Divas BCN","og_url":"https:\/\/divasbcn.com\/de\/datenschutzbestimmungen\/","og_site_name":"Divas BCN","article_modified_time":"2024-02-24T17:39:01+00:00","twitter_card":"summary_large_image","twitter_misc":{"Gesch\u00e4tzte Lesezeit":"10\u00a0Minuten"},"schema":{"@context":"https:\/\/schema.org","@graph":[{"@type":"WebPage","@id":"https:\/\/divasbcn.com\/de\/datenschutzbestimmungen\/","url":"https:\/\/divasbcn.com\/de\/datenschutzbestimmungen\/","name":"Datenschutzbestimmungen - Divas BCN","isPartOf":{"@id":"https:\/\/divasbcn.com\/de\/#website"},"datePublished":"2024-02-24T17:38:59+00:00","dateModified":"2024-02-24T17:39:01+00:00","breadcrumb":{"@id":"https:\/\/divasbcn.com\/de\/datenschutzbestimmungen\/#breadcrumb"},"inLanguage":"de","potentialAction":[{"@type":"ReadAction","target":["https:\/\/divasbcn.com\/de\/datenschutzbestimmungen\/"]}]},{"@type":"BreadcrumbList","@id":"https:\/\/divasbcn.com\/de\/datenschutzbestimmungen\/#breadcrumb","itemListElement":[{"@type":"ListItem","position":1,"name":"Portada","item":"https:\/\/divasbcn.com\/de\/"},{"@type":"ListItem","position":2,"name":"Datenschutzbestimmungen"}]},{"@type":"WebSite","@id":"https:\/\/divasbcn.com\/de\/#website","url":"https:\/\/divasbcn.com\/de\/","name":"Divas BCN","description":"Escorts de lujo Barcelona","publisher":{"@id":"https:\/\/divasbcn.com\/de\/#organization"},"potentialAction":[{"@type":"SearchAction","target":{"@type":"EntryPoint","urlTemplate":"https:\/\/divasbcn.com\/de\/?s={search_term_string}"},"query-input":{"@type":"PropertyValueSpecification","valueRequired":true,"valueName":"search_term_string"}}],"inLanguage":"de"},{"@type":"Organization","@id":"https:\/\/divasbcn.com\/de\/#organization","name":"Divas BCN","url":"https:\/\/divasbcn.com\/de\/","logo":{"@type":"ImageObject","inLanguage":"de","@id":"https:\/\/divasbcn.com\/de\/#\/schema\/logo\/image\/","url":"https:\/\/divasbcn.com\/wp-content\/uploads\/2021\/12\/Logotipo-Divas-BCN-2.png","contentUrl":"https:\/\/divasbcn.com\/wp-content\/uploads\/2021\/12\/Logotipo-Divas-BCN-2.png","width":416,"height":371,"caption":"Divas BCN"},"image":{"@id":"https:\/\/divasbcn.com\/de\/#\/schema\/logo\/image\/"}}]}},"_links":{"self":[{"href":"https:\/\/divasbcn.com\/de\/wp-json\/wp\/v2\/pages\/2713","targetHints":{"allow":["GET"]}}],"collection":[{"href":"https:\/\/divasbcn.com\/de\/wp-json\/wp\/v2\/pages"}],"about":[{"href":"https:\/\/divasbcn.com\/de\/wp-json\/wp\/v2\/types\/page"}],"author":[{"embeddable":true,"href":"https:\/\/divasbcn.com\/de\/wp-json\/wp\/v2\/users\/1"}],"replies":[{"embeddable":true,"href":"https:\/\/divasbcn.com\/de\/wp-json\/wp\/v2\/comments?post=2713"}],"version-history":[{"count":0,"href":"https:\/\/divasbcn.com\/de\/wp-json\/wp\/v2\/pages\/2713\/revisions"}],"wp:attachment":[{"href":"https:\/\/divasbcn.com\/de\/wp-json\/wp\/v2\/media?parent=2713"}],"curies":[{"name":"wp","href":"https:\/\/api.w.org\/{rel}","templated":true}]}}