{"id":2334,"date":"2024-02-21T09:25:34","date_gmt":"2024-02-21T09:25:34","guid":{"rendered":"https:\/\/divasbcn.com\/wir\/"},"modified":"2024-06-18T16:57:45","modified_gmt":"2024-06-18T16:57:45","slug":"uns","status":"publish","type":"page","link":"https:\/\/divasbcn.com\/de\/uns\/","title":{"rendered":"Uns"},"content":{"rendered":"<section class=\"l-section wpb_row height_medium color_footer-bottom with_img parallax_ver parallax_xpos_left with_shape\"><div class=\"l-section-img lazyload\" role=\"img\" data-img-width=\"950\" data-img-height=\"634\" style=\"background-image:inherit;background-position: center left;\" data-bg-image=\"url(https:\/\/divasbcn.com\/wp-content\/uploads\/2021\/11\/8.jpeg)\"><\/div><div class=\"l-section-overlay\" style=\"background:rgba(26,26,26,0.65)\"><\/div><div class=\"l-section-shape type_triangle pos_bottom\" style=\"height:15vmin;\"><svg xmlns=\"http:\/\/www.w3.org\/2000\/svg\" viewBox=\"0 0 64 8\" preserveAspectRatio=\"none\" width=\"100%\" height=\"100%\">\r\n\t<path fill=\"currentColor\" d=\"M64 8 L0 8 L0 0 L32 7.9 L64 0 Z\"\/>\r\n<\/svg><\/div><div class=\"l-section-h i-cf\"><div class=\"g-cols vc_row via_grid cols_1 laptops-cols_inherit tablets-cols_inherit mobiles-cols_1 valign_top type_default stacking_default\"><div class=\"wpb_column vc_column_container\"><div class=\"vc_column-inner\"><div class=\"w-separator size_custom\" style=\"height:150px\" id=\"q4b1\"><style><\/style><\/div><div class=\"wpb_text_column us_custom_e2aee182\"><div class=\"wpb_wrapper\"><h1 style=\"text-align: center;\">\u00dcber <strong>uns<\/strong><\/h1>\n<\/div><\/div><div class=\"w-separator size_custom\" style=\"height:150px\" id=\"v800\"><style><\/style><\/div><\/div><\/div><\/div><\/div><\/section><section class=\"l-section wpb_row height_large\"><div class=\"l-section-h i-cf\"><div class=\"g-cols vc_row via_grid cols_1 laptops-cols_inherit tablets-cols_inherit mobiles-cols_1 valign_top type_default stacking_default\"><div class=\"wpb_column vc_column_container\"><div class=\"vc_column-inner\"><div class=\"wpb_text_column us_custom_77f343dd\"><div class=\"wpb_wrapper\"><p style=\"text-align: center;\"><strong>Diven BCN<\/strong><\/p>\n<\/div><\/div><div class=\"w-separator size_custom\" style=\"height:50px\" id=\"xde8\"><style><\/style><\/div><div class=\"wpb_text_column\"><div class=\"wpb_wrapper\"><p style=\"text-align: center;\">Willkommen bei <a href=\"https:\/\/divasbcn.com\/de\/\">Divas BCN<\/a> ; Luxus-Escort-Agentur mit Sitz in Barcelona. In unserer Begleitagentur finden Sie nur die exklusivsten Escort Girls, die Sinnlichkeit und nat\u00fcrliche Sch\u00f6nheit ausstrahlen.<\/p>\n<p style=\"text-align: center;\">Alle Begleiter verf\u00fcgen \u00fcber ein hohes intellektuelles Niveau, sind bereit und einfallsreich, alle Ihre Fantasien wahr werden zu lassen und Ihnen ein unvergessliches Erlebnis zu bieten. Wir f\u00fchren umfassende Castings durch, um die perfekten Luxus-Escorts f\u00fcr Ihre Veranstaltungen, Meetings, Abendessen und Reisen auszuw\u00e4hlen.<\/p>\n<\/div><\/div><\/div><\/div><\/div><\/div><\/section><section class=\"l-section wpb_row height_custom\"><div class=\"l-section-overlay\" style=\"background:linear-gradient(135deg,#d1a84f,#362605)\"><\/div><div class=\"l-section-h i-cf\"><div class=\"g-cols vc_row via_grid cols_1 laptops-cols_inherit tablets-cols_inherit mobiles-cols_1 valign_top type_default stacking_default\"><div class=\"wpb_column vc_column_container\"><div class=\"vc_column-inner\"><\/div><\/div><\/div><\/div><\/section><section class=\"l-section wpb_row height_large color_footer-bottom with_img parallax_ver with_shape\"><div class=\"l-section-img lazyload\" role=\"img\" data-img-width=\"950\" data-img-height=\"634\" style=\"background-image:inherit;\" data-bg-image=\"url(https:\/\/divasbcn.com\/wp-content\/uploads\/2021\/11\/5.jpeg)\"><\/div><div class=\"l-section-overlay\" style=\"background:rgba(26,26,26,0.65)\"><\/div><div class=\"l-section-shape type_triangle pos_bottom\" style=\"height:15vmin;\"><svg xmlns=\"http:\/\/www.w3.org\/2000\/svg\" viewBox=\"0 0 64 8\" preserveAspectRatio=\"none\" width=\"100%\" height=\"100%\">\r\n\t<path fill=\"currentColor\" d=\"M64 8 L0 8 L0 0 L32 7.9 L64 0 Z\"\/>\r\n<\/svg><\/div><div class=\"l-section-h i-cf\"><div class=\"g-cols vc_row via_grid cols_1 laptops-cols_inherit tablets-cols_inherit mobiles-cols_1 valign_top type_boxes stacking_default\" style=\"--columns-gap:0rem;\"><div class=\"wpb_column vc_column_container\"><div class=\"vc_column-inner\"><div class=\"wpb_text_column us_custom_77f343dd\"><div class=\"wpb_wrapper\"><p style=\"text-align: center;\"><strong>Unsere Werte<\/strong><\/p>\n<\/div><\/div><div class=\"w-separator size_custom\" style=\"height:50px\" id=\"xb0e\"><style><\/style><\/div><div class=\"g-cols wpb_row via_grid cols_2 laptops-cols_inherit tablets-cols_inherit mobiles-cols_1 valign_top type_default stacking_default\" style=\"--columns-gap:3rem;\"><div class=\"wpb_column vc_column_container\"><div class=\"vc_column-inner\"><div class=\"w-image align_center\"><div class=\"w-image-h\"><img decoding=\"async\" width=\"1024\" height=\"683\" data-src=\"https:\/\/divasbcn.com\/wp-content\/uploads\/2021\/11\/11-1024x683.jpeg\" class=\"attachment-large size-large lazyload\" alt=\"\" data-srcset=\"https:\/\/divasbcn.com\/wp-content\/uploads\/2021\/11\/11-1024x683.jpeg 1024w, https:\/\/divasbcn.com\/wp-content\/uploads\/2021\/11\/11-300x200.jpeg 300w, https:\/\/divasbcn.com\/wp-content\/uploads\/2021\/11\/11-450x300.jpeg 450w, https:\/\/divasbcn.com\/wp-content\/uploads\/2021\/11\/11-600x400.jpeg 600w, https:\/\/divasbcn.com\/wp-content\/uploads\/2021\/11\/11-scaled.jpeg 950w\" data-sizes=\"auto, (max-width: 1024px) 100vw, 1024px\" src=\"data:image\/gif;base64,R0lGODlhAQABAAAAACH5BAEKAAEALAAAAAABAAEAAAICTAEAOw==\" style=\"--smush-placeholder-width: 1024px; --smush-placeholder-aspect-ratio: 1024\/683;\" \/><\/div><\/div><\/div><\/div><div class=\"wpb_column vc_column_container\"><div class=\"vc_column-inner\"><div class=\"wpb_text_column\"><div class=\"wpb_wrapper\"><ul>\n<li>Diskretion<\/li>\n<li>Vertraulichkeit<\/li>\n<li>Transparenz<\/li>\n<li>Richtigkeit<\/li>\n<\/ul>\n<p>Wir bieten allen unseren Kunden absolute Vertraulichkeit und sorgen f\u00fcr Sicherheit und Vertrauen bei all unseren Gespr\u00e4chen und Reservierungen.<\/p>\n<p>Transparenz und Wahrhaftigkeit, alle Fotos der Models sind 100 % echt, aktuell und so nat\u00fcrlich wie m\u00f6glich aufgenommen. Das Modell, mit dem Sie die Reservierung \u00fcber unsere Website vornehmen, ist dasselbe, mit dem Sie auch den Termin vereinbaren.<\/p>\n<\/div><\/div><\/div><\/div><\/div><div class=\"w-separator size_custom\" style=\"height:50px\" id=\"s733\"><style><\/style><\/div><\/div><\/div><\/div><\/div><\/section><section class=\"l-section wpb_row height_large\"><div class=\"l-section-h i-cf\"><div class=\"g-cols vc_row via_grid cols_1 laptops-cols_inherit tablets-cols_inherit mobiles-cols_1 valign_top type_default stacking_default\"><div class=\"wpb_column vc_column_container\"><div class=\"vc_column-inner\"><div class=\"wpb_text_column us_custom_77f343dd\"><div class=\"wpb_wrapper\"><p style=\"text-align: center;\"><strong>Kontakt &amp; Buchung<\/strong><\/p>\n<\/div><\/div><div class=\"w-separator size_custom\" style=\"height:50px\" id=\"vdcc\"><style><\/style><\/div><div class=\"w-separator size_custom\" style=\"height:50px\" id=\"oe79\"><style><\/style><\/div><div class=\"g-cols wpb_row via_grid cols_3 laptops-cols_inherit tablets-cols_inherit mobiles-cols_1 valign_top type_default stacking_default\" style=\"--columns-gap:3rem;\"><div class=\"wpb_column vc_column_container\"><div class=\"vc_column-inner\"><div class=\"w-iconbox us_custom_67a1de59 iconpos_top style_circle color_primary align_center no_text\"><div class=\"w-iconbox-icon\" style=\"font-size:1.7rem;\"><i class=\"fas fa-heart\"><\/i><\/div><div class=\"w-iconbox-meta\"><span class=\"w-iconbox-title\">Unbegrenztes Vergn\u00fcgen<\/span><\/div><\/div><\/div><\/div><div class=\"wpb_column vc_column_container\"><div class=\"vc_column-inner\"><div class=\"w-iconbox us_custom_67a1de59 iconpos_top style_circle color_primary align_center no_text\"><div class=\"w-iconbox-icon\" style=\"font-size:1.7rem;\"><i class=\"fas fa-star\"><\/i><\/div><div class=\"w-iconbox-meta\"><span class=\"w-iconbox-title\">Luxuri\u00f6se Erlebnisse<\/span><\/div><\/div><\/div><\/div><div class=\"wpb_column vc_column_container\"><div class=\"vc_column-inner\"><div class=\"w-iconbox us_custom_67a1de59 iconpos_top style_circle color_primary align_center no_text\"><div class=\"w-iconbox-icon\" style=\"font-size:1.7rem;\"><i class=\"fas fa-lock\"><\/i><\/div><div class=\"w-iconbox-meta\"><span class=\"w-iconbox-title\">Datenschutz<\/span><\/div><\/div><\/div><\/div><\/div><div class=\"w-separator size_custom\" style=\"height:50px\" id=\"d74d\"><style><\/style><\/div><div class=\"w-separator size_custom\" style=\"height:50px\" id=\"x7f5\"><style><\/style><\/div><div class=\"wpb_text_column .grecaptcha-badge { visibility: hidden; }\"><div class=\"wpb_wrapper\"><p style=\"text-align: center;\">Wenn Sie sich mit uns in Verbindung setzen m\u00f6chten, um eine Anfrage zu stellen oder einen Termin zu vereinbaren, k\u00f6nnen Sie uns <a href=\"tel:+34665113659\">anrufen<\/a> oder eine <a href=\"https:\/\/wa.me\/+34665113659?text=Hallo+DivasBcn,+ich+brauche+Informationen\">WhatsApp<\/a> an <span class=\"w-text-value\">+34 665 113 659<\/span> senden. Sie k\u00f6nnen uns auch eine E-Mail schreiben oder das folgende Kontaktformular ausf\u00fcllen.<\/p>\n<p style=\"text-align: center;\">Wir helfen Ihnen gerne und unverbindlich weiter.<\/p>\n<\/div><\/div><div class=\"w-separator size_custom\" style=\"height:50px\" id=\"oa3d\"><style><\/style><\/div><div class=\"w-separator size_custom with_line width_50 thick_1 style_solid color_text align_center\" style=\"height:50px\" id=\"aae6\"><style><\/style><div class=\"w-separator-h\"><\/div><\/div><div class=\"w-separator size_custom\" style=\"height:50px\" id=\"eb87\"><style><\/style><\/div><div class=\"g-cols wpb_row via_grid cols_1-2-1 laptops-cols_inherit tablets-cols_inherit mobiles-cols_1 valign_top type_default stacking_default\" style=\"--columns-gap:3rem;\"><div class=\"wpb_column vc_column_container\"><div class=\"vc_column-inner\"><\/div><\/div><div class=\"wpb_column vc_column_container\"><div class=\"vc_column-inner\">\n<div class=\"wpcf7 no-js\" id=\"wpcf7-f2678-o1\" lang=\"es-ES\" dir=\"ltr\" data-wpcf7-id=\"2678\">\n<div class=\"screen-reader-response\"><p role=\"status\" aria-live=\"polite\" aria-atomic=\"true\"><\/p> <ul><\/ul><\/div>\n<form action=\"\/de\/wp-json\/wp\/v2\/pages\/2334#wpcf7-f2678-o1\" method=\"post\" class=\"wpcf7-form init\" aria-label=\"Formulario de contacto\" novalidate=\"novalidate\" data-status=\"init\">\n<div style=\"display: none;\">\n<input type=\"hidden\" name=\"_wpcf7\" value=\"2678\" \/>\n<input type=\"hidden\" name=\"_wpcf7_version\" value=\"6.0.6\" \/>\n<input type=\"hidden\" name=\"_wpcf7_locale\" value=\"es_ES\" \/>\n<input type=\"hidden\" name=\"_wpcf7_unit_tag\" value=\"wpcf7-f2678-o1\" \/>\n<input type=\"hidden\" name=\"_wpcf7_container_post\" value=\"0\" \/>\n<input type=\"hidden\" name=\"_wpcf7_posted_data_hash\" value=\"\" \/>\n<input type=\"hidden\" name=\"_wpcf7_recaptcha_response\" value=\"\" \/>\n<\/div>\n<p><label> Name (erforderlich)<br \/>\n<span class=\"wpcf7-form-control-wrap\" data-name=\"your-name\"><input size=\"40\" maxlength=\"400\" class=\"wpcf7-form-control wpcf7-text wpcf7-validates-as-required\" aria-required=\"true\" aria-invalid=\"false\" value=\"\" type=\"text\" name=\"your-name\" \/><\/span> <\/label>\n<\/p>\n<p><label> Telefonnummer (erforderlich)<br \/>\n<span class=\"wpcf7-form-control-wrap\" data-name=\"tel-377\"><input size=\"40\" maxlength=\"400\" class=\"wpcf7-form-control wpcf7-tel wpcf7-text wpcf7-validates-as-tel\" aria-invalid=\"false\" value=\"\" type=\"tel\" name=\"tel-377\" \/><\/span> <\/label>\n<\/p>\n<p><label> Email (erforderlich)<br \/>\n<span class=\"wpcf7-form-control-wrap\" data-name=\"your-email\"><input size=\"40\" maxlength=\"400\" class=\"wpcf7-form-control wpcf7-email wpcf7-validates-as-required wpcf7-text wpcf7-validates-as-email\" aria-required=\"true\" aria-invalid=\"false\" value=\"\" type=\"email\" name=\"your-email\" \/><\/span> <\/label>\n<\/p>\n<p><label> Aff\u00e4re<br \/>\n<span class=\"wpcf7-form-control-wrap\" data-name=\"your-subject\"><input size=\"40\" maxlength=\"400\" class=\"wpcf7-form-control wpcf7-text\" aria-invalid=\"false\" value=\"\" type=\"text\" name=\"your-subject\" \/><\/span> <\/label>\n<\/p>\n<p><label> Nachricht<br \/>\n<span class=\"wpcf7-form-control-wrap\" data-name=\"your-message\"><textarea cols=\"40\" rows=\"10\" maxlength=\"2000\" class=\"wpcf7-form-control wpcf7-textarea\" aria-invalid=\"false\" name=\"your-message\"><\/textarea><\/span> <\/label>\n<\/p>\n<p><input class=\"wpcf7-form-control wpcf7-submit has-spinner\" type=\"submit\" value=\"Schicken\" \/>\n<\/p>\n<p>This site is protected by reCAPTCHA Enterprise and the Google <a href=\"https:\/\/policies.google.com\/privacy\" rel=\"nofollow\" rel=\"noopener\">Privacy Policy<\/a> and <a href=\"https:\/\/policies.google.com\/terms\" rel=\"noopener\" rel=\"nofollow\">Terms of Service<\/a> apply.\n<\/p><div class=\"wpcf7-response-output\" aria-hidden=\"true\"><\/div>\n<\/form>\n<\/div>\n<\/div><\/div><div class=\"wpb_column vc_column_container\"><div class=\"vc_column-inner\"><\/div><\/div><\/div><div class=\"w-separator size_custom\" style=\"height:50px\" id=\"nf07\"><style><\/style><\/div><\/div><\/div><\/div><\/div><\/section>\n","protected":false},"excerpt":{"rendered":"\u00dcber uns Diven BCN Willkommen bei Divas BCN ; Luxus-Escort-Agentur mit Sitz in Barcelona. In unserer Begleitagentur finden Sie nur die exklusivsten Escort Girls, die Sinnlichkeit und nat\u00fcrliche Sch\u00f6nheit ausstrahlen. Alle Begleiter verf\u00fcgen \u00fcber ein hohes intellektuelles Niveau, sind bereit und einfallsreich, alle Ihre Fantasien wahr werden zu lassen und Ihnen ein unvergessliches Erlebnis zu...","protected":false},"author":1,"featured_media":0,"parent":0,"menu_order":0,"comment_status":"closed","ping_status":"closed","template":"","meta":{"_joinchat":{"message_text":"Willkommen bei Divas BCN.\nWie k\u00f6nnen wir Ihnen helfen?","message_send":"Hallo Divas BCN, ich m\u00f6chte weitere Informationen zu Ihren Dienstleistungen"},"footnotes":""},"class_list":["post-2334","page","type-page","status-publish","hentry"],"yoast_head":"<!-- This site is optimized with the Yoast SEO plugin v25.3.1 - https:\/\/yoast.com\/wordpress\/plugins\/seo\/ -->\n<title>\u00dcber uns - Divas BCN<\/title>\n<meta name=\"description\" content=\"Willkommen bei Divas BCN; Luxus-Escort-Agentur mit Sitz in Barcelona. In unserer Agentur finden Sie ausschlie\u00dflich Escort Girls.\" \/>\n<meta name=\"robots\" content=\"index, follow, max-snippet:-1, max-image-preview:large, max-video-preview:-1\" \/>\n<link rel=\"canonical\" href=\"https:\/\/divasbcn.com\/de\/uns\/\" \/>\n<meta property=\"og:locale\" content=\"de_DE\" \/>\n<meta property=\"og:type\" content=\"article\" \/>\n<meta property=\"og:title\" content=\"\u00dcber uns - Divas BCN\" \/>\n<meta property=\"og:description\" content=\"Willkommen bei Divas BCN; Luxus-Escort-Agentur mit Sitz in Barcelona. In unserer Agentur finden Sie ausschlie\u00dflich Escort Girls.\" \/>\n<meta property=\"og:url\" content=\"https:\/\/divasbcn.com\/de\/uns\/\" \/>\n<meta property=\"og:site_name\" content=\"Divas BCN\" \/>\n<meta property=\"article:modified_time\" content=\"2024-06-18T16:57:45+00:00\" \/>\n<meta name=\"twitter:card\" content=\"summary_large_image\" \/>\n<meta name=\"twitter:label1\" content=\"Gesch\u00e4tzte Lesezeit\" \/>\n\t<meta name=\"twitter:data1\" content=\"5\u00a0Minuten\" \/>\n<script type=\"application\/ld+json\" class=\"yoast-schema-graph\">{\"@context\":\"https:\/\/schema.org\",\"@graph\":[{\"@type\":\"WebPage\",\"@id\":\"https:\/\/divasbcn.com\/de\/uns\/\",\"url\":\"https:\/\/divasbcn.com\/de\/uns\/\",\"name\":\"\u00dcber uns - Divas BCN\",\"isPartOf\":{\"@id\":\"https:\/\/divasbcn.com\/de\/#website\"},\"datePublished\":\"2024-02-21T09:25:34+00:00\",\"dateModified\":\"2024-06-18T16:57:45+00:00\",\"description\":\"Willkommen bei Divas BCN; Luxus-Escort-Agentur mit Sitz in Barcelona. In unserer Agentur finden Sie ausschlie\u00dflich Escort Girls.\",\"breadcrumb\":{\"@id\":\"https:\/\/divasbcn.com\/de\/uns\/#breadcrumb\"},\"inLanguage\":\"de\",\"potentialAction\":[{\"@type\":\"ReadAction\",\"target\":[\"https:\/\/divasbcn.com\/de\/uns\/\"]}]},{\"@type\":\"BreadcrumbList\",\"@id\":\"https:\/\/divasbcn.com\/de\/uns\/#breadcrumb\",\"itemListElement\":[{\"@type\":\"ListItem\",\"position\":1,\"name\":\"Portada\",\"item\":\"https:\/\/divasbcn.com\/de\/\"},{\"@type\":\"ListItem\",\"position\":2,\"name\":\"Uns\"}]},{\"@type\":\"WebSite\",\"@id\":\"https:\/\/divasbcn.com\/de\/#website\",\"url\":\"https:\/\/divasbcn.com\/de\/\",\"name\":\"Divas BCN\",\"description\":\"Escorts de lujo Barcelona\",\"publisher\":{\"@id\":\"https:\/\/divasbcn.com\/de\/#organization\"},\"potentialAction\":[{\"@type\":\"SearchAction\",\"target\":{\"@type\":\"EntryPoint\",\"urlTemplate\":\"https:\/\/divasbcn.com\/de\/?s={search_term_string}\"},\"query-input\":{\"@type\":\"PropertyValueSpecification\",\"valueRequired\":true,\"valueName\":\"search_term_string\"}}],\"inLanguage\":\"de\"},{\"@type\":\"Organization\",\"@id\":\"https:\/\/divasbcn.com\/de\/#organization\",\"name\":\"Divas BCN\",\"url\":\"https:\/\/divasbcn.com\/de\/\",\"logo\":{\"@type\":\"ImageObject\",\"inLanguage\":\"de\",\"@id\":\"https:\/\/divasbcn.com\/de\/#\/schema\/logo\/image\/\",\"url\":\"https:\/\/divasbcn.com\/wp-content\/uploads\/2021\/12\/Logotipo-Divas-BCN-2.png\",\"contentUrl\":\"https:\/\/divasbcn.com\/wp-content\/uploads\/2021\/12\/Logotipo-Divas-BCN-2.png\",\"width\":416,\"height\":371,\"caption\":\"Divas BCN\"},\"image\":{\"@id\":\"https:\/\/divasbcn.com\/de\/#\/schema\/logo\/image\/\"}}]}<\/script>\n<!-- \/ Yoast SEO plugin. -->","yoast_head_json":{"title":"\u00dcber uns - Divas BCN","description":"Willkommen bei Divas BCN; Luxus-Escort-Agentur mit Sitz in Barcelona. In unserer Agentur finden Sie ausschlie\u00dflich Escort Girls.","robots":{"index":"index","follow":"follow","max-snippet":"max-snippet:-1","max-image-preview":"max-image-preview:large","max-video-preview":"max-video-preview:-1"},"canonical":"https:\/\/divasbcn.com\/de\/uns\/","og_locale":"de_DE","og_type":"article","og_title":"\u00dcber uns - Divas BCN","og_description":"Willkommen bei Divas BCN; Luxus-Escort-Agentur mit Sitz in Barcelona. In unserer Agentur finden Sie ausschlie\u00dflich Escort Girls.","og_url":"https:\/\/divasbcn.com\/de\/uns\/","og_site_name":"Divas BCN","article_modified_time":"2024-06-18T16:57:45+00:00","twitter_card":"summary_large_image","twitter_misc":{"Gesch\u00e4tzte Lesezeit":"5\u00a0Minuten"},"schema":{"@context":"https:\/\/schema.org","@graph":[{"@type":"WebPage","@id":"https:\/\/divasbcn.com\/de\/uns\/","url":"https:\/\/divasbcn.com\/de\/uns\/","name":"\u00dcber uns - Divas BCN","isPartOf":{"@id":"https:\/\/divasbcn.com\/de\/#website"},"datePublished":"2024-02-21T09:25:34+00:00","dateModified":"2024-06-18T16:57:45+00:00","description":"Willkommen bei Divas BCN; Luxus-Escort-Agentur mit Sitz in Barcelona. In unserer Agentur finden Sie ausschlie\u00dflich Escort Girls.","breadcrumb":{"@id":"https:\/\/divasbcn.com\/de\/uns\/#breadcrumb"},"inLanguage":"de","potentialAction":[{"@type":"ReadAction","target":["https:\/\/divasbcn.com\/de\/uns\/"]}]},{"@type":"BreadcrumbList","@id":"https:\/\/divasbcn.com\/de\/uns\/#breadcrumb","itemListElement":[{"@type":"ListItem","position":1,"name":"Portada","item":"https:\/\/divasbcn.com\/de\/"},{"@type":"ListItem","position":2,"name":"Uns"}]},{"@type":"WebSite","@id":"https:\/\/divasbcn.com\/de\/#website","url":"https:\/\/divasbcn.com\/de\/","name":"Divas BCN","description":"Escorts de lujo Barcelona","publisher":{"@id":"https:\/\/divasbcn.com\/de\/#organization"},"potentialAction":[{"@type":"SearchAction","target":{"@type":"EntryPoint","urlTemplate":"https:\/\/divasbcn.com\/de\/?s={search_term_string}"},"query-input":{"@type":"PropertyValueSpecification","valueRequired":true,"valueName":"search_term_string"}}],"inLanguage":"de"},{"@type":"Organization","@id":"https:\/\/divasbcn.com\/de\/#organization","name":"Divas BCN","url":"https:\/\/divasbcn.com\/de\/","logo":{"@type":"ImageObject","inLanguage":"de","@id":"https:\/\/divasbcn.com\/de\/#\/schema\/logo\/image\/","url":"https:\/\/divasbcn.com\/wp-content\/uploads\/2021\/12\/Logotipo-Divas-BCN-2.png","contentUrl":"https:\/\/divasbcn.com\/wp-content\/uploads\/2021\/12\/Logotipo-Divas-BCN-2.png","width":416,"height":371,"caption":"Divas BCN"},"image":{"@id":"https:\/\/divasbcn.com\/de\/#\/schema\/logo\/image\/"}}]}},"_links":{"self":[{"href":"https:\/\/divasbcn.com\/de\/wp-json\/wp\/v2\/pages\/2334","targetHints":{"allow":["GET"]}}],"collection":[{"href":"https:\/\/divasbcn.com\/de\/wp-json\/wp\/v2\/pages"}],"about":[{"href":"https:\/\/divasbcn.com\/de\/wp-json\/wp\/v2\/types\/page"}],"author":[{"embeddable":true,"href":"https:\/\/divasbcn.com\/de\/wp-json\/wp\/v2\/users\/1"}],"replies":[{"embeddable":true,"href":"https:\/\/divasbcn.com\/de\/wp-json\/wp\/v2\/comments?post=2334"}],"version-history":[{"count":0,"href":"https:\/\/divasbcn.com\/de\/wp-json\/wp\/v2\/pages\/2334\/revisions"}],"wp:attachment":[{"href":"https:\/\/divasbcn.com\/de\/wp-json\/wp\/v2\/media?parent=2334"}],"curies":[{"name":"wp","href":"https:\/\/api.w.org\/{rel}","templated":true}]}}