{"id":2319,"date":"2024-02-21T09:24:38","date_gmt":"2024-02-21T09:24:38","guid":{"rendered":"https:\/\/divasbcn.com\/giessen\/"},"modified":"2024-06-18T16:58:08","modified_gmt":"2024-06-18T16:58:08","slug":"casting","status":"publish","type":"page","link":"https:\/\/divasbcn.com\/de\/casting\/","title":{"rendered":"Casting"},"content":{"rendered":"<section class=\"l-section wpb_row height_medium color_footer-bottom with_img parallax_ver with_shape\"><div class=\"l-section-img lazyload\" role=\"img\" data-img-width=\"950\" data-img-height=\"633\" style=\"background-image:inherit;\" data-bg-image=\"url(https:\/\/divasbcn.com\/wp-content\/uploads\/2021\/11\/11-scaled.jpeg)\"><\/div><div class=\"l-section-overlay\" style=\"background:rgba(26,26,26,0.65)\"><\/div><div class=\"l-section-shape type_triangle pos_bottom\" style=\"height:15vmin;\"><svg xmlns=\"http:\/\/www.w3.org\/2000\/svg\" viewBox=\"0 0 64 8\" preserveAspectRatio=\"none\" width=\"100%\" height=\"100%\">\r\n\t<path fill=\"currentColor\" d=\"M64 8 L0 8 L0 0 L32 7.9 L64 0 Z\"\/>\r\n<\/svg><\/div><div class=\"l-section-h i-cf\"><div class=\"g-cols vc_row via_grid cols_1 laptops-cols_inherit tablets-cols_inherit mobiles-cols_1 valign_top type_default stacking_default\"><div class=\"wpb_column vc_column_container\"><div class=\"vc_column-inner\"><div class=\"w-separator size_custom\" style=\"height:150px\" id=\"p0ea\"><style><\/style><\/div><div class=\"wpb_text_column us_custom_e2aee182\"><div class=\"wpb_wrapper\"><h1 style=\"text-align: center;\">Arbeiten als Escort <strong>Barcelona<\/strong><\/h1>\n<\/div><\/div><div class=\"w-separator size_custom\" style=\"height:150px\" id=\"x445\"><style><\/style><\/div><\/div><\/div><\/div><\/div><\/section><section class=\"l-section wpb_row height_large\"><div class=\"l-section-h i-cf\"><div class=\"g-cols vc_row via_grid cols_1 laptops-cols_inherit tablets-cols_inherit mobiles-cols_1 valign_top type_default stacking_default\"><div class=\"wpb_column vc_column_container\"><div class=\"vc_column-inner\"><div class=\"wpb_text_column us_custom_77f343dd\"><div class=\"wpb_wrapper\"><p style=\"text-align: center;\"><strong>Ist Teil von Divas BCN<br \/>\n<\/strong><\/p>\n<\/div><\/div><div class=\"w-separator size_custom\" style=\"height:50px\" id=\"ab3c\"><style><\/style><\/div><div class=\"w-separator size_custom\" style=\"height:50px\" id=\"nbec\"><style><\/style><\/div><div class=\"g-cols wpb_row via_grid cols_3 laptops-cols_inherit tablets-cols_inherit mobiles-cols_1 valign_top type_default stacking_default\" style=\"--columns-gap:3rem;\"><div class=\"wpb_column vc_column_container\"><div class=\"vc_column-inner\"><div class=\"w-iconbox us_custom_67a1de59 iconpos_top style_circle color_primary align_center no_text\"><div class=\"w-iconbox-icon\" style=\"font-size:1.7rem;\"><i class=\"fas fa-euro-sign\"><\/i><\/div><div class=\"w-iconbox-meta\"><span class=\"w-iconbox-title\">Steigern Sie Ihr Einkommen<\/span><\/div><\/div><\/div><\/div><div class=\"wpb_column vc_column_container\"><div class=\"vc_column-inner\"><div class=\"w-iconbox us_custom_67a1de59 iconpos_top style_circle color_primary align_center no_text\"><div class=\"w-iconbox-icon\" style=\"font-size:1.7rem;\"><i class=\"fas fa-star\"><\/i><\/div><div class=\"w-iconbox-meta\"><span class=\"w-iconbox-title\">Luxuri\u00f6se Erlebnisse<\/span><\/div><\/div><\/div><\/div><div class=\"wpb_column vc_column_container\"><div class=\"vc_column-inner\"><div class=\"w-iconbox us_custom_67a1de59 iconpos_top style_circle color_primary align_center no_text\"><div class=\"w-iconbox-icon\" style=\"font-size:1.7rem;\"><i class=\"fas fa-lock\"><\/i><\/div><div class=\"w-iconbox-meta\"><span class=\"w-iconbox-title\">Datenschutz<\/span><\/div><\/div><\/div><\/div><\/div><div class=\"w-separator size_custom\" style=\"height:50px\" id=\"g5d4\"><style><\/style><\/div><div class=\"w-separator size_custom\" style=\"height:50px\" id=\"y680\"><style><\/style><\/div><div class=\"wpb_text_column\"><div class=\"wpb_wrapper\"><p style=\"text-align: center;\">Wenn Sie in unsere exklusive Escort-Agentur aufgenommen werden m\u00f6chten, f\u00fcllen Sie bitte das folgende Formular aus.<br \/>\nWir werden uns mit Ihnen in Verbindung setzen und Ihnen mitteilen, ob Sie die Voraussetzungen erf\u00fcllen, um auf unserer Website zu erscheinen.<\/p>\n<p style=\"text-align: center;\"><strong>Alle \u00fcbermittelten Daten werden absolut vertraulich behandelt und unterliegen dem Datenschutz.<\/strong><\/p>\n<p style=\"text-align: center;\">Wenn Sie ein attraktives, stilvolles M\u00e4dchen sind und unsere Anforderungen erf\u00fcllen, nehmen Sie bitte Kontakt mit uns auf, um am Auswahlverfahren teilzunehmen.<\/p>\n<p style=\"text-align: center;\"><strong>Unsere Anforderungen sind:<\/strong><\/p>\n<p style=\"text-align: center;\">Sie sind oder waren ein Model\/Hostess.<br \/>\nSie sollten zwischen 18 und 35 Jahre alt, kultiviert, sch\u00f6n und elegant sein.<br \/>\nDie Dienstleistung eines Escort-Girls in freier Form zu erbringen.<\/p>\n<h2 style=\"text-align: center;\"><strong>M\u00f6chten Sie als Luxus-Escort Barcelona arbeiten?<\/strong><\/h2>\n<p style=\"text-align: center;\">W\u00fcrden Sie gerne als Luxus-Escort arbeiten?<br \/>\nIn unserer Agentur Divas BCN sind wir auf der Suche nach attraktiven und sch\u00f6nen, ausgew\u00e4hlten, sinnlichen und diskreten M\u00e4dchen.<br \/>\nDivas BCN wird alle Ihre Termine mit Professionalit\u00e4t, Sicherheit und unter den besten Bedingungen zu verwalten.<\/p>\n<p style=\"text-align: center;\">Sie m\u00fcssen zur Verf\u00fcgung stehen, um Begleitservice f\u00fcr Veranstaltungen und Gesch\u00e4fts- und Vergn\u00fcgungsreisen, f\u00fcr M\u00e4nner, Frauen und hochrangige Paare, immer in der \u00e4u\u00dfersten Privatsph\u00e4re zu bieten.<br \/>\nDivas BCN bietet Ihnen ein H\u00f6chstma\u00df an Diskretion, so dass Sie Ihr Privatleben mit einem luxuri\u00f6sen Begleitservice verbinden k\u00f6nnen.<\/p>\n<p style=\"text-align: center;\">Der Schutz der Privatsph\u00e4re und die Vertraulichkeit unserer Kunden und Modelle ist unsere Pr\u00e4misse.<br \/>\nDie Informationen, Fotos und pers\u00f6nlichen Daten, die Sie uns \u00fcbermitteln, werden absolut vertraulich behandelt.<br \/>\nWenn Sie nicht ausgew\u00e4hlt werden, werden Ihre Daten sofort gel\u00f6scht.<\/p>\n<p style=\"text-align: center;\">Die Arbeit als Escort-Girl bietet Ihnen die M\u00f6glichkeit, neue Erfahrungen zu sammeln und ein zus\u00e4tzliches Einkommen zu erzielen.<br \/>\nSind Sie das, wonach wir suchen?<br \/>\nNimm an unserem Casting teil!<\/p>\n<h3 style=\"text-align: center;\"><strong>Was bieten wir unseren High-Class-Escort-Girls?<\/strong><\/h3>\n<p style=\"text-align: center;\">Datenschutz, Sicherheit, Anonymit\u00e4t und Professionalit\u00e4t.<br \/>\nEin hohes monatliches Zusatzeinkommen, das Ihnen eine gro\u00dfe finanzielle Stabilit\u00e4t f\u00fcr Ihre Launen\/Ausgaben bietet.<br \/>\nWir bieten gro\u00dfe Flexibilit\u00e4t in Ihrem Zeitplan, wir passen uns Ihren Bed\u00fcrfnissen an, privat oder beruflich.<br \/>\nWenn Sie auf der Suche nach einer Escort-Stelle in Barcelona sind, k\u00f6nnen Sie die Freiheit, die eine renommierte Agentur Ihnen bietet, ausprobieren.<br \/>\nUnsere Agentur konzentriert sich auf hochrangige, ausgew\u00e4hlte, gebildete und respektvolle Kunden.<br \/>\nDieser Punkt bietet Ihnen absolute Sicherheit und Vertrauen w\u00e4hrend all Ihrer Termine.<\/p>\n<h3 style=\"text-align: center;\"><strong>Arbeitsbedingungen als Escort in Barcelona<\/strong><\/h3>\n<p style=\"text-align: center;\">Sie m\u00fcssen \u00fcber 18 Jahre alt sein.<br \/>\nDu solltest wissen, wie man sich in allen m\u00f6glichen Situationen und bei allen Veranstaltungen verh\u00e4lt, h\u00f6flich sein und Interesse an allen deinen Aktivit\u00e4ten zeigen.<br \/>\nErfahrung mit intimen Momenten ist ein Muss.<br \/>\nW\u00e4hlen Sie Ihre besten Fotos aus, auf denen wir Ihre Sch\u00f6nheit erkennen k\u00f6nnen. Denken Sie daran, dass es sich um 100 % echte und unretuschierte Fotos handeln muss.<br \/>\nDie Pl\u00e4tze sind begrenzt.<\/p>\n<p style=\"text-align: center;\">Wenn Sie eine dieser Bedingungen erf\u00fcllen, k\u00f6nnen Sie uns <a href=\"tel:+34665113659\">anrufen<\/a>, eine <a href=\"https:\/\/wa.me\/+34665113659?text=Hallo+DivasBcn,+ich+m\u00f6chte+Informationen+\u00fcber+Escortarbeit\">WhatsApp<\/a> an <span class=\"w-text-value\">+34 665 113 659 <\/span>schicken <span class=\"w-text-value\"> oder <\/span>das folgende Kontaktformular ausf\u00fcllen. Wir werden uns so schnell wie m\u00f6glich bei Ihnen melden.<\/p>\n<\/div><\/div><div class=\"w-separator size_custom\" style=\"height:50px\" id=\"o9a0\"><style><\/style><\/div><div class=\"w-separator size_custom with_line width_50 thick_1 style_solid color_text align_center\" style=\"height:50px\" id=\"ra51\"><style><\/style><div class=\"w-separator-h\"><\/div><\/div><div class=\"w-separator size_custom\" style=\"height:50px\" id=\"taf4\"><style><\/style><\/div><div class=\"g-cols wpb_row via_grid cols_1-2-1 laptops-cols_inherit tablets-cols_inherit mobiles-cols_1 valign_top type_default stacking_default\" style=\"--columns-gap:3rem;\"><div class=\"wpb_column vc_column_container\"><div class=\"vc_column-inner\"><\/div><\/div><div class=\"wpb_column vc_column_container\"><div class=\"vc_column-inner\">\n<div class=\"wpcf7 no-js\" id=\"wpcf7-f2546-o1\" lang=\"es-ES\" dir=\"ltr\" data-wpcf7-id=\"2546\">\n<div class=\"screen-reader-response\"><p role=\"status\" aria-live=\"polite\" aria-atomic=\"true\"><\/p> <ul><\/ul><\/div>\n<form action=\"\/de\/wp-json\/wp\/v2\/pages\/2319#wpcf7-f2546-o1\" method=\"post\" class=\"wpcf7-form init\" aria-label=\"Formulario de contacto\" enctype=\"multipart\/form-data\" novalidate=\"novalidate\" data-status=\"init\">\n<div style=\"display: none;\">\n<input type=\"hidden\" name=\"_wpcf7\" value=\"2546\" \/>\n<input type=\"hidden\" name=\"_wpcf7_version\" value=\"6.0.6\" \/>\n<input type=\"hidden\" name=\"_wpcf7_locale\" value=\"es_ES\" \/>\n<input type=\"hidden\" name=\"_wpcf7_unit_tag\" value=\"wpcf7-f2546-o1\" \/>\n<input type=\"hidden\" name=\"_wpcf7_container_post\" value=\"0\" \/>\n<input type=\"hidden\" name=\"_wpcf7_posted_data_hash\" value=\"\" \/>\n<input type=\"hidden\" name=\"_wpcf7_recaptcha_response\" value=\"\" \/>\n<\/div>\n<p><label> Name (erforderlich)<br \/>\n<span class=\"wpcf7-form-control-wrap\" data-name=\"your-name\"><input size=\"40\" maxlength=\"400\" class=\"wpcf7-form-control wpcf7-text wpcf7-validates-as-required\" aria-required=\"true\" aria-invalid=\"false\" value=\"\" type=\"text\" name=\"your-name\" \/><\/span> <\/label>\n<\/p>\n<p><label> Telefonnummer (erforderlich)<br \/>\n<span class=\"wpcf7-form-control-wrap\" data-name=\"tel-377\"><input size=\"40\" maxlength=\"400\" class=\"wpcf7-form-control wpcf7-tel wpcf7-text wpcf7-validates-as-tel\" aria-invalid=\"false\" value=\"\" type=\"tel\" name=\"tel-377\" \/><\/span> <\/label>\n<\/p>\n<p><label> Email (erforderlich)<br \/>\n<span class=\"wpcf7-form-control-wrap\" data-name=\"your-email\"><input size=\"40\" maxlength=\"400\" class=\"wpcf7-form-control wpcf7-email wpcf7-validates-as-required wpcf7-text wpcf7-validates-as-email\" aria-required=\"true\" aria-invalid=\"false\" value=\"\" type=\"email\" name=\"your-email\" \/><\/span> <\/label>\n<\/p>\n<p><label> Aff\u00e4re<br \/>\n<span class=\"wpcf7-form-control-wrap\" data-name=\"your-subject\"><input size=\"40\" maxlength=\"400\" class=\"wpcf7-form-control wpcf7-text\" aria-invalid=\"false\" value=\"\" type=\"text\" name=\"your-subject\" \/><\/span> <\/label>\n<\/p>\n<p><label> Nachricht<br \/>\n<span class=\"wpcf7-form-control-wrap\" data-name=\"your-message\"><textarea cols=\"40\" rows=\"10\" maxlength=\"2000\" class=\"wpcf7-form-control wpcf7-textarea\" aria-invalid=\"false\" name=\"your-message\"><\/textarea><\/span> <\/label>\n<\/p>\n<p>Gesichtsfoto (erforderlich) <span class=\"wpcf7-form-control-wrap\" data-name=\"file-599\"><input size=\"40\" class=\"wpcf7-form-control wpcf7-file wpcf7-validates-as-required\" accept=\"audio\/*,video\/*,image\/*\" aria-required=\"true\" aria-invalid=\"false\" type=\"file\" name=\"file-599\" \/><\/span><br \/>\nK\u00f6rperfoto (erforderlich) <span class=\"wpcf7-form-control-wrap\" data-name=\"file-600\"><input size=\"40\" class=\"wpcf7-form-control wpcf7-file wpcf7-validates-as-required\" accept=\"audio\/*,video\/*,image\/*\" aria-required=\"true\" aria-invalid=\"false\" type=\"file\" name=\"file-600\" \/><\/span><br \/>\nK\u00f6rperfoto (erforderlich) <span class=\"wpcf7-form-control-wrap\" data-name=\"file-601\"><input size=\"40\" class=\"wpcf7-form-control wpcf7-file wpcf7-validates-as-required\" accept=\"audio\/*,video\/*,image\/*\" aria-required=\"true\" aria-invalid=\"false\" type=\"file\" name=\"file-601\" \/><\/span>\n<\/p>\n<p><input class=\"wpcf7-form-control wpcf7-submit has-spinner\" type=\"submit\" value=\"Schicken\" \/>\n<\/p>\n<p>This site is protected by reCAPTCHA Enterprise and the Google <a href=\"https:\/\/policies.google.com\/privacy\" rel=\"nofollow\" rel=\"noopener\">Privacy Policy<\/a> and <a href=\"https:\/\/policies.google.com\/terms\" rel=\"noopener\" rel=\"nofollow\">Terms of Service<\/a> apply.\n<\/p><div class=\"wpcf7-response-output\" aria-hidden=\"true\"><\/div>\n<\/form>\n<\/div>\n<\/div><\/div><div class=\"wpb_column vc_column_container\"><div class=\"vc_column-inner\"><\/div><\/div><\/div><div class=\"w-separator size_custom\" style=\"height:50px\" id=\"d22d\"><style><\/style><\/div><\/div><\/div><\/div><\/div><\/section>\n","protected":false},"excerpt":{"rendered":"Arbeiten als Escort Barcelona Ist Teil von Divas BCN Steigern Sie Ihr EinkommenLuxuri\u00f6se ErlebnisseDatenschutzWenn Sie in unsere exklusive Escort-Agentur aufgenommen werden m\u00f6chten, f\u00fcllen Sie bitte das folgende Formular aus. Wir werden uns mit Ihnen in Verbindung setzen und Ihnen mitteilen, ob Sie die Voraussetzungen erf\u00fcllen, um auf unserer Website zu erscheinen. Alle \u00fcbermittelten Daten werden...","protected":false},"author":1,"featured_media":0,"parent":0,"menu_order":0,"comment_status":"closed","ping_status":"closed","template":"","meta":{"_joinchat":{"message_text":"Willkommen bei Divas BCN.\nWie k\u00f6nnen wir Ihnen helfen?","message_send":"Hallo Casting, ich bin auf der Suche nach einem Escortjob"},"footnotes":""},"class_list":["post-2319","page","type-page","status-publish","hentry"],"yoast_head":"<!-- This site is optimized with the Yoast SEO plugin v25.3.1 - https:\/\/yoast.com\/wordpress\/plugins\/seo\/ -->\n<title>Escort-Job in Barcelona, Arbeit als Luxus-Escort - Divas BCN<\/title>\n<meta name=\"description\" content=\"Sie suchen einen Job als Luxus-Escort in Barcelona? Arbeiten Sie in unserer Begleitagentur DivasBCN. Melden Sie sich f\u00fcr unser M\u00e4dchen-Casting an.\" \/>\n<meta name=\"robots\" content=\"index, follow, max-snippet:-1, max-image-preview:large, max-video-preview:-1\" \/>\n<link rel=\"canonical\" href=\"https:\/\/divasbcn.com\/de\/casting\/\" \/>\n<meta property=\"og:locale\" content=\"de_DE\" \/>\n<meta property=\"og:type\" content=\"article\" \/>\n<meta property=\"og:title\" content=\"Escort-Job in Barcelona, Arbeit als Luxus-Escort - Divas BCN\" \/>\n<meta property=\"og:description\" content=\"Sie suchen einen Job als Luxus-Escort in Barcelona? Arbeiten Sie in unserer Begleitagentur DivasBCN. Melden Sie sich f\u00fcr unser M\u00e4dchen-Casting an.\" \/>\n<meta property=\"og:url\" content=\"https:\/\/divasbcn.com\/de\/casting\/\" \/>\n<meta property=\"og:site_name\" content=\"Divas BCN\" \/>\n<meta property=\"article:modified_time\" content=\"2024-06-18T16:58:08+00:00\" \/>\n<meta name=\"twitter:card\" content=\"summary_large_image\" \/>\n<meta name=\"twitter:label1\" content=\"Gesch\u00e4tzte Lesezeit\" \/>\n\t<meta name=\"twitter:data1\" content=\"5\u00a0Minuten\" \/>\n<script type=\"application\/ld+json\" class=\"yoast-schema-graph\">{\"@context\":\"https:\/\/schema.org\",\"@graph\":[{\"@type\":\"WebPage\",\"@id\":\"https:\/\/divasbcn.com\/de\/casting\/\",\"url\":\"https:\/\/divasbcn.com\/de\/casting\/\",\"name\":\"Escort-Job in Barcelona, Arbeit als Luxus-Escort - Divas BCN\",\"isPartOf\":{\"@id\":\"https:\/\/divasbcn.com\/de\/#website\"},\"datePublished\":\"2024-02-21T09:24:38+00:00\",\"dateModified\":\"2024-06-18T16:58:08+00:00\",\"description\":\"Sie suchen einen Job als Luxus-Escort in Barcelona? Arbeiten Sie in unserer Begleitagentur DivasBCN. Melden Sie sich f\u00fcr unser M\u00e4dchen-Casting an.\",\"breadcrumb\":{\"@id\":\"https:\/\/divasbcn.com\/de\/casting\/#breadcrumb\"},\"inLanguage\":\"de\",\"potentialAction\":[{\"@type\":\"ReadAction\",\"target\":[\"https:\/\/divasbcn.com\/de\/casting\/\"]}]},{\"@type\":\"BreadcrumbList\",\"@id\":\"https:\/\/divasbcn.com\/de\/casting\/#breadcrumb\",\"itemListElement\":[{\"@type\":\"ListItem\",\"position\":1,\"name\":\"Portada\",\"item\":\"https:\/\/divasbcn.com\/de\/\"},{\"@type\":\"ListItem\",\"position\":2,\"name\":\"Casting\"}]},{\"@type\":\"WebSite\",\"@id\":\"https:\/\/divasbcn.com\/de\/#website\",\"url\":\"https:\/\/divasbcn.com\/de\/\",\"name\":\"Divas BCN\",\"description\":\"Escorts de lujo Barcelona\",\"publisher\":{\"@id\":\"https:\/\/divasbcn.com\/de\/#organization\"},\"potentialAction\":[{\"@type\":\"SearchAction\",\"target\":{\"@type\":\"EntryPoint\",\"urlTemplate\":\"https:\/\/divasbcn.com\/de\/?s={search_term_string}\"},\"query-input\":{\"@type\":\"PropertyValueSpecification\",\"valueRequired\":true,\"valueName\":\"search_term_string\"}}],\"inLanguage\":\"de\"},{\"@type\":\"Organization\",\"@id\":\"https:\/\/divasbcn.com\/de\/#organization\",\"name\":\"Divas BCN\",\"url\":\"https:\/\/divasbcn.com\/de\/\",\"logo\":{\"@type\":\"ImageObject\",\"inLanguage\":\"de\",\"@id\":\"https:\/\/divasbcn.com\/de\/#\/schema\/logo\/image\/\",\"url\":\"https:\/\/divasbcn.com\/wp-content\/uploads\/2021\/12\/Logotipo-Divas-BCN-2.png\",\"contentUrl\":\"https:\/\/divasbcn.com\/wp-content\/uploads\/2021\/12\/Logotipo-Divas-BCN-2.png\",\"width\":416,\"height\":371,\"caption\":\"Divas BCN\"},\"image\":{\"@id\":\"https:\/\/divasbcn.com\/de\/#\/schema\/logo\/image\/\"}}]}<\/script>\n<!-- \/ Yoast SEO plugin. -->","yoast_head_json":{"title":"Escort-Job in Barcelona, Arbeit als Luxus-Escort - Divas BCN","description":"Sie suchen einen Job als Luxus-Escort in Barcelona? Arbeiten Sie in unserer Begleitagentur DivasBCN. Melden Sie sich f\u00fcr unser M\u00e4dchen-Casting an.","robots":{"index":"index","follow":"follow","max-snippet":"max-snippet:-1","max-image-preview":"max-image-preview:large","max-video-preview":"max-video-preview:-1"},"canonical":"https:\/\/divasbcn.com\/de\/casting\/","og_locale":"de_DE","og_type":"article","og_title":"Escort-Job in Barcelona, Arbeit als Luxus-Escort - Divas BCN","og_description":"Sie suchen einen Job als Luxus-Escort in Barcelona? Arbeiten Sie in unserer Begleitagentur DivasBCN. Melden Sie sich f\u00fcr unser M\u00e4dchen-Casting an.","og_url":"https:\/\/divasbcn.com\/de\/casting\/","og_site_name":"Divas BCN","article_modified_time":"2024-06-18T16:58:08+00:00","twitter_card":"summary_large_image","twitter_misc":{"Gesch\u00e4tzte Lesezeit":"5\u00a0Minuten"},"schema":{"@context":"https:\/\/schema.org","@graph":[{"@type":"WebPage","@id":"https:\/\/divasbcn.com\/de\/casting\/","url":"https:\/\/divasbcn.com\/de\/casting\/","name":"Escort-Job in Barcelona, Arbeit als Luxus-Escort - Divas BCN","isPartOf":{"@id":"https:\/\/divasbcn.com\/de\/#website"},"datePublished":"2024-02-21T09:24:38+00:00","dateModified":"2024-06-18T16:58:08+00:00","description":"Sie suchen einen Job als Luxus-Escort in Barcelona? Arbeiten Sie in unserer Begleitagentur DivasBCN. Melden Sie sich f\u00fcr unser M\u00e4dchen-Casting an.","breadcrumb":{"@id":"https:\/\/divasbcn.com\/de\/casting\/#breadcrumb"},"inLanguage":"de","potentialAction":[{"@type":"ReadAction","target":["https:\/\/divasbcn.com\/de\/casting\/"]}]},{"@type":"BreadcrumbList","@id":"https:\/\/divasbcn.com\/de\/casting\/#breadcrumb","itemListElement":[{"@type":"ListItem","position":1,"name":"Portada","item":"https:\/\/divasbcn.com\/de\/"},{"@type":"ListItem","position":2,"name":"Casting"}]},{"@type":"WebSite","@id":"https:\/\/divasbcn.com\/de\/#website","url":"https:\/\/divasbcn.com\/de\/","name":"Divas BCN","description":"Escorts de lujo Barcelona","publisher":{"@id":"https:\/\/divasbcn.com\/de\/#organization"},"potentialAction":[{"@type":"SearchAction","target":{"@type":"EntryPoint","urlTemplate":"https:\/\/divasbcn.com\/de\/?s={search_term_string}"},"query-input":{"@type":"PropertyValueSpecification","valueRequired":true,"valueName":"search_term_string"}}],"inLanguage":"de"},{"@type":"Organization","@id":"https:\/\/divasbcn.com\/de\/#organization","name":"Divas BCN","url":"https:\/\/divasbcn.com\/de\/","logo":{"@type":"ImageObject","inLanguage":"de","@id":"https:\/\/divasbcn.com\/de\/#\/schema\/logo\/image\/","url":"https:\/\/divasbcn.com\/wp-content\/uploads\/2021\/12\/Logotipo-Divas-BCN-2.png","contentUrl":"https:\/\/divasbcn.com\/wp-content\/uploads\/2021\/12\/Logotipo-Divas-BCN-2.png","width":416,"height":371,"caption":"Divas BCN"},"image":{"@id":"https:\/\/divasbcn.com\/de\/#\/schema\/logo\/image\/"}}]}},"_links":{"self":[{"href":"https:\/\/divasbcn.com\/de\/wp-json\/wp\/v2\/pages\/2319","targetHints":{"allow":["GET"]}}],"collection":[{"href":"https:\/\/divasbcn.com\/de\/wp-json\/wp\/v2\/pages"}],"about":[{"href":"https:\/\/divasbcn.com\/de\/wp-json\/wp\/v2\/types\/page"}],"author":[{"embeddable":true,"href":"https:\/\/divasbcn.com\/de\/wp-json\/wp\/v2\/users\/1"}],"replies":[{"embeddable":true,"href":"https:\/\/divasbcn.com\/de\/wp-json\/wp\/v2\/comments?post=2319"}],"version-history":[{"count":0,"href":"https:\/\/divasbcn.com\/de\/wp-json\/wp\/v2\/pages\/2319\/revisions"}],"wp:attachment":[{"href":"https:\/\/divasbcn.com\/de\/wp-json\/wp\/v2\/media?parent=2319"}],"curies":[{"name":"wp","href":"https:\/\/api.w.org\/{rel}","templated":true}]}}